{"id":172,"date":"2023-04-11T17:53:01","date_gmt":"2023-04-11T15:53:01","guid":{"rendered":"https:\/\/ambalgeri.esteri.it\/chi-siamo\/lambasciatore\/"},"modified":"2024-01-25T17:14:56","modified_gmt":"2024-01-25T16:14:56","slug":"lambasciatore","status":"publish","type":"page","link":"https:\/\/ambalgeri.esteri.it\/fr\/chi-siamo\/lambasciatore\/","title":{"rendered":"L\u2019Ambassadeur"},"content":{"rendered":"<p><img loading=\"lazy\" decoding=\"async\" class=\"alignnone size-medium wp-image-1443 img-fluid\" src=\"https:\/\/ambalgeri.esteri.it\/wp-content\/uploads\/2024\/01\/Amb.Cutillo-300x272.jpg\" alt=\"\" width=\"300\" height=\"272\" srcset=\"https:\/\/ambalgeri.esteri.it\/wp-content\/uploads\/2024\/01\/Amb.Cutillo-300x272.jpg 300w, https:\/\/ambalgeri.esteri.it\/wp-content\/uploads\/2024\/01\/Amb.Cutillo.jpg 741w\" sizes=\"auto, (max-width: 300px) 100vw, 300px\" \/><\/p>\n<p><strong>Alberto Cutillo<\/strong><strong>, Ambassadeur d\u2019Italie en Alg\u00e9rie<\/strong><\/p>\n<p>N\u00e9 \u00e0 Naples le 12 mai 1962.<\/p>\n<p>Il a fr\u00e9quent\u00e9 l&#8217;Universit\u00e9 de Naples et a obtenu son dipl\u00f4me en \u00e9conomie et commerce en 1984.<\/p>\n<p>Il rejoint la carri\u00e8re diplomatique en 1986 et d\u00e9bute son parcours professionnel \u00e0 la Farnesina, \u00e0 la Direction G\u00e9n\u00e9rale du Personnel.<\/p>\n<p>En 1989, il s&#8217;installe en France pour exercer les fonctions de Consul au Consulat de Bordeaux.<\/p>\n<p>En 1991, il a \u00e9t\u00e9 affect\u00e9, comme premier secr\u00e9taire commercial, \u00e0 l&#8217;ambassade de Riyad o\u00f9 il est rest\u00e9 jusqu&#8217;en 1995, ann\u00e9e au cours de laquelle il est retourn\u00e9 \u00e0 la Farnesina au Secr\u00e9tariat g\u00e9n\u00e9ral.<\/p>\n<p>Depuis 1997, il travaille \u00e0 la Direction g\u00e9n\u00e9rale des relations culturelles et en mai 1999, il a \u00e9t\u00e9 nomm\u00e9 conseiller diplomatique de l&#8217;hon. Ministre du Patrimoine et des Activit\u00e9s culturelles.<\/p>\n<p>En 2000, il assume les fonctions de conseiller aupr\u00e8s de la Repr\u00e9sentation permanente aupr\u00e8s des organisations internationales \u00e0 Gen\u00e8ve, o\u00f9 il s&#8217;occupe des questions humanitaires et migratoires.<\/p>\n<p>En 2005, il a travaill\u00e9 au bureau de New York de l&#8217;OIM (Organisation internationale pour les migrations).<\/p>\n<p>En 2007, il revient \u00e0 Rome \u00e0 la pr\u00e9sidence du Conseil des ministres en tant que conseiller diplomatique du ministre de la Politique de jeunesse et des activit\u00e9s sportives.<\/p>\n<p>En 2008, il retourne \u00e0 la Farnesina, \u00e0 la Direction g\u00e9n\u00e9rale de l&#8217;int\u00e9gration europ\u00e9enne, en tant que responsable de la n\u00e9gociation des textes l\u00e9gislatifs et coordinateur de l&#8217;\u00e9quipe de n\u00e9gociation italienne pour le cadre financier pluriannuel de l&#8217;UE.<\/p>\n<p>Gr\u00e2ce \u00e0 sa grande exp\u00e9rience et sa connaissance des questions europ\u00e9ennes, il a \u00e9t\u00e9 nomm\u00e9 en 2013 pour coordonner l&#8217;\u00e9laboration du programme de la pr\u00e9sidence italienne du Conseil de l&#8217;Union europ\u00e9enne et ensuite, la m\u00eame ann\u00e9e, il a \u00e9t\u00e9 nomm\u00e9 directeur g\u00e9n\u00e9ral adjoint pour le Union europ\u00e9enne et directeur central pour l&#8217;int\u00e9gration europ\u00e9enne.<\/p>\n<p>En 2015, il a \u00e9t\u00e9 nomm\u00e9 ambassadeur d&#8217;Italie en Albanie.<\/p>\n<p>A la fin de son mandat en Albanie, il est nomm\u00e9 en 2020 directeur de l&#8217;Autorit\u00e9 nationale &#8211; UAMA (Unit\u00e9 d&#8217;autorisation des mat\u00e9riels d&#8217;armement) au Secr\u00e9tariat g\u00e9n\u00e9ral de la Farnesina.<\/p>\n<p>En janvier 2024, il assume le r\u00f4le d&#8217;ambassadeur d&#8217;Italie en Alg\u00e9rie.<\/p>\n<p>Il est l&#8217;auteur de plusieurs publications sur les enjeux politiques internationaux actuels, et notamment sur les op\u00e9rations de maintien de la paix et la gestion des conflits. Entre 2010 et 2013, il a donn\u00e9 un cours sur la th\u00e9orie et la pratique du maintien de la paix \u00e0 l&#8217;Universit\u00e9 LUISS de Rome, tandis qu&#8217;en 2012-2013, il a \u00e9t\u00e9 conseiller principal \u00e0 l&#8217;Institut international de la paix \u00e0 New York.<\/p>\n<p>Il est Commandeur de l&#8217;Ordre du M\u00e9rite de la R\u00e9publique italienne.<\/p>\n<p>L&#8217;Ambassadeur Cutillo est mari\u00e9 \u00e0 Natalia Quintavalle, actuellement Ambassadrice d&#8217;Italie \u00e0 Kaboul &#8211; dont le si\u00e8ge est temporairement situ\u00e9 \u00e0 Doha, au Qatar &#8211; et ensemble ils ont une fille.<\/p>\n<p>&nbsp;<\/p>\n<p>&nbsp;<\/p>\n<p>&nbsp;<\/p>\n<p>&nbsp;<\/p>\n<p>&nbsp;<\/p>\n<p>&nbsp;<\/p>\n","protected":false},"excerpt":{"rendered":"Alberto Cutillo, Ambassadeur d\u2019Italie en Alg\u00e9rie N\u00e9 \u00e0 Naples le 12 mai 1962. Il a fr\u00e9quent\u00e9 l&#8217;Universit\u00e9 de Naples et a obtenu son dipl\u00f4me en \u00e9conomie et commerce en 1984. Il rejoint la carri\u00e8re diplomatique en 1986 et d\u00e9bute son parcours professionnel \u00e0 la Farnesina, \u00e0 la Direction G\u00e9n\u00e9rale du Personnel. En 1989, il s&#8217;installe [&hellip;]","protected":false},"author":1,"featured_media":0,"parent":171,"menu_order":0,"comment_status":"closed","ping_status":"closed","template":"","meta":{"footnotes":""},"class_list":["post-172","page","type-page","status-publish","hentry"],"_links":{"self":[{"href":"https:\/\/ambalgeri.esteri.it\/fr\/wp-json\/wp\/v2\/pages\/172","targetHints":{"allow":["GET"]}}],"collection":[{"href":"https:\/\/ambalgeri.esteri.it\/fr\/wp-json\/wp\/v2\/pages"}],"about":[{"href":"https:\/\/ambalgeri.esteri.it\/fr\/wp-json\/wp\/v2\/types\/page"}],"author":[{"embeddable":true,"href":"https:\/\/ambalgeri.esteri.it\/fr\/wp-json\/wp\/v2\/users\/1"}],"replies":[{"embeddable":true,"href":"https:\/\/ambalgeri.esteri.it\/fr\/wp-json\/wp\/v2\/comments?post=172"}],"version-history":[{"count":7,"href":"https:\/\/ambalgeri.esteri.it\/fr\/wp-json\/wp\/v2\/pages\/172\/revisions"}],"predecessor-version":[{"id":1456,"href":"https:\/\/ambalgeri.esteri.it\/fr\/wp-json\/wp\/v2\/pages\/172\/revisions\/1456"}],"up":[{"embeddable":true,"href":"https:\/\/ambalgeri.esteri.it\/fr\/wp-json\/wp\/v2\/pages\/171"}],"wp:attachment":[{"href":"https:\/\/ambalgeri.esteri.it\/fr\/wp-json\/wp\/v2\/media?parent=172"}],"curies":[{"name":"wp","href":"https:\/\/api.w.org\/{rel}","templated":true}]}}