{"id":173,"date":"2023-04-11T17:55:33","date_gmt":"2023-04-11T15:55:33","guid":{"rendered":"https:\/\/ambalgeri.esteri.it\/chi-siamo\/la-sede\/"},"modified":"2023-10-24T16:13:34","modified_gmt":"2023-10-24T14:13:34","slug":"la-sede","status":"publish","type":"page","link":"https:\/\/ambalgeri.esteri.it\/fr\/chi-siamo\/la-sede\/","title":{"rendered":"Le si\u00e8ge social"},"content":{"rendered":"<p><img decoding=\"async\" style=\"max-width: 75%;\" src=\"https:\/\/ambalgeri.esteri.it\/ambasciata_algeri\/resource\/img\/2017\/05\/parco_naif_2.jpg\" alt=\"parco naif 2\" \/><\/p>\n<p>L\u2019Ambassade d\u2019Italie \u00e0 Alger se situe \u00e0 El Biar et s\u2019\u00e9tend sur une surface d\u2019environs 1,6 hectares. L\u2019Etat Italien acqu\u00e9rra la propri\u00e9t\u00e9, de chez une famille fran\u00e7aise, en 1953 pour en faire le si\u00e8ge du Consulat G\u00e9n\u00e9ral de l\u2019\u00e9poque et aussi un centre culturel et r\u00e9cr\u00e9atif pour la communaut\u00e9 italienne.<\/p>\n<p>La propri\u00e9t\u00e9 compte la Chancellerie diplomatique, la Chancellerie consulaire, la R\u00e9sidence de l\u2019Ambassadeur (une villa de la fin du XIX si\u00e8cle de style colonial mais avec des traits inspir\u00e9s des styles moresque et ottoman) et un Th\u00e9\u00e2tre (construit au milieu des ann\u00e9es \u201950 comme si\u00e8ge du centre culturel et r\u00e9cr\u00e9atif).<\/p>\n<p>En cours de l\u2019ann\u00e9e 2010, d\u2019importants travaux ont \u00e9t\u00e9 r\u00e9alis\u00e9s, dont la restauration du Th\u00e9\u00e2tre, qui a repris apr\u00e8s environs 20 ans, son activit\u00e9 \u00e0 l\u2019occasion de la F\u00eate des Forces Arm\u00e9es et de l\u2019Unit\u00e9 Nationale, le 4 novembre 2010. Par la suite, de nombreuses manifestations \u00e0 caract\u00e8re culturel, \u00e9conomique et scientifique s\u2019y sont tenues.<\/p>\n<p><strong>La chancellerie diplomatique<\/strong><br \/>\n<img decoding=\"async\" style=\"max-width: 75%;\" src=\"https:\/\/ambalgeri.esteri.it\/wp-content\/uploads\/2023\/10\/aaa_8091.jpg\" \/><\/p>\n<p><strong>L&#8217;entr\u00e9e de la R\u00e9sidence<\/strong><br \/>\n<img decoding=\"async\" style=\"max-width: 75%;\" src=\"https:\/\/ambalgeri.esteri.it\/wp-content\/uploads\/2023\/10\/fullsizerender_121.jpg\" \/><\/p>\n<p><strong>Portail<\/strong><br \/>\n<img decoding=\"async\" style=\"max-width: 75%;\" src=\"https:\/\/ambalgeri.esteri.it\/wp-content\/uploads\/2023\/10\/img_0834e.jpg\" \/><\/p>\n<p><strong>Le parc et la R\u00e9sidence<\/strong><br \/>\n<img decoding=\"async\" style=\"max-width: 75%;\" src=\"https:\/\/ambalgeri.esteri.it\/wp-content\/uploads\/2023\/10\/img_4032.jpg\" \/><\/p>\n<p><strong>Le parc et le portique de la R\u00e9sidence<\/strong><br \/>\n<img decoding=\"async\" style=\"max-width: 75%;\" src=\"https:\/\/ambalgeri.esteri.it\/wp-content\/uploads\/2023\/10\/fullsizerendera.jpg\" \/><\/p>\n<p><strong>L\u2019entr\u00e9e du th\u00e9\u00e2tre<\/strong><br \/>\n<strong><img decoding=\"async\" style=\"max-width: 75%;\" src=\"https:\/\/ambalgeri.esteri.it\/wp-content\/uploads\/2023\/10\/53209_f_amb61Teatro1.jpg\" \/><\/strong><\/p>\n<p><strong>Le th\u00e9\u00e2tre<\/strong><br \/>\n<strong><img decoding=\"async\" style=\"max-width: 75%;\" src=\"https:\/\/ambalgeri.esteri.it\/wp-content\/uploads\/2023\/10\/53210_f_amb61Teatro.jpg\" \/><\/strong><\/p>\n<p><strong>Le jardin et la r\u00e9sidence<\/strong><br \/>\n<strong><img decoding=\"async\" style=\"max-width: 75%;\" src=\"https:\/\/ambalgeri.esteri.it\/wp-content\/uploads\/2023\/10\/53211_f_amb61Giardino1.jpg\" \/><\/strong><\/p>\n<p><strong>Le porche<\/strong><br \/>\n<strong><img decoding=\"async\" style=\"max-width: 75%;\" src=\"https:\/\/ambalgeri.esteri.it\/wp-content\/uploads\/2023\/10\/portico.jpg\" \/><\/strong><\/p>\n<p><strong>Le jardin<\/strong><br \/>\n<img decoding=\"async\" style=\"max-width: 75%;\" src=\"https:\/\/ambalgeri.esteri.it\/wp-content\/uploads\/2023\/10\/53212_f_amb61Giardino.jpg\" \/><\/p>\n<p>&nbsp;<\/p>\n","protected":false},"excerpt":{"rendered":"L\u2019Ambassade d\u2019Italie \u00e0 Alger se situe \u00e0 El Biar et s\u2019\u00e9tend sur une surface d\u2019environs 1,6 hectares. L\u2019Etat Italien acqu\u00e9rra la propri\u00e9t\u00e9, de chez une famille fran\u00e7aise, en 1953 pour en faire le si\u00e8ge du Consulat G\u00e9n\u00e9ral de l\u2019\u00e9poque et aussi un centre culturel et r\u00e9cr\u00e9atif pour la communaut\u00e9 italienne. La propri\u00e9t\u00e9 compte la Chancellerie [&hellip;]","protected":false},"author":1,"featured_media":0,"parent":171,"menu_order":2,"comment_status":"closed","ping_status":"closed","template":"","meta":{"footnotes":""},"class_list":["post-173","page","type-page","status-publish","hentry"],"_links":{"self":[{"href":"https:\/\/ambalgeri.esteri.it\/fr\/wp-json\/wp\/v2\/pages\/173","targetHints":{"allow":["GET"]}}],"collection":[{"href":"https:\/\/ambalgeri.esteri.it\/fr\/wp-json\/wp\/v2\/pages"}],"about":[{"href":"https:\/\/ambalgeri.esteri.it\/fr\/wp-json\/wp\/v2\/types\/page"}],"author":[{"embeddable":true,"href":"https:\/\/ambalgeri.esteri.it\/fr\/wp-json\/wp\/v2\/users\/1"}],"replies":[{"embeddable":true,"href":"https:\/\/ambalgeri.esteri.it\/fr\/wp-json\/wp\/v2\/comments?post=173"}],"version-history":[{"count":7,"href":"https:\/\/ambalgeri.esteri.it\/fr\/wp-json\/wp\/v2\/pages\/173\/revisions"}],"predecessor-version":[{"id":1251,"href":"https:\/\/ambalgeri.esteri.it\/fr\/wp-json\/wp\/v2\/pages\/173\/revisions\/1251"}],"up":[{"embeddable":true,"href":"https:\/\/ambalgeri.esteri.it\/fr\/wp-json\/wp\/v2\/pages\/171"}],"wp:attachment":[{"href":"https:\/\/ambalgeri.esteri.it\/fr\/wp-json\/wp\/v2\/media?parent=173"}],"curies":[{"name":"wp","href":"https:\/\/api.w.org\/{rel}","templated":true}]}}