{"id":174,"date":"2023-04-11T18:01:19","date_gmt":"2023-04-11T16:01:19","guid":{"rendered":"https:\/\/ambalgeri.esteri.it\/chi-siamo\/gli-uffici\/"},"modified":"2025-12-30T14:10:43","modified_gmt":"2025-12-30T13:10:43","slug":"gli-uffici","status":"publish","type":"page","link":"https:\/\/ambalgeri.esteri.it\/fr\/chi-siamo\/gli-uffici\/","title":{"rendered":"Les bureaux"},"content":{"rendered":"<p style=\"font-weight: 400;\"><b><strong>Ambassade d&#8217;Italie &#8211; 18, Rue Ouidir Amellal (EX Finalteri), El Biar 16030, Alger<\/strong><\/b><\/p>\n<p>Tel.: + 213 (0)23 051434 \/ 051433 (<em>du dimanche au jeudi, de 9h00 \u00e0 16h00<\/em>)<br \/>\nFax:\u00a0 + 213 (0)23 051420<\/p>\n<p>PEC:\u00a0<a href=\"mailto:amb.algeri@cert.esteri.it\">amb.algeri@cert.esteri.it<\/a>\u00a0 (<em>exclusivement e-mails certifi\u00e9s<\/em>)<\/p>\n<p style=\"font-weight: 400;\"><b><strong>URGENCES<\/strong><\/b><\/p>\n<p style=\"font-weight: 400;\">Seul dans les situations d&#8217;<b><strong>urgence concr\u00e8te<\/strong><\/b>\u00a0(par exemple, en cas d&#8217;arrestation, d&#8217;accident, etc.) qui concernent\u00a0<b><strong>exclusivement des ressortissants italiens<\/strong><\/b>, il est possible de contacter les num\u00e9ros suivants en dehors des heures normales de travail:<br \/>\n+213 (0) 23 051403 (fixe)<br \/>\n+213 (0) 661 556410 (r\u00e9seau mobile)<\/p>\n<p style=\"font-weight: 400;\">Pour les citoyens italiens \u00e0 l\u2019\u00e9tranger qui se trouvent dans une situation d&#8217;urgence, il est \u00e9galement toujours possible de contacter la cellule de crise du minist\u00e8re des Affaires \u00e9trang\u00e8res et de la Coop\u00e9ration internationale au 00390636225.<\/p>\n<p style=\"font-weight: 400;\"><b><strong>SECRETARIAT DE L&#8217;AMBASSADEUR\u00a0<\/strong><\/b>(<em>pour les visas ecrire a : <a href=\"mailto:visti.algeri@esteri.it\">visti.algeri@esteri.it<\/a><\/em>)<\/p>\n<p style=\"font-weight: 400;\">e-mail:\u00a0<a href=\"mailto:segreteria.algeri@esteri.it\">segreteria.algeri@esteri.it<\/a><\/p>\n<p style=\"font-weight: 400;\">Tel.: + 213 (0)23 051434<br \/>\nFax: + 213 (0)23 051409<\/p>\n<p style=\"font-weight: 400;\"><b><strong>CHANCELLERIE CONSULAIRE<\/strong><\/b><\/p>\n<p style=\"font-weight: 400;\">Pour toute information, avant de contacter les bureaux, veuillez consulter attentivement le site Web, section &#8220;<a href=\"https:\/\/ambalgeri.esteri.it\/ambasciata_algeri\/it\/informazioni_e_servizi\/servizi_consolari\">Passeports et services<\/a>&#8220;<\/p>\n<p style=\"font-weight: 400;\"><b><strong>BUREAU DES SERVICES CONSULAIRES<\/strong><\/b>\u00a0(<em>tous les services consulaires \u00e0 l&#8217;exclusion des visas<\/em>)<\/p>\n<p style=\"font-weight: 400;\">e-mail:\u00a0<a href=\"mailto:anagrafe.algeri@esteri.it\">anagrafe.algeri@esteri.it<\/a><br \/>\nPEC:\u00a0<a href=\"mailto:amb.algeri.pass@cert.esteri.it\">amb.algeri.pass@cert.esteri.it<\/a><br \/>\ntel.: + 213 (0)23 051434 \/ 051433<br \/>\nfax: + 213 (0)23 051409<\/p>\n<p><b><strong>Horaires d&#8217;ouverture au public (uniquement sur rendez-vous):<\/strong><\/b><br \/>\nDIM de 09:00 \u00e0 12:30 et de 14:00 \u00e0 15:00<br \/>\nLUN de 09:00 \u00e0 12:30 et de 14:00 \u00e0 15:00<br \/>\nMAR: FERME<br \/>\nMER de 09:00 \u00e0 12:30<br \/>\nJEU de 09:00 \u00e0 12:30<\/p>\n<p style=\"font-weight: 400;\"><b><strong>BUREAU DES VISAS<\/strong><\/b><\/p>\n<p style=\"font-weight: 400;\">e-mail:\u00a0<a href=\"mailto:visti.algeri@esteri.it\">visti.algeri@esteri.it<\/a><br \/>\nPEC:\u00a0<a href=\"mailto:amb.algeri.pass@cert.esteri.it\">amb.algeri.consolare@cert.esteri.it<\/a><br \/>\ntel.: + 213 (0)23 051434 \/ 051433<br \/>\nfax: + 213 (0)23 051409<\/p>\n<ul>\n<li style=\"font-weight: 400;\">D\u00e9p\u00f4t de la demande de visa: comment faire une demande de visa<\/li>\n<li style=\"font-weight: 400;\"><a href=\"http:\/\/vistoperitalia.esteri.it\/home.aspx\">Le visa pour l&#8217;Italie<\/a><\/li>\n<li style=\"font-weight: 400;\">Pour plus d&#8217;informations sur les visas, veuillez \u00e9galement consulter <a href=\"https:\/\/visa.vfsglobal.com\/dza\/fr\/ita\">le site web de VFS Global \u00a0<\/a>ou appeler le num\u00e9ro suivant 00213 (0) 21 99 88 44 ou \u00e9crire \u00e0\u00a0<a href=\"mailto:info.italg@vfshelpline.com\">info.italg@vfshelpline.com<\/a>\u00a0.<\/li>\n<\/ul>\n<p style=\"font-weight: 400;\"><b><strong>BUREAU ECONOMIQUE ET COMMERCIAL<br \/>\n<\/strong><\/b>TEL.: + 213 (0)23 051416<br \/>\nFAX : + 213 (0)23 051423<br \/>\nE-MAIL:\u00a0<a href=\"mailto:commerciale.algeri@esteri.it\">commerciale.algeri@esteri.it<\/a><\/p>\n<p><em>Le richieste di assistenza delle imprese italiane devono essere inoltrate attraverso l&#8217;applicativo\u00a0<strong>Nexus\u00a0<\/strong>compilando\u00a0un breve formulario:<\/em>\u00a0<a href=\"https:\/\/nexus.esteri.it\/\">Nexus &#8211; Richieste di assistenza delle imprese italiane all&#8217;estero<\/a><\/p>\n<p><a href=\"https:\/\/nexus.esteri.it\/\"><img loading=\"lazy\" decoding=\"async\" src=\"https:\/\/ambalgeri.esteri.it\/ambasciata_algeri\/resource\/img\/2020\/02\/nexus.jpg\" alt=\"nexus\" width=\"127\" height=\"55\" \/><\/a><\/p>\n<p>&nbsp;<\/p>\n<p><b><strong>ICE &#8211; Agence italienne pour le Commerce Ext\u00e9rieur<br \/>\n<\/strong><\/b><em>Section pour la promotion des \u00e9changes de l\u2019Ambassade d\u2019Italie<\/em><\/p>\n<p style=\"font-weight: 400;\"><a href=\"https:\/\/www.ice.it\/it\/mercati\/algeria\/algeri\">https:\/\/www.ice.it\/it\/mercati\/algeria\/algeri<\/a><br \/>\n13, rue des Palmiers, Parc des Pins \u2013 El Biar 16030 \u2013 Alger<br \/>\ntel.: +213 23 050812\/13<br \/>\nfax:\u00a0 +213 23 050813<\/p>\n<p style=\"font-weight: 400;\">e-mail:\u00a0<a href=\"mailto:algeri@ice.it\">algeri@ice.it<\/a><\/p>\n<p style=\"font-weight: 400;\">horaires d&#8217;ouverture au public: du dimanche au jeudi 8h30 &#8211; 16h30<\/p>\n<p style=\"font-weight: 400;\"><em>Directeur: M. Maurizio Motta<\/em><\/p>\n<p>&nbsp;<\/p>\n<p style=\"font-weight: 400;\"><b><strong>IIC- INSTITUT ITALIEN DE CULTURE<br \/>\n<\/strong><\/b>4 bis,\u00a0rue Yahia Mazouni &#8211; El Biar 16030\u00a0&#8211; Alger<em><br \/>\n<\/em>Tel. \/ Fax:\u00a0+ 213 (0)23 053278 \/ (0)23 053279<em><br \/>\n<\/em><a href=\"http:\/\/www.iicalgeri.esteri.it\/\">http:\/\/www.iicalgeri.esteri.it<\/a><em><br \/>\n<\/em>e-mail<em>:\u00a0<a href=\"mailto:direttore.iicalgeri@esteri.it\">direttore.iicalgeri@esteri.it<\/a><br \/>\n<\/em><\/p>\n<p style=\"font-weight: 400;\">horaires d&#8217;ouverture au public: du dimanche au jeudi 9h00 \u2013 13h00 \/\u00a013h50 \u2013 17h00<\/p>\n<p style=\"font-weight: 400;\"><em>Directeur: Mme Antonia Grande<\/em><\/p>\n<p><b><strong>BUREAU DE L&#8217;ATTACHE&#8217; DE DEFENSE<br \/>\n<\/strong><\/b>18, rue Ouidir Amellal (ex Finalteri)\u00a0 &#8211; El Biar 16030 &#8211; Alger<br \/>\nTEL. : + 213 (0)23 051421<br \/>\nFAX : + 213 (0)23 051415<br \/>\n<a href=\"http:\/\/www.difesa.it\/\">http:\/\/www.difesa.it<\/a><br \/>\nE-MAIL:\u00a0<a href=\"mailto:difeitalia.algeri@smd.difesa.it\">difeitalia.algeri@smd.difesa.it<\/a><\/p>\n<p>Attach\u00e9 de D\u00e9fense: Colonel Ciro Piergianni<\/p>\n<p>&nbsp;<\/p>\n<p style=\"font-weight: 400;\"><b><strong>FETES 2026<\/strong><\/b><\/p>\n<ul>\n<li><b><\/b>Nouvel An: <strong>jeudi\u00a01er janvier<\/strong><\/li>\n<li>Aid El Fitr :<strong> vendredi\u00a020mars*<\/strong><\/li>\n<li>P\u00e2ques: <strong>dimanche 05 avril<\/strong><\/li>\n<li>Lundi de P\u00e2ques: <strong>lundi 06 avril<\/strong><\/li>\n<li>F\u00eate du travail: <strong>vendredi\u00a01er mai<\/strong><\/li>\n<li>Aid El Adha: <strong>samedi 27 mai *<\/strong><\/li>\n<li>F\u00eate de la R\u00e9publique: <strong>mardi\u00a002 juin<\/strong><\/li>\n<li>F\u00eate de l&#8217;Ind\u00e9pendance Alg\u00e9rienne: <strong>dimanche 05 juillet<\/strong><\/li>\n<li>F\u00eate Nationale de Saint Fran\u00e7ois d&#8217;Assise : <strong>dimanche 04 octobre<\/strong><\/li>\n<li>Anniversaire de la R\u00e9volution:<strong> dimanche<\/strong> <strong>1er novembre<\/strong><\/li>\n<li>No\u00ebl: <strong>vendredi\u00a025 d\u00e9cembre<\/strong><\/li>\n<li>Santo Stefano<strong> samedi 26 d\u00e9cembre<\/strong><\/li>\n<\/ul>\n<p style=\"font-weight: 400;\">*<em>fetes mobiles selon le calendrier musulman<\/em><\/p>\n","protected":false},"excerpt":{"rendered":"Ambassade d&#8217;Italie &#8211; 18, Rue Ouidir Amellal (EX Finalteri), El Biar 16030, Alger Tel.: + 213 (0)23 051434 \/ 051433 (du dimanche au jeudi, de 9h00 \u00e0 16h00) Fax:\u00a0 + 213 (0)23 051420 PEC:\u00a0amb.algeri@cert.esteri.it\u00a0 (exclusivement e-mails certifi\u00e9s) URGENCES Seul dans les situations d&#8217;urgence concr\u00e8te\u00a0(par exemple, en cas d&#8217;arrestation, d&#8217;accident, etc.) qui concernent\u00a0exclusivement des ressortissants italiens, [&hellip;]","protected":false},"author":1,"featured_media":0,"parent":171,"menu_order":4,"comment_status":"closed","ping_status":"closed","template":"","meta":{"footnotes":""},"class_list":["post-174","page","type-page","status-publish","hentry"],"_links":{"self":[{"href":"https:\/\/ambalgeri.esteri.it\/fr\/wp-json\/wp\/v2\/pages\/174","targetHints":{"allow":["GET"]}}],"collection":[{"href":"https:\/\/ambalgeri.esteri.it\/fr\/wp-json\/wp\/v2\/pages"}],"about":[{"href":"https:\/\/ambalgeri.esteri.it\/fr\/wp-json\/wp\/v2\/types\/page"}],"author":[{"embeddable":true,"href":"https:\/\/ambalgeri.esteri.it\/fr\/wp-json\/wp\/v2\/users\/1"}],"replies":[{"embeddable":true,"href":"https:\/\/ambalgeri.esteri.it\/fr\/wp-json\/wp\/v2\/comments?post=174"}],"version-history":[{"count":8,"href":"https:\/\/ambalgeri.esteri.it\/fr\/wp-json\/wp\/v2\/pages\/174\/revisions"}],"predecessor-version":[{"id":2279,"href":"https:\/\/ambalgeri.esteri.it\/fr\/wp-json\/wp\/v2\/pages\/174\/revisions\/2279"}],"up":[{"embeddable":true,"href":"https:\/\/ambalgeri.esteri.it\/fr\/wp-json\/wp\/v2\/pages\/171"}],"wp:attachment":[{"href":"https:\/\/ambalgeri.esteri.it\/fr\/wp-json\/wp\/v2\/media?parent=174"}],"curies":[{"name":"wp","href":"https:\/\/api.w.org\/{rel}","templated":true}]}}