{"id":175,"date":"2023-04-11T18:07:19","date_gmt":"2023-04-11T16:07:19","guid":{"rendered":"https:\/\/ambalgeri.esteri.it\/chi-siamo\/numeri-di-emergenza\/"},"modified":"2023-09-08T18:03:02","modified_gmt":"2023-09-08T16:03:02","slug":"numeri-di-emergenza","status":"publish","type":"page","link":"https:\/\/ambalgeri.esteri.it\/fr\/chi-siamo\/numeri-di-emergenza\/","title":{"rendered":"Num\u00e9ros d\u2019urgence"},"content":{"rendered":"<p>Seul dans les situations d&#8217;<strong>urgence concr\u00e8te<\/strong>\u00a0(par exemple, en cas d&#8217;arrestation, d&#8217;accident, etc.) qui concernent\u00a0<strong>exclusivement des ressortissants italiens<\/strong>, il est possible de contacter les num\u00e9ros suivants en dehors des heures normales de travail:<br \/>\n+213 (0) 23 051403 (fixe)<br \/>\n+213 (0) 661 556410 (r\u00e9seau mobile)<br \/>\nPour les citoyens italiens \u00e0 l\u2019\u00e9tranger qui se trouvent dans une situation d&#8217;urgence, il est \u00e9galement toujours possible de contacter la cellule de crise du minist\u00e8re des Affaires \u00e9trang\u00e8res et de la Coop\u00e9ration internationale au 00390636225.<\/p>\n","protected":false},"excerpt":{"rendered":"Seul dans les situations d&#8217;urgence concr\u00e8te\u00a0(par exemple, en cas d&#8217;arrestation, d&#8217;accident, etc.) qui concernent\u00a0exclusivement des ressortissants italiens, il est possible de contacter les num\u00e9ros suivants en dehors des heures normales de travail: +213 (0) 23 051403 (fixe) +213 (0) 661 556410 (r\u00e9seau mobile) Pour les citoyens italiens \u00e0 l\u2019\u00e9tranger qui se trouvent dans une situation [&hellip;]","protected":false},"author":1,"featured_media":0,"parent":171,"menu_order":6,"comment_status":"closed","ping_status":"closed","template":"","meta":{"footnotes":""},"class_list":["post-175","page","type-page","status-publish","hentry"],"_links":{"self":[{"href":"https:\/\/ambalgeri.esteri.it\/fr\/wp-json\/wp\/v2\/pages\/175","targetHints":{"allow":["GET"]}}],"collection":[{"href":"https:\/\/ambalgeri.esteri.it\/fr\/wp-json\/wp\/v2\/pages"}],"about":[{"href":"https:\/\/ambalgeri.esteri.it\/fr\/wp-json\/wp\/v2\/types\/page"}],"author":[{"embeddable":true,"href":"https:\/\/ambalgeri.esteri.it\/fr\/wp-json\/wp\/v2\/users\/1"}],"replies":[{"embeddable":true,"href":"https:\/\/ambalgeri.esteri.it\/fr\/wp-json\/wp\/v2\/comments?post=175"}],"version-history":[{"count":4,"href":"https:\/\/ambalgeri.esteri.it\/fr\/wp-json\/wp\/v2\/pages\/175\/revisions"}],"predecessor-version":[{"id":682,"href":"https:\/\/ambalgeri.esteri.it\/fr\/wp-json\/wp\/v2\/pages\/175\/revisions\/682"}],"up":[{"embeddable":true,"href":"https:\/\/ambalgeri.esteri.it\/fr\/wp-json\/wp\/v2\/pages\/171"}],"wp:attachment":[{"href":"https:\/\/ambalgeri.esteri.it\/fr\/wp-json\/wp\/v2\/media?parent=175"}],"curies":[{"name":"wp","href":"https:\/\/api.w.org\/{rel}","templated":true}]}}