{"id":176,"date":"2023-04-11T18:08:31","date_gmt":"2023-04-11T16:08:31","guid":{"rendered":"https:\/\/ambalgeri.esteri.it\/chi-siamo\/la-rete-consolare\/"},"modified":"2023-09-08T18:14:51","modified_gmt":"2023-09-08T16:14:51","slug":"la-rete-consolare","status":"publish","type":"page","link":"https:\/\/ambalgeri.esteri.it\/fr\/chi-siamo\/la-rete-consolare\/","title":{"rendered":"Le r\u00e9seau consulaire"},"content":{"rendered":"<p>En Alg\u00e9rie, l\u2019Italie ne dispose pas de services consulaires d\u00e9centralis\u00e9s. Pour toutes les questions consulaires, il est n\u00e9cessaire de se r\u00e9f\u00e9rer \u00e0 la Chancellerie Consulaire de l\u2019Ambassade.<\/p>\n<p><strong>Chancellerie Consulaire pr\u00e8s de l\u2019Ambassade d\u2019Italie \u00e0 Alger<br \/>\n<\/strong>18, Rue Ouidir Amellal (ex Finalteri)- El Biar 16030 \u2013 Alger1<br \/>\nTel.: +213 23 051434 \/ 051433<br \/>\nFax: +213 23 051409<\/p>\n<p><em>E-mail:<\/em><br \/>\nBureau visa: <a href=\"mailto:visti.algeri@esteri.it\">visti.algeri@esteri.it<\/a><br \/>\nBureau de l\u2019\u00e9tat civil: <a href=\"mailto:anagrafe.algeri@esteri.it\">anagrafe.algeri@esteri.it<\/a><\/p>\n<p><em>E-mail certifi\u00e9:<\/em><br \/>\nBureau visa: <a href=\"mailto:amb.algeri.consolare@cert.esteri.it\">amb.algeri.consolare@cert.esteri.it<\/a><br \/>\nBureau de l\u2019\u00e9tat civil: <a href=\"mailto:amb.algeri.pass@cert.esteri.it\">amb.algeri.pass@cert.esteri.it<\/a><\/p>\n","protected":false},"excerpt":{"rendered":"En Alg\u00e9rie, l\u2019Italie ne dispose pas de services consulaires d\u00e9centralis\u00e9s. Pour toutes les questions consulaires, il est n\u00e9cessaire de se r\u00e9f\u00e9rer \u00e0 la Chancellerie Consulaire de l\u2019Ambassade. Chancellerie Consulaire pr\u00e8s de l\u2019Ambassade d\u2019Italie \u00e0 Alger 18, Rue Ouidir Amellal (ex Finalteri)- El Biar 16030 \u2013 Alger1 Tel.: +213 23 051434 \/ 051433 Fax: +213 23 [&hellip;]","protected":false},"author":1,"featured_media":0,"parent":171,"menu_order":8,"comment_status":"closed","ping_status":"closed","template":"","meta":{"footnotes":""},"class_list":["post-176","page","type-page","status-publish","hentry"],"_links":{"self":[{"href":"https:\/\/ambalgeri.esteri.it\/fr\/wp-json\/wp\/v2\/pages\/176","targetHints":{"allow":["GET"]}}],"collection":[{"href":"https:\/\/ambalgeri.esteri.it\/fr\/wp-json\/wp\/v2\/pages"}],"about":[{"href":"https:\/\/ambalgeri.esteri.it\/fr\/wp-json\/wp\/v2\/types\/page"}],"author":[{"embeddable":true,"href":"https:\/\/ambalgeri.esteri.it\/fr\/wp-json\/wp\/v2\/users\/1"}],"replies":[{"embeddable":true,"href":"https:\/\/ambalgeri.esteri.it\/fr\/wp-json\/wp\/v2\/comments?post=176"}],"version-history":[{"count":3,"href":"https:\/\/ambalgeri.esteri.it\/fr\/wp-json\/wp\/v2\/pages\/176\/revisions"}],"predecessor-version":[{"id":685,"href":"https:\/\/ambalgeri.esteri.it\/fr\/wp-json\/wp\/v2\/pages\/176\/revisions\/685"}],"up":[{"embeddable":true,"href":"https:\/\/ambalgeri.esteri.it\/fr\/wp-json\/wp\/v2\/pages\/171"}],"wp:attachment":[{"href":"https:\/\/ambalgeri.esteri.it\/fr\/wp-json\/wp\/v2\/media?parent=176"}],"curies":[{"name":"wp","href":"https:\/\/api.w.org\/{rel}","templated":true}]}}