{"id":177,"date":"2023-04-11T17:08:52","date_gmt":"2023-04-11T15:08:52","guid":{"rendered":"https:\/\/ambalgeri.esteri.it\/italia-e-algeria\/"},"modified":"2025-09-02T17:02:49","modified_gmt":"2025-09-02T15:02:49","slug":"italia-e-algeria","status":"publish","type":"page","link":"https:\/\/ambalgeri.esteri.it\/fr\/italia-e-algeria\/","title":{"rendered":"Italie et Alg\u00e9rie"},"content":{"rendered":"<p>&nbsp;<\/p>\n<p><span style=\"text-decoration: underline;\"><strong>LES RELATIONS POLITIQUES ENTRE L&#8217;ALGERIE ET L&#8217;ITALIE<\/strong><\/span><\/p>\n<p><strong><span lang=\"IT\"><span lang=\"FR\"><a href=\"http:\/\/www.governo.it\/\">Le site du Gouvernement Italien<\/a><\/span><\/span><\/strong><\/p>\n<p style=\"text-align: justify;\">\u00a0 \u00a0 \u00a0 L&#8217;Alg\u00e9rie constitue un <strong>partenaire strat\u00e9gique pour l&#8217;Italie<\/strong>, non seulement au regard du partenariat \u00e9nerg\u00e9tique entre les deux Pays, mais surtout pour le partage d&#8217;objectifs prioritaires tels que la cr\u00e9ation d&#8217;une zone de s\u00e9curit\u00e9 et de prosp\u00e9rit\u00e9 en M\u00e9diterran\u00e9e, la lutte contre le terrorisme international et la criminalit\u00e9 organis\u00e9e et la lutte contre l&#8217;immigration clandestine. C\u2019est pr\u00e9cis\u00e9ment pour ces raisons que la coop\u00e9ration politique et \u00e9conomique entre les deux Pays a toujours \u00e9t\u00e9 op\u00e9rationnelle, m\u00eame pendant les ann\u00e9es les plus difficiles pour l\u2019Alg\u00e9rie dans la lutte contre le terrorisme islamiste int\u00e9rieur (<em>la d\u00e9cennie noire des ann\u00e9es \u201890<\/em>).<\/p>\n<p style=\"text-align: justify;\">\u00a0 \u00a0 \u00a0 L&#8217;excellence des relations politiques entre l&#8217;Alg\u00e9rie et l&#8217;Italie &#8211; caract\u00e9ris\u00e9es par une convergence de vues substantielle sur les principaux dossiers de l&#8217;agenda r\u00e9gional (Maghreb et Sahel) et international &#8211; a \u00e9t\u00e9 sanctionn\u00e9e par <strong>la signature en 2003 du Trait\u00e9 d&#8217;Amiti\u00e9, de Coop\u00e9ration et de Bon Voisinage<\/strong>, qui pr\u00e9voit, entre autres, la mise en \u0153uvre de consultations p\u00e9riodiques, alternativement en Italie et en Alg\u00e9rie, au plus haut niveau politique et institutionnel. Le Premier Sommet intergouvernemental, qui s\u2019est tenu \u00e0 Alghero en novembre 2007 sous la pr\u00e9sidence conjointe du Premier Ministre Romano Prodi et du Pr\u00e9sident de la R\u00e9publique Alg\u00e9rienne Abdelaziz Bouteflika, a \u00e9t\u00e9 d\u00e9cisif pour le renforcement des relations bilat\u00e9rales. Le 14 novembre 2012 s&#8217;est tenu \u00e0 Alger le Deuxi\u00e8me Sommet, pr\u00e9sid\u00e9 conjointement par le Pr\u00e9sident Bouteflika et par le Premier Ministre Mario Monti. Le Troisi\u00e8me Sommet, pr\u00e9sid\u00e9 par les deux Chefs de Gouvernement Matteo Renzi et Abdelmalek Sellal, s&#8217;est tenu le 27 mai 2015 \u00e0 Rome, dans un climat d&#8217;amiti\u00e9 et de compr\u00e9hension mutuelle.<\/p>\n<p style=\"text-align: justify;\">\u00a0 \u00a0 Un nouvel \u00e9lan au partenariat bilat\u00e9ral entre l&#8217;Italie et l&#8217;Alg\u00e9rie a \u00e9t\u00e9 la <strong>Visite d&#8217;\u00c9tat du Pr\u00e9sident de la R\u00e9publique Sergio Mattarella \u00e0 Alger et \u00e0 Annaba les 6 et 7 novembre 2021<\/strong>, qui a \u00e9t\u00e9 suivie d&#8217;une visite en Italie du Pr\u00e9sident alg\u00e9rien Abdelmadjid Tebboune en mai 2022. Depuis, de nombreuses missions se sont succ\u00e9d\u00e9es dans ce Pays de membres du gouvernement, de repr\u00e9sentants institutionnels et parlementaires, ainsi que de d\u00e9l\u00e9gations d&#8217;entreprises.<\/p>\n<p style=\"text-align: justify;\">\u00a0 \u00a0 \u00a0 Une occasion pour faire le point sur les relations entre les deux Pays dans les domaines politique, \u00e9conomique et culturel a \u00e9t\u00e9 la tenue du <strong>Quatri\u00e8me Sommet Intergouvernemental \u00e0 Alger le 18 juillet 2022, co-pr\u00e9sid\u00e9 par le Premier Ministre Draghi et le Pr\u00e9sident Tebboune<\/strong>. A cette occasion, des accords ont \u00e9t\u00e9 sign\u00e9s dans des secteurs prioritaires des relations entre les deux Pays et l&#8217;engagement visant \u00e0 approfondir un dialogue de haut niveau et un partenariat politique et \u00e9conomique strat\u00e9gique pour les deux Pays a \u00e9t\u00e9 r\u00e9affirm\u00e9. Une satisfaction a \u00e9t\u00e9 exprim\u00e9e pour la collaboration dans les domaines de la d\u00e9fense, de la s\u00e9curit\u00e9 et de la lutte contre le terrorisme, ainsi que dans les domaines de la culture, des \u00e9changes universitaires, de la coop\u00e9ration scientifique et technologique, du tourisme, du sport et de la p\u00eache. L&#8217;Italie et l&#8217;Alg\u00e9rie se sont \u00e9galement engag\u00e9es \u00e0 d\u00e9velopper une coop\u00e9ration \u00e9conomique et industrielle mutuellement b\u00e9n\u00e9fique, en donnant un caract\u00e8re prioritaire \u00e0 trois secteurs importants : l&#8217;agriculture, les \u00e9nergies renouvelables, les infrastructures et les PME.<\/p>\n<p style=\"text-align: justify;\">\u00a0 \u00a0 \u00a0Un autre instrument d&#8217;importance fondamentale pour le d\u00e9veloppement des relations bilat\u00e9rales est <strong>le Dialogue strat\u00e9gique sur les relations bilat\u00e9rales et les questions politiques et de s\u00e9curit\u00e9 globale entre les deux Pays<\/strong>, dont la derni\u00e8re session s&#8217;est tenue \u00e0 Rome le 5 ao\u00fbt 2024 et a \u00e9t\u00e9 copr\u00e9sid\u00e9e par les Secr\u00e9taires G\u00e9n\u00e9raux des Minist\u00e8res des Affaires Etrang\u00e8res italien et alg\u00e9rien.<\/p>\n<p style=\"text-align: justify;\">\u00a0 \u00a0 \u00a0Avec le lancement du <strong>Plan Mattei pour l&#8217;Afrique<\/strong> de la part du Premier Ministre Giorgia Meloni \u00e0 l&#8217;occasion de la Conf\u00e9rence Italie-Afrique en janvier 2024, l&#8217;Alg\u00e9rie a \u00e9t\u00e9 identifi\u00e9e comme l&#8217;un des Pays prioritaires pour la mise en \u0153uvre de projets communs dans ce cadre. <strong>Les secteurs actuellement identifi\u00e9s sont ceux de l&#8217;agriculture et de la formation.<\/strong><\/p>\n<p>&nbsp;<\/p>\n<p><strong>STRUTTURA ISTITUZIONALE E DATI DI BASE<\/strong><\/p>\n<ul>\n<li><strong>Superficie<\/strong>: 2.381.741 kmq<\/li>\n<li><strong>Capitale<\/strong>: Alger<\/li>\n<li><strong>Villes principales<\/strong>: Oran, Constantine, Annaba<\/li>\n<li><strong>Nom Officiel<\/strong>: Republique Algerienne Democratique et Populaire<\/li>\n<li><strong>Chef de l&#8217;Etat<\/strong>: Abdelmadjid TEBBOUNE<\/li>\n<li><strong>Premier Ministre<\/strong>: Sifi GHRIEB par int\u00e9rim<\/li>\n<li><strong>Ministre des Affaires Etrangeres<\/strong>: Ahmed ATTAF<\/li>\n<li><strong>Systeme legislatif<\/strong>: Parlement bicam\u00e9ral<\/li>\n<li><strong>Syst\u00e8me juridique <\/strong>: Fond\u00e9 sur le droit francais et islamique<\/li>\n<li><strong>Suffrage<\/strong>: 18 ans, universel<\/li>\n<li><strong>Participation aux organisations internationales<\/strong>: ONU, UNCTAD, OIL, FMI, UNESCO, UMA, Ligue Arabe, UNIDO, OAS (observateur), G15, G19, G24, G77, OPEC, BIRS, Interpol, ecc.<\/li>\n<\/ul>\n<p><strong>POPULATION ET INDICATEURS SOCIAUX<\/strong><\/p>\n<ul>\n<li><strong>Population<\/strong>: 46 million (36,6% sotto i 20 anni; il 54,9% nella fascia da 20 a 59 anni; l\u20198,5% ha pi\u00f9 di 60 anni); 73,7% urbanizzata; tasso di espansione annuo 1,9%)<\/li>\n<li><strong>Gruppi etnici<\/strong>: Arabi 75%; berberi 24%, europei 1%<\/li>\n<li><strong>Religioni<\/strong>: Musulmana sunnita (religione di stato) 99%; cristiana ed ebraica 1%<\/li>\n<li><strong>Lingue<\/strong>: Arabo (lingua ufficiale), francese, berbero.<\/li>\n<\/ul>\n<p>&nbsp;<\/p>\n<p><span style=\"text-decoration: underline;\"><strong>LE SYST\u00c8ME POLITIQUE ALG\u00c9RIEN<\/strong><\/span><\/p>\n<p style=\"text-align: justify;\"><strong><u>Le pr\u00e9sident de la R\u00e9publique<\/u><\/strong><strong>.<\/strong> Le pr\u00e9sident de la R\u00e9publique est le chef de l\u2019\u00c9tat, <strong>\u00e9lu au suffrage universel direct et secret pour un mandat de cinq ans renouvelable une fois<\/strong>. Le Pr\u00e9sident est \u00e0 la t\u00eate du Haut Conseil de s\u00e9curit\u00e9. Il est aussi le Chef supr\u00eame des Forces arm\u00e9es, responsable de la d\u00e9fense nationale, d\u00e9cide et dirige la politique \u00e9trang\u00e8re de la nation, pr\u00e9side le Conseil des Ministres, nomme le Premier Ministre et met fin \u00e0 ses fonctions, signe les d\u00e9crets pr\u00e9sidentiels, a le droit de la gr\u00e2ce, le droit de remise ou de commutation de peine. Il peut \u00e9galement organiser des r\u00e9f\u00e9rendums, d\u00e9cerner des d\u00e9corations et conclure et ratifier des trait\u00e9s internationaux. <strong>Abdelamdjid Tebboune, actuel Chef de l\u2019Etat alg\u00e9rien (et Ministre de la D\u00e9fense), a \u00e9t\u00e9 \u00e9lu comme ind\u00e9pendant en d\u00e9cembre\u00a02019<\/strong>. En mars\u00a02024, il a d\u00e9cid\u00e9 la convocation <strong>d\u2019\u00e9lections pr\u00e9sidentielles anticip\u00e9es, qui se sont tenues le 7 septembre\u00a02024<\/strong>. <strong>Il a \u00e9t\u00e9 r\u00e9\u00e9lu \u00e0 cette occasion avec 84,3% des voix.<\/strong><\/p>\n<p style=\"text-align: justify;\"><strong><u>Les partis politiques.<\/u><\/strong> Le multipartisme en Alg\u00e9rie a \u00e9t\u00e9 introduit en 1988. <strong><u>L\u2019article 57<\/u> de la Constitution de 2020 reconna\u00eet et garantit le droit de cr\u00e9er des partis politiques<\/strong>, \u00e0 condition qu\u2019ils ne soient pas fond\u00e9s sur des bases religieuses, linguistiques, raciales, de genre, corporatives ou r\u00e9gionales. Les formations politiques ne peuvent, en outre, pas \u00eatre constitu\u00e9es dans le but d\u2019attenter aux libert\u00e9s fondamentales du citoyen, &#8220;aux valeurs et aux composantes fondamentales de l\u2019identit\u00e9 nationale, \u00e0 l\u2019unit\u00e9 nationale, \u00e0 la s\u00e9curit\u00e9 et \u00e0 l\u2019int\u00e9grit\u00e9 du territoire national, \u00e0 l\u2019ind\u00e9pendance du Pays et \u00e0 la <em>souverainet\u00e9 du peuple<\/em> <em>ainsi qu\u2019au caract\u00e8re r\u00e9publicain et d\u00e9mocratique de l\u2019\u00c9tat<\/em>&#8220;. Le m\u00eame article stipule que les partis politiques ne peuvent &#8220;ob\u00e9ir&#8221; \u00e0 des int\u00e9r\u00eats \u00e9trangers sous quelque forme que ce soit. Pour exercer leurs activit\u00e9s, ils doivent obtenir une autorisation du Minist\u00e8re de l\u2019Int\u00e9rieur et ne peuvent \u00eatre dissous que par d\u00e9cision judiciaire. <strong><u>L\u2019article 58<\/u> suivant dispose que les partis &#8220;reconnus&#8221; b\u00e9n\u00e9ficient des droits suivants<\/strong>\u00a0: 1. libert\u00e9 d\u2019expression, de r\u00e9union et de manifestation pacifique; 2. un espace dans les organes d\u2019information proportionnel \u00e0 leur repr\u00e9sentativit\u00e9 au niveau national; 3. un financement public proportionnel \u00e0 leur repr\u00e9sentativit\u00e9.<\/p>\n<p style=\"text-align: justify;\"><strong><u>Le Conseil de la Nation.<\/u><\/strong> Le Conseil de la Nation (CN) est la chambre haute du Parlement alg\u00e9rien et <strong>partage d\u2019\u00e9gal \u00e0 \u00e9gal avec l\u2019Assembl\u00e9e Populaire Nationale le pouvoir l\u00e9gislatif<\/strong>. Il a \u00e9t\u00e9 cr\u00e9\u00e9 par la Constitution du 8\u00a0d\u00e9cembre. Le Conseil de la Nation est compos\u00e9 de 174 si\u00e8ges, renouvel\u00e9s par moiti\u00e9 tous les trois ans pour des mandats d\u2019une dur\u00e9e totale de six ans. <strong>Les deux tiers des membres (116 si\u00e8ges)<\/strong> sont \u00e9lus, \u00e0 raison de deux par wilaya, <strong>au suffrage indirect majoritaire<\/strong> d\u2019un coll\u00e8ge \u00e9lectoral compos\u00e9 des membres des Assembl\u00e9es populaires des 58 wilayas et des membres des Assembl\u00e9es populaires communales pr\u00e9sentes dans chacune d\u2019elles (environ 15000 \u00e9lecteurs au total). Peuvent \u00eatre \u00e9lus les<strong> citoyens alg\u00e9riens \u00e2g\u00e9s d\u2019au moins 35 ans<\/strong> et qui sont membres des Assembl\u00e9es pr\u00e9cit\u00e9es. <strong>Les autres membres restants (58 si\u00e8ges) sont nomm\u00e9s par le Pr\u00e9sident de la R\u00e9publique <\/strong>en raison de leurs comp\u00e9tences dans les domaines scientifique, culturel, \u00e9conomique et social. L\u2019actuel Pr\u00e9sident du Conseil de la Nation est <strong>Salah Goudjil<\/strong>, membre du FLN, \u00e9lu le 24\u00a0f\u00e9vrier\u00a02021 puis le 24\u00a0f\u00e9vrier\u00a02022.<\/p>\n<p style=\"text-align: justify;\">Quant <strong>aux groupes politiques pr\u00e9sents dans le CN<\/strong>, la majorit\u00e9 qui soutient le gouvernement Larbaoui est constitu\u00e9e par le FLN (54 membres), le Rassemblement National D\u00e9mocratique (22), le Front El Moustakbal (7), El Bina (5) et le Rassemblement de l\u2019Espoir pour l\u2019Alg\u00e9rie (TAJ dans l\u2019acronyme arabe) (1). L\u2019opposition est form\u00e9e par le Front des Forces Socialistes (4), le Parti Voix du Peuple (2), le Parti Nouvelle Aube (PFJ dans l\u2019acronyme arabe) (2) et le Mouvement de la Soci\u00e9t\u00e9 pour la Paix (1). \u00c0 tous ces membres s\u2019ajoutent 18 ind\u00e9pendants et les 58 membres nomm\u00e9s par le pr\u00e9sident.<\/p>\n<p style=\"text-align: justify;\"><strong><u>L\u2019Assembl\u00e9e Populaire Nationale.<\/u><\/strong> L\u2019APN est la chambre basse du Parlement alg\u00e9rien et se compose de 407 si\u00e8ges. <strong>Ses membres sont \u00e9lus au scrutin proportionnel plurinominal pour cinq ans dans 59 circonscriptions correspondant aux 58 wilayas<\/strong> du Pays plus une circonscription repr\u00e9sentant les r\u00e9sidents \u00e0 l\u2019\u00e9tranger. Lors des \u00e9lections l\u00e9gislatives du 12\u00a0juin\u00a02021, 5,622,401 alg\u00e9riens ont vot\u00e9 soit 23% des \u00e9lecteurs. Le FNL, avec le RND, le FM et le Bina qui d\u00e9tiennent ensemble la majorit\u00e9 absolue des si\u00e8ges (243), soutiennent le Gouvernement. Le Pr\u00e9sident actuel de l\u2019APN est Ibrahim Boughali.<\/p>\n<p style=\"text-align: justify;\"><strong><u>Partis politiques repr\u00e9sent\u00e9s dans l\u2019APN.<\/u><\/strong> Front de Lib\u00e9ration Nationale (FLN); Mouvement de la Soci\u00e9t\u00e9 pour la Paix (MSP); Rassemblement National D\u00e9mocratique (RND); Front des Forces Socialistes (FFS); Front El Moustakbal (Avenir-FM); Mouvement El-Bina (Construction); Parti La Voix du Peuple (PVP) ; Parti de la Libert\u00e9 et de la Justice (PLJ); Front de l\u2019Alg\u00e9rie Nouvelle (FAN); Front de la Justice et du D\u00e9veloppement (FJD); El Fadjir El Djadid (Nouvelle Aube); El Karama (Dignit\u00e9); Front de la Bonne Gouvernance (FBG) ; Jil Jadid; Front National Alg\u00e9rien (FNA); Union pour le Changement et le Progr\u00e8s (UCP).<\/p>\n<p>&nbsp;<\/p>\n<p style=\"text-align: justify;\">\n","protected":false},"excerpt":{"rendered":"&nbsp; LES RELATIONS POLITIQUES ENTRE L&#8217;ALGERIE ET L&#8217;ITALIE Le site du Gouvernement Italien \u00a0 \u00a0 \u00a0 L&#8217;Alg\u00e9rie constitue un partenaire strat\u00e9gique pour l&#8217;Italie, non seulement au regard du partenariat \u00e9nerg\u00e9tique entre les deux Pays, mais surtout pour le partage d&#8217;objectifs prioritaires tels que la cr\u00e9ation d&#8217;une zone de s\u00e9curit\u00e9 et de prosp\u00e9rit\u00e9 en M\u00e9diterran\u00e9e, la [&hellip;]","protected":false},"author":1,"featured_media":0,"parent":0,"menu_order":4,"comment_status":"closed","ping_status":"closed","template":"","meta":{"footnotes":""},"class_list":["post-177","page","type-page","status-publish","hentry"],"_links":{"self":[{"href":"https:\/\/ambalgeri.esteri.it\/fr\/wp-json\/wp\/v2\/pages\/177","targetHints":{"allow":["GET"]}}],"collection":[{"href":"https:\/\/ambalgeri.esteri.it\/fr\/wp-json\/wp\/v2\/pages"}],"about":[{"href":"https:\/\/ambalgeri.esteri.it\/fr\/wp-json\/wp\/v2\/types\/page"}],"author":[{"embeddable":true,"href":"https:\/\/ambalgeri.esteri.it\/fr\/wp-json\/wp\/v2\/users\/1"}],"replies":[{"embeddable":true,"href":"https:\/\/ambalgeri.esteri.it\/fr\/wp-json\/wp\/v2\/comments?post=177"}],"version-history":[{"count":6,"href":"https:\/\/ambalgeri.esteri.it\/fr\/wp-json\/wp\/v2\/pages\/177\/revisions"}],"predecessor-version":[{"id":2073,"href":"https:\/\/ambalgeri.esteri.it\/fr\/wp-json\/wp\/v2\/pages\/177\/revisions\/2073"}],"wp:attachment":[{"href":"https:\/\/ambalgeri.esteri.it\/fr\/wp-json\/wp\/v2\/media?parent=177"}],"curies":[{"name":"wp","href":"https:\/\/api.w.org\/{rel}","templated":true}]}}