{"id":179,"date":"2023-04-11T18:10:30","date_gmt":"2023-04-11T16:10:30","guid":{"rendered":"https:\/\/ambalgeri.esteri.it\/italia-e-algeria\/diplomazia-economica\/"},"modified":"2024-10-08T18:37:47","modified_gmt":"2024-10-08T16:37:47","slug":"diplomazia-economica","status":"publish","type":"page","link":"https:\/\/ambalgeri.esteri.it\/fr\/italia-e-algeria\/diplomazia-economica\/","title":{"rendered":"Diplomatie \u00e9conomique"},"content":{"rendered":"<article id=\"articolo_centro\" class=\"col-md-19 col-sm-19 padding_articolo item-page\" role=\"main\" aria-label=\"articolo\">\n<div>\n<p style=\"text-align: justify;\">L&#8217;Alg\u00e9rie repr\u00e9sente un march\u00e9 strat\u00e9gique pour l&#8217;Italie en M\u00e9diterran\u00e9e. La coop\u00e9ration bilat\u00e9rale, qui s&#8217;est renforc\u00e9e au cours des deux derni\u00e8res ann\u00e9es, peut encore \u00eatre am\u00e9lior\u00e9e dans le cadre du plan Mattei pour l&#8217;Afrique, qui consid\u00e8re l&#8217;Alg\u00e9rie comme un \u00ab pays pilote \u00bb, c&#8217;est-\u00e0-dire un partenaire prioritaire dans divers secteurs.<\/p>\n<p style=\"text-align: justify;\">L&#8217;Italie est le troisi\u00e8me partenaire commercial de l&#8217;Alg\u00e9rie au niveau mondial, occupant la position de premier client et de troisi\u00e8me fournisseur. L&#8217;Alg\u00e9rie est le premier partenaire commercial de l&#8217;Italie sur le continent africain et est devenue le premier fournisseur de gaz naturel de l&#8217;Italie au niveau mondial. Nos exportations concernent principalement les v\u00e9hicules \u00e0 moteur, les machines et les produits issus du raffinage du p\u00e9trole. Les importations sont principalement constitu\u00e9es de gaz naturel (87%), de produits issus du raffinage du p\u00e9trole et de p\u00e9trole brut.<\/p>\n<p style=\"text-align: justify;\">Outre les \u00e9changes commerciaux, le partenariat \u00e9conomique entre l&#8217;Italie et l&#8217;Alg\u00e9rie se traduit \u00e9galement par une forte pr\u00e9sence des entreprises italiennes en Alg\u00e9rie, notamment dans les secteurs de l&#8217;\u00e9nergie, des infrastructures et de la construction, ainsi que dans de nombreux autres secteurs tels que la d\u00e9fense et l&#8217;agro-industrie.<\/p>\n<p style=\"text-align: justify;\">Le Bureau \u00e9conomique et commercial de l&#8217;Ambassade est charg\u00e9 du suivi et de la promotion des relations \u00e9conomiques et commerciales entre les deux pays, ainsi que du suivi de l&#8217;\u00e9conomie alg\u00e9rienne. A cette fin, il entretient des relations directes avec les autorit\u00e9s politiques et \u00e9conomiques alg\u00e9riennes, avec les organisations entrepreneuriales locales les plus influentes et avec les repr\u00e9sentants de la communaut\u00e9 d&#8217;affaires alg\u00e9rienne et italienne. Pour la promotion des relations commerciales, le Bureau \u00e9conomique et commercial collabore avec le Bureau de l&#8217;Agence ICE \u00e0 Alger <a href=\"https:\/\/www.ice.it\/it\/mercati\/algeria\/algeri\">https:\/\/www.ice.it\/it\/mercati\/algeria\/algeri<\/a><\/p>\n<p style=\"text-align: justify;\">Pour toute information sur les relations \u00e9conomiques et commerciales entre Italie et Alg\u00e9rie et sur les opportunit\u00e9s de commerce et d&#8217;investissement en Alg\u00e9rie, il est possible de consulter &#8220;InfoMercatiEsteri&#8221;, la plateforme du Minis\u00e8re des Affaires Etrang\u00e8res et de la Coop\u00e9ration International, aliment\u00e9e par l&#8217;Ambassade et le Bureau ICE (<em>site uniquement en\u00a0italien<\/em>):\u00a0<a href=\"http:\/\/www.infomercatiesteri.it\/paese.php?id_paesi=98\">InfoMercatiEsteri &#8211; Algeria<\/a><\/p>\n<p><a href=\"http:\/\/www.infomercatiesteri.it\/paese.php?id_paesi=98\"><img loading=\"lazy\" decoding=\"async\" class=\"alignnone\" src=\"https:\/\/ambalgeri.esteri.it\/wp-content\/uploads\/2023\/10\/infomercatiesteri-logo.jpg\" alt=\"infomercatiesteri logo\" width=\"794\" height=\"129\" \/><\/a><\/p>\n<\/div>\n<\/article>\n<p>Les entreprises italiennes qui souhaitent entrer en contact avec le bureau commercial de l&#8217;ambassade peuvent utiliser l&#8217;application Nexus en remplissant un court formulaire : Nexus &#8211; Demandes d&#8217;assistance des entreprises italiennes \u00e0 l&#8217;\u00e9tranger.<\/p>\n<p><a href=\"https:\/\/nexus.esteri.it\/\">Nexus \u2013 Richieste di assistenza delle imprese italiane all\u2019estero<\/a><\/p>\n<article id=\"articolo_centro\" class=\"col-md-19 col-sm-19 padding_articolo item-page\" role=\"main\" aria-label=\"articolo\">\n<hr \/>\n<\/article>\n<div class=\"row\">\n<p>27<\/p>\n<\/div>\n","protected":false},"excerpt":{"rendered":"L&#8217;Alg\u00e9rie repr\u00e9sente un march\u00e9 strat\u00e9gique pour l&#8217;Italie en M\u00e9diterran\u00e9e. La coop\u00e9ration bilat\u00e9rale, qui s&#8217;est renforc\u00e9e au cours des deux derni\u00e8res ann\u00e9es, peut encore \u00eatre am\u00e9lior\u00e9e dans le cadre du plan Mattei pour l&#8217;Afrique, qui consid\u00e8re l&#8217;Alg\u00e9rie comme un \u00ab pays pilote \u00bb, c&#8217;est-\u00e0-dire un partenaire prioritaire dans divers secteurs. L&#8217;Italie est le troisi\u00e8me partenaire commercial [&hellip;]","protected":false},"author":1,"featured_media":0,"parent":177,"menu_order":0,"comment_status":"closed","ping_status":"closed","template":"","meta":{"footnotes":""},"class_list":["post-179","page","type-page","status-publish","hentry"],"_links":{"self":[{"href":"https:\/\/ambalgeri.esteri.it\/fr\/wp-json\/wp\/v2\/pages\/179","targetHints":{"allow":["GET"]}}],"collection":[{"href":"https:\/\/ambalgeri.esteri.it\/fr\/wp-json\/wp\/v2\/pages"}],"about":[{"href":"https:\/\/ambalgeri.esteri.it\/fr\/wp-json\/wp\/v2\/types\/page"}],"author":[{"embeddable":true,"href":"https:\/\/ambalgeri.esteri.it\/fr\/wp-json\/wp\/v2\/users\/1"}],"replies":[{"embeddable":true,"href":"https:\/\/ambalgeri.esteri.it\/fr\/wp-json\/wp\/v2\/comments?post=179"}],"version-history":[{"count":7,"href":"https:\/\/ambalgeri.esteri.it\/fr\/wp-json\/wp\/v2\/pages\/179\/revisions"}],"predecessor-version":[{"id":1720,"href":"https:\/\/ambalgeri.esteri.it\/fr\/wp-json\/wp\/v2\/pages\/179\/revisions\/1720"}],"up":[{"embeddable":true,"href":"https:\/\/ambalgeri.esteri.it\/fr\/wp-json\/wp\/v2\/pages\/177"}],"wp:attachment":[{"href":"https:\/\/ambalgeri.esteri.it\/fr\/wp-json\/wp\/v2\/media?parent=179"}],"curies":[{"name":"wp","href":"https:\/\/api.w.org\/{rel}","templated":true}]}}