{"id":180,"date":"2023-04-11T18:23:52","date_gmt":"2023-04-11T16:23:52","guid":{"rendered":"https:\/\/ambalgeri.esteri.it\/italia-e-algeria\/diplomazia-economica\/fare-affari-in-algeria\/"},"modified":"2024-10-09T18:12:25","modified_gmt":"2024-10-09T16:12:25","slug":"fare-affari-in-algeria","status":"publish","type":"page","link":"https:\/\/ambalgeri.esteri.it\/fr\/italia-e-algeria\/diplomazia-economica\/fare-affari-in-algeria\/","title":{"rendered":"Faire des affaires en Algerie"},"content":{"rendered":"<p class=\"boxLevel03\">Les op\u00e9rateurs int\u00e9ress\u00e9s \u00e0 lancer des activit\u00e9s \u00e9conomiques en Alg\u00e9rie peuvent faire r\u00e9f\u00e9rence pour assistance et informations \u00e0 la section \u00e9conomique et commerciale de l\u2019Ambassade et au Bureau ICE d\u2019Alger.<\/p>\n<p>Section Economique et Commerciale pr\u00e8s de l\u2019Ambassade<br \/>\nTel.: + 213 23.051433\/34<br \/>\nFax: + 213 23.051423<br \/>\nEmail:\u00a0<a href=\"mailto:commerciale.algeri@esteri.it\">commerciale.algeri@esteri.it<\/a><\/p>\n<p>ICE\u00a0 Institut pour le Commerce Ext\u00e9rieur<br \/>\n13, Rue les Palmiers<br \/>\nEl Biar 16030 &#8211; Alger<br \/>\nTel : + 213 23 050812\/050813<br \/>\nFax : + 213 23 050813<br \/>\nEmail:\u00a0<a href=\"mailto:algeri@ice.it\">algeri@ice.it<\/a><br \/>\nDirecteur : M. Maurizio Motta<\/p>\n","protected":false},"excerpt":{"rendered":"Les op\u00e9rateurs int\u00e9ress\u00e9s \u00e0 lancer des activit\u00e9s \u00e9conomiques en Alg\u00e9rie peuvent faire r\u00e9f\u00e9rence pour assistance et informations \u00e0 la section \u00e9conomique et commerciale de l\u2019Ambassade et au Bureau ICE d\u2019Alger. Section Economique et Commerciale pr\u00e8s de l\u2019Ambassade Tel.: + 213 23.051433\/34 Fax: + 213 23.051423 Email:\u00a0commerciale.algeri@esteri.it ICE\u00a0 Institut pour le Commerce Ext\u00e9rieur 13, Rue les [&hellip;]","protected":false},"author":1,"featured_media":0,"parent":179,"menu_order":0,"comment_status":"closed","ping_status":"closed","template":"","meta":{"footnotes":""},"class_list":["post-180","page","type-page","status-publish","hentry"],"_links":{"self":[{"href":"https:\/\/ambalgeri.esteri.it\/fr\/wp-json\/wp\/v2\/pages\/180","targetHints":{"allow":["GET"]}}],"collection":[{"href":"https:\/\/ambalgeri.esteri.it\/fr\/wp-json\/wp\/v2\/pages"}],"about":[{"href":"https:\/\/ambalgeri.esteri.it\/fr\/wp-json\/wp\/v2\/types\/page"}],"author":[{"embeddable":true,"href":"https:\/\/ambalgeri.esteri.it\/fr\/wp-json\/wp\/v2\/users\/1"}],"replies":[{"embeddable":true,"href":"https:\/\/ambalgeri.esteri.it\/fr\/wp-json\/wp\/v2\/comments?post=180"}],"version-history":[{"count":6,"href":"https:\/\/ambalgeri.esteri.it\/fr\/wp-json\/wp\/v2\/pages\/180\/revisions"}],"predecessor-version":[{"id":1739,"href":"https:\/\/ambalgeri.esteri.it\/fr\/wp-json\/wp\/v2\/pages\/180\/revisions\/1739"}],"up":[{"embeddable":true,"href":"https:\/\/ambalgeri.esteri.it\/fr\/wp-json\/wp\/v2\/pages\/179"}],"wp:attachment":[{"href":"https:\/\/ambalgeri.esteri.it\/fr\/wp-json\/wp\/v2\/media?parent=180"}],"curies":[{"name":"wp","href":"https:\/\/api.w.org\/{rel}","templated":true}]}}