{"id":182,"date":"2023-04-11T18:24:57","date_gmt":"2023-04-11T16:24:57","guid":{"rendered":"https:\/\/ambalgeri.esteri.it\/italia-e-algeria\/diplomazia-culturale\/lingua-e-cultura-italiana\/"},"modified":"2023-09-10T19:04:43","modified_gmt":"2023-09-10T17:04:43","slug":"lingua-e-cultura-italiana","status":"publish","type":"page","link":"https:\/\/ambalgeri.esteri.it\/fr\/italia-e-algeria\/diplomazia-culturale\/lingua-e-cultura-italiana\/","title":{"rendered":"Langue et culture italiennes"},"content":{"rendered":"<p><strong>\u2022 Promotion et diffusion de l\u2019enseignement de la langue italienne:<\/strong><br \/>\nL\u2019enseignement de la langue italienne dans les \u00e9coles alg\u00e9riennes a vu le jour en 2004 avec l\u2019institution de cours facultatifs et extra-scolaires, \u00e0 la suite de l\u2019Accord Culturel de 2002 et gr\u00e2ce \u00e0 la contribution \u00e9conomique du Minist\u00e8re italien des Affaires Etrang\u00e8res et de la Coop\u00e9ration internationale (MAECI) .<br \/>\nEn 2013 la langue italienne a \u00e9t\u00e9 enfin introduite par le Minist\u00e8re alg\u00e9rien de l\u2019Education Nationale dans le cadre des programmes scolaires du syst\u00e8me \u00e9ducatif, en tant que troisi\u00e8me langue \u00e9trang\u00e8re, au m\u00eame titre que les langues espagnole et allemande.<br \/>\nL\u2019enseignement de la langue italienne est \u00e9galement assur\u00e9 au niveau des trois d\u00e9partements d\u2019italien aupr\u00e8s des universit\u00e9s di Alger 2, Blida et Annaba qui proposent le cursus universitaire complet jusqu\u2019\u00e0 la ma\u00eetrise, au master et au doctorat.<\/p>\n<p><strong>\u2022 La Certification de l\u2019italien comme Langue Etrang\u00e8re (CILS):<\/strong><br \/>\nLes Certificats d&#8217;italien sont des dipl\u00f4mes qui attestent du degr\u00e9 de comp\u00e9tence communicative de l\u2019italien comme langue \u00e9trang\u00e8re. Ils sont destin\u00e9s aux citoyens \u00e9trangers, aux citoyens italiens r\u00e9sidants \u00e0 l\u2019\u00e9tranger (descendants d\u2019\u00e9migr\u00e9s italiens) et aux \u00e9migr\u00e9s \u00e9trangers r\u00e9sidants en Italie.<br \/>\nPour soutenir les \u00e9preuves il n\u2019est pas n\u00e9cessaire de poss\u00e9der un dipl\u00f4me sp\u00e9cifique.<br \/>\nAfin que les Instituts Culturels Italiens puissent organiser les examens, le Minist\u00e8re des Affaires Etrang\u00e8res italien a sign\u00e9 des conventions avec les institutions suivantes:<br \/>\nUniversit\u00e0 per Stranieri di Perugia (CELI \u2013 CIC )-\u00a0<a href=\"http:\/\/www.cvcl.it\/home.aspx\">http:\/\/www.cvcl.it\/home.aspx<\/a><br \/>\nUniversit\u00e0 per Stranieri di Siena (CILS) &#8211;\u00a0<a href=\"http:\/\/www.unistrasi.it\/\">http:\/\/www.unistrasi.it\/<\/a><br \/>\nUniversit\u00e0 degli Studi Roma Tre (IT &#8211; ele.IT) &#8211;\u00a0<a href=\"http:\/\/host.uniroma3.it\/\">http:\/\/host.uniroma3.it\/<\/a><br \/>\nSociet\u00e0 Dante Alighieri (PLIDA) &#8211;\u00a0<a href=\"http:\/\/ladante.it\/\">http:\/\/ladante.it\/<\/a><br \/>\nCertification de l\u2019italien comme langue \u00e9trang\u00e8re \u00e0 l\u2019Institut Culturel Italien d\u2019Alger<br \/>\nIl est possible de soutenir, une fois par an, aupr\u00e8s de l\u2019Institut Culturel Italien d\u2019Alger, les \u00e9preuves IT et ele.IT pour la certification de la langue italienne de l\u2019Universit\u00e9 Roma Tre.<br \/>\nA partir du 2011, il est possible de soutenir aussi, deux fois par an, l&#8217;\u00e9preuve CILS pour la certification de la langue italienne de l&#8217;Universit\u00e0 per Stranieri di Siena.<\/p>\n<p>Les inscriptions doivent \u00eatre effectu\u00e9es au moins 40 jours \u00e0 l&#8217;avance au pres de l&#8217;Institut Culturel Italien \u00e0 Alger.<br \/>\nL\u2019Institut Culturel Italien \u00e0 Alger organise aussi des cours de langue qui correspondent aux niveaux A1 et A2. Le niveau A2 est n\u00e9cessaire pour les citoyens \u00e9trangers qui veulent obtenir un permis de s\u00e9jour UE de longue dur\u00e9e.<\/p>\n","protected":false},"excerpt":{"rendered":"\u2022 Promotion et diffusion de l\u2019enseignement de la langue italienne: L\u2019enseignement de la langue italienne dans les \u00e9coles alg\u00e9riennes a vu le jour en 2004 avec l\u2019institution de cours facultatifs et extra-scolaires, \u00e0 la suite de l\u2019Accord Culturel de 2002 et gr\u00e2ce \u00e0 la contribution \u00e9conomique du Minist\u00e8re italien des Affaires Etrang\u00e8res et de la [&hellip;]","protected":false},"author":1,"featured_media":0,"parent":181,"menu_order":0,"comment_status":"closed","ping_status":"closed","template":"","meta":{"footnotes":""},"class_list":["post-182","page","type-page","status-publish","hentry"],"_links":{"self":[{"href":"https:\/\/ambalgeri.esteri.it\/fr\/wp-json\/wp\/v2\/pages\/182","targetHints":{"allow":["GET"]}}],"collection":[{"href":"https:\/\/ambalgeri.esteri.it\/fr\/wp-json\/wp\/v2\/pages"}],"about":[{"href":"https:\/\/ambalgeri.esteri.it\/fr\/wp-json\/wp\/v2\/types\/page"}],"author":[{"embeddable":true,"href":"https:\/\/ambalgeri.esteri.it\/fr\/wp-json\/wp\/v2\/users\/1"}],"replies":[{"embeddable":true,"href":"https:\/\/ambalgeri.esteri.it\/fr\/wp-json\/wp\/v2\/comments?post=182"}],"version-history":[{"count":3,"href":"https:\/\/ambalgeri.esteri.it\/fr\/wp-json\/wp\/v2\/pages\/182\/revisions"}],"predecessor-version":[{"id":765,"href":"https:\/\/ambalgeri.esteri.it\/fr\/wp-json\/wp\/v2\/pages\/182\/revisions\/765"}],"up":[{"embeddable":true,"href":"https:\/\/ambalgeri.esteri.it\/fr\/wp-json\/wp\/v2\/pages\/181"}],"wp:attachment":[{"href":"https:\/\/ambalgeri.esteri.it\/fr\/wp-json\/wp\/v2\/media?parent=182"}],"curies":[{"name":"wp","href":"https:\/\/api.w.org\/{rel}","templated":true}]}}