{"id":184,"date":"2023-04-11T18:24:38","date_gmt":"2023-04-11T16:24:38","guid":{"rendered":"https:\/\/ambalgeri.esteri.it\/italia-e-algeria\/diplomazia-culturale\/studiare-in-italia\/"},"modified":"2023-09-10T19:00:27","modified_gmt":"2023-09-10T17:00:27","slug":"studiare-in-italia","status":"publish","type":"page","link":"https:\/\/ambalgeri.esteri.it\/fr\/italia-e-algeria\/diplomazia-culturale\/studiare-in-italia\/","title":{"rendered":"\u00c9tudier en Italie"},"content":{"rendered":"<p>\u2022\u00a0<strong>Bourses d&#8217;\u00e9tudes du Gouvernement Italien aux citoyens alg\u00e9riens:<\/strong><br \/>\nLes ressortissants alg\u00e9riens qui souhaitent \u00e9tudier ou effectuer des recherches en Italie peuvent b\u00e9n\u00e9ficier des bourses d\u2019\u00e9tude offertes par le MAECI.<br \/>\nVous pouvez consulter le site Web suivant<br \/>\n<a href=\"http:\/\/www.esteri.it\/MAE\/IT\/Ministero\/Servizi\/Stranieri\/Opportunita\/BorseStudio_stranieri.htm\">http:\/\/www.esteri.it\/MAE\/IT\/Ministero\/Servizi\/Stranieri\/Opportunita\/BorseStudio_stranieri.htm<\/a><\/p>\n<p>Conditions :<br \/>\nLes bourses sont offertes pour suivre des programmes d&#8217;\u00e9tudes de 2\u00e8me cycle et \/ ou de recherche aupr\u00e8s des suivantes institutions de l&#8217;\u00c9tat ou l\u00e9galement reconnues: Universit\u00e9, instituts universitaires , \u00e9coles polytechniques, instituts de l&#8217;enseignement sup\u00e9rieur pour l&#8217;art et la musique, instituts de restauration, \u00c9cole nationale de cin\u00e9ma, centres et laboratoires de recherche, biblioth\u00e8ques, archives et mus\u00e9es qui ont des accords avec des universit\u00e9s italiennes.<br \/>\nVous \u00eates pri\u00e9\/e de v\u00e9rifier la liste des institutions universitaires sur le site du MIUR :\u00a0<a href=\"http:\/\/www.istruzione.it\/web\/universita\/home\">http:\/\/www.istruzione.it\/web\/universita\/home<\/a>\u00a0ou bien\u00a0<a href=\"http:\/\/universitaly.it\/\">http:\/\/universitaly.it\/<\/a><\/p>\n<p>\u2022\u00a0<strong>Orientation, formation et proc\u00e9dures d\u2019admissions post-bac des \u00e9tudiants alg\u00e9riens aux universit\u00e9s alg\u00e9riennes:<\/strong><br \/>\nUNIVERSITES<br \/>\nDes informations d&#8217;int\u00e9r\u00eat g\u00e9n\u00e9ral sur l&#8217;organisation et sur le fonctionnement des universit\u00e9s italiennes se trouvent dans la rubrique du site du Minist\u00e8re de l\u2019Education de l\u2019Universit\u00e9 et de la Recherche (MIUR)<br \/>\nQuelles sont-elles et combien sont-elles?<br \/>\nLa liste compl\u00e8te des universit\u00e9s peut \u00eatre consult\u00e9e \u00e0 travers<br \/>\nLe moteur de recherche du MIUR\u00a0<a href=\"http:\/\/cercauniversita.cineca.it\/index.php?module=strutture&amp;page=StructureSearchParams&amp;advanced_serch=1\">http:\/\/cercauniversita.cineca.it\/index.php?module=strutture&amp;page=StructureSearchParams&amp;advanced_serch=1<\/a><br \/>\nLe plan th\u00e8matique propos\u00e9 par Universit\u00e9 de Bologne\u00a0<a href=\"http:\/\/www.unibo.it\/Portale\/Guida\/Universita+nel+mondo\/Unimondo.htm\">http:\/\/www.unibo.it\/Portale\/Guida\/Universita+nel+mondo\/Unimondo.htm<\/a><br \/>\nLa page de la CRUI (Conference des Recteurs des Universit\u00e9s Italiennes)\u00a0<a href=\"http:\/\/www.crui.it\/\">http:\/\/www.crui.it\/<\/a><br \/>\nInscriptions des \u00e9tudiants \u00e9trangers<br \/>\nLes \u00e9tudiants \u00e9trangers int\u00e9ress\u00e9s \u00e0 poursuivre leur \u00e9tudes dans les universit\u00e9s italiennes peuvent trouver des informations utiles sur le nombre de places qui leur est r\u00e9serv\u00e9, \u00e0 travers le moteur de recherche Cineca\u00a0<a href=\"http:\/\/sito.cineca.it\/\">http:\/\/sito.cineca.it\/<\/a>\u00a0et dans une rubrique appropri\u00e9e du site MIUR\u00a0<a href=\"http:\/\/www.miur.it\/0002Univer\/0023Studen\/0059Studen\/0619docume\/4794Dispos_cf2.htm\">http:\/\/www.miur.it\/0002Univer\/0023Studen\/0059Studen\/0619docume\/4794Dispos_cf2.htm<\/a>\u00a0.<br \/>\nLes r\u00e9sidences universitaires de la CCU constituent des solutions remarquablement plus comp\u00e9titives en termes de rapport qualit\u00e9 \/ prix et sont situ\u00e9s dans 14 villes italiennes.<br \/>\nDans le cadre de la CCU on pourra indiquer \u00e9galement l&#8217;excellence des coll\u00e8ges de la Fondation RUI (<a href=\"http:\/\/www.fondazionerui.it\/\">www.fondazionerui.it<\/a>\u00a0) et CAMPLUS (<a href=\"http:\/\/www.camplus.it\/\">www.camplus.it<\/a>\u00a0).<\/p>\n<p>ECOLES<br \/>\nDes Informations g\u00e9n\u00e9rales sur le syst\u00e8me scolaire italien et des informations utiles on peut les trouver dans la section du site Ministero dell&#8217;Istruzione dell&#8217;Universit\u00e0 e della Ricerca (MIUR).<br \/>\nQuelles sont et combien sont-elles?<br \/>\nLa liste compl\u00e8te des \u00e9coles peut \u00eatre consult\u00e9e avec les moteurs de recherche suivants:<br \/>\nEcoles Etatiques\u00a0<a href=\"http:\/\/archivio.pubblica.istruzione.it\/anagrafica_scuole\/statali.shtml\">http:\/\/archivio.pubblica.istruzione.it\/anagrafica_scuole\/statali.shtml<\/a><br \/>\nEcoles Non Etatiques\u00a0<a href=\"http:\/\/archivio.pubblica.istruzione.it\/anagrafica_scuole\/nonstatali.shtml\">http:\/\/archivio.pubblica.istruzione.it\/anagrafica_scuole\/nonstatali.shtml<\/a><br \/>\nHAUTE FORMATION ARTISTIQUE ET MUSICALE<br \/>\nLa liste compl\u00e8te des \u00e9coles, des conservatoires et des Instituts de Haute Formation Artistique et Musicale<br \/>\nDEVENIR ENSEIGNANT D&#8217;ITALIEN &#8211; LANGUE ETRANGERE<br \/>\nProgetto ITALS &#8211; D\u00e9partement des Sciences du Language de l&#8217;Universit\u00e9 Ca&#8217; Foscari de Venise\u00a0<a href=\"http:\/\/www.itals.it\/search\/node\/index.php\">http:\/\/www.itals.it\/search\/node\/index.php<\/a><br \/>\nDITALS &#8211; Certificat de capacit\u00e9 en didactique de l&#8217;italien pour \u00e9trangers &#8211; Universit\u00e0 per Stranieri di Siena\u00a0<a href=\"http:\/\/www.ditals.com\/\">http:\/\/www.ditals.com\/<\/a><br \/>\nLicence d&#8217;enseignement de la langue et de la culture italienne pour \u00e9trangers &#8211; Universit\u00e0 per Stranieri di Perugia\u00a0<a href=\"https:\/\/www.unistrapg.it\/laurea-insegnamento-della-lingua-e-della-cultura-italiana-stranieri-50999\">https:\/\/www.unistrapg.it\/laurea-insegnamento-della-lingua-e-della-cultura-italiana-stranieri-50999<\/a>\u00a0.<\/p>\n","protected":false},"excerpt":{"rendered":"\u2022\u00a0Bourses d&#8217;\u00e9tudes du Gouvernement Italien aux citoyens alg\u00e9riens: Les ressortissants alg\u00e9riens qui souhaitent \u00e9tudier ou effectuer des recherches en Italie peuvent b\u00e9n\u00e9ficier des bourses d\u2019\u00e9tude offertes par le MAECI. Vous pouvez consulter le site Web suivant http:\/\/www.esteri.it\/MAE\/IT\/Ministero\/Servizi\/Stranieri\/Opportunita\/BorseStudio_stranieri.htm Conditions : Les bourses sont offertes pour suivre des programmes d&#8217;\u00e9tudes de 2\u00e8me cycle et \/ ou de [&hellip;]","protected":false},"author":1,"featured_media":0,"parent":181,"menu_order":0,"comment_status":"closed","ping_status":"closed","template":"","meta":{"footnotes":""},"class_list":["post-184","page","type-page","status-publish","hentry"],"_links":{"self":[{"href":"https:\/\/ambalgeri.esteri.it\/fr\/wp-json\/wp\/v2\/pages\/184","targetHints":{"allow":["GET"]}}],"collection":[{"href":"https:\/\/ambalgeri.esteri.it\/fr\/wp-json\/wp\/v2\/pages"}],"about":[{"href":"https:\/\/ambalgeri.esteri.it\/fr\/wp-json\/wp\/v2\/types\/page"}],"author":[{"embeddable":true,"href":"https:\/\/ambalgeri.esteri.it\/fr\/wp-json\/wp\/v2\/users\/1"}],"replies":[{"embeddable":true,"href":"https:\/\/ambalgeri.esteri.it\/fr\/wp-json\/wp\/v2\/comments?post=184"}],"version-history":[{"count":2,"href":"https:\/\/ambalgeri.esteri.it\/fr\/wp-json\/wp\/v2\/pages\/184\/revisions"}],"predecessor-version":[{"id":762,"href":"https:\/\/ambalgeri.esteri.it\/fr\/wp-json\/wp\/v2\/pages\/184\/revisions\/762"}],"up":[{"embeddable":true,"href":"https:\/\/ambalgeri.esteri.it\/fr\/wp-json\/wp\/v2\/pages\/181"}],"wp:attachment":[{"href":"https:\/\/ambalgeri.esteri.it\/fr\/wp-json\/wp\/v2\/media?parent=184"}],"curies":[{"name":"wp","href":"https:\/\/api.w.org\/{rel}","templated":true}]}}