{"id":189,"date":"2023-04-11T18:10:55","date_gmt":"2023-04-11T16:10:55","guid":{"rendered":"https:\/\/ambalgeri.esteri.it\/italia-e-algeria\/diplomazia-scientifica\/"},"modified":"2024-10-08T17:49:49","modified_gmt":"2024-10-08T15:49:49","slug":"diplomazia-scientifica","status":"publish","type":"page","link":"https:\/\/ambalgeri.esteri.it\/fr\/italia-e-algeria\/diplomazia-scientifica\/","title":{"rendered":"Diplomatie scientifique"},"content":{"rendered":"<p style=\"text-align: justify;\">La coop\u00e9ration scientifique entre l&#8217;Italie et l&#8217;Alg\u00e9rie remonte \u00e0 1975, date de la signature du premier accord intergouvernemental de coop\u00e9ration scientifique et technologique entre les deux pays. Ce premier trait\u00e9 a \u00e9t\u00e9 remplac\u00e9 en juin 2002 par un nouvel accord bilat\u00e9ral de coop\u00e9ration culturelle, scientifique et technologique qui est entr\u00e9 en vigueur le 25.5.2004. Par cet accord, l&#8217;Italie et l&#8217;Alg\u00e9rie s&#8217;engagent \u00e0 promouvoir, sur la base de la r\u00e9ciprocit\u00e9 et du consentement mutuel, le d\u00e9veloppement de la coop\u00e9ration scientifique et technologique \u00e0 travers l&#8217;\u00e9change d&#8217;informations et d&#8217;exp\u00e9riences, la mise en \u0153uvre de projets dans des secteurs d&#8217;int\u00e9r\u00eat commun et l&#8217;organisation de conf\u00e9rences et de s\u00e9minaires. Les deux parties contractantes s&#8217;engagent \u00e0 donner la priorit\u00e9 aux formes de coop\u00e9ration dans les domaines suivants :<\/p>\n<ol>\n<li style=\"text-align: justify;\">a) la formation scientifique, technique et professionnelle<\/li>\n<li style=\"text-align: justify;\">b) la collaboration entre les universit\u00e9s et les organismes scientifiques et technologiques publics et priv\u00e9s des pays respectifs ;<\/li>\n<li style=\"text-align: justify;\">c) les nouvelles sources d&#8217;\u00e9nergie et l&#8217;exploitation des ressources naturelles ;<\/li>\n<li style=\"text-align: justify;\">d) la gestion int\u00e9gr\u00e9e des ressources en eau;<\/li>\n<li style=\"text-align: justify;\">e) la lutte contre la d\u00e9sertification;<\/li>\n<li style=\"text-align: justify;\">f) la diffusion, la valorisation et le transfert des connaissances et des innovations technologiques.<\/li>\n<\/ol>\n<p style=\"text-align: justify;\">Il a \u00e9t\u00e9 suivi de plusieurs protocoles ex\u00e9cutifs &#8211; le plus r\u00e9cent couvrant la p\u00e9riode 2022-2024 &#8211; qui ont permis de mettre en \u0153uvre l&#8217;accord et de r\u00e9aliser des projets dans des domaines d&#8217;int\u00e9r\u00eat mutuel, tout en favorisant la mobilit\u00e9 des chercheurs.<\/p>\n<p style=\"text-align: justify;\">Enfin, une nouvelle d\u00e9claration d&#8217;intention sur la coop\u00e9ration dans le domaine de la science et de la recherche a \u00e9t\u00e9 sign\u00e9e lors du 4e sommet intergouvernemental le 22 juillet 2022, dans le but de renforcer davantage la coop\u00e9ration entre les deux pays, en particulier dans les domaines suivants<\/p>\n<p style=\"text-align: justify;\">(a) S\u00e9curit\u00e9 alimentaire ;<\/p>\n<ol style=\"text-align: justify;\">\n<li>b) \u00c9conomie \u00ab bleue \u00bb durable ;<\/li>\n<li>c) S\u00e9curit\u00e9 \u00e9nerg\u00e9tique ;<\/li>\n<li>d) Acc\u00e8s aux soins m\u00e9dicaux ;<\/li>\n<li>e) Protection du patrimoine ;<\/li>\n<li>f) Lutte contre les nouveaux d\u00e9fis ;<\/li>\n<\/ol>\n<p style=\"text-align: justify;\">(g) Intelligence artificielle ;<\/p>\n<p style=\"text-align: justify;\">(h) la num\u00e9risation de l&#8217;\u00e9conomie ;<\/p>\n<p style=\"text-align: justify;\">\n<p style=\"text-align: justify;\">Enfin, en mai 2024, le minist\u00e8re italien de l&#8217;Universit\u00e9 et de la Recherche et le minist\u00e8re alg\u00e9rien de l&#8217;Enseignement sup\u00e9rieur ont sign\u00e9 un protocole d&#8217;accord sur l&#8217;enseignement sup\u00e9rieur et la recherche scientifique.<\/p>\n","protected":false},"excerpt":{"rendered":"La coop\u00e9ration scientifique entre l&#8217;Italie et l&#8217;Alg\u00e9rie remonte \u00e0 1975, date de la signature du premier accord intergouvernemental de coop\u00e9ration scientifique et technologique entre les deux pays. Ce premier trait\u00e9 a \u00e9t\u00e9 remplac\u00e9 en juin 2002 par un nouvel accord bilat\u00e9ral de coop\u00e9ration culturelle, scientifique et technologique qui est entr\u00e9 en vigueur le 25.5.2004. Par [&hellip;]","protected":false},"author":1,"featured_media":0,"parent":177,"menu_order":4,"comment_status":"closed","ping_status":"closed","template":"","meta":{"footnotes":""},"class_list":["post-189","page","type-page","status-publish","hentry"],"_links":{"self":[{"href":"https:\/\/ambalgeri.esteri.it\/fr\/wp-json\/wp\/v2\/pages\/189","targetHints":{"allow":["GET"]}}],"collection":[{"href":"https:\/\/ambalgeri.esteri.it\/fr\/wp-json\/wp\/v2\/pages"}],"about":[{"href":"https:\/\/ambalgeri.esteri.it\/fr\/wp-json\/wp\/v2\/types\/page"}],"author":[{"embeddable":true,"href":"https:\/\/ambalgeri.esteri.it\/fr\/wp-json\/wp\/v2\/users\/1"}],"replies":[{"embeddable":true,"href":"https:\/\/ambalgeri.esteri.it\/fr\/wp-json\/wp\/v2\/comments?post=189"}],"version-history":[{"count":4,"href":"https:\/\/ambalgeri.esteri.it\/fr\/wp-json\/wp\/v2\/pages\/189\/revisions"}],"predecessor-version":[{"id":1698,"href":"https:\/\/ambalgeri.esteri.it\/fr\/wp-json\/wp\/v2\/pages\/189\/revisions\/1698"}],"up":[{"embeddable":true,"href":"https:\/\/ambalgeri.esteri.it\/fr\/wp-json\/wp\/v2\/pages\/177"}],"wp:attachment":[{"href":"https:\/\/ambalgeri.esteri.it\/fr\/wp-json\/wp\/v2\/media?parent=189"}],"curies":[{"name":"wp","href":"https:\/\/api.w.org\/{rel}","templated":true}]}}