{"id":190,"date":"2023-04-11T18:11:52","date_gmt":"2023-04-11T16:11:52","guid":{"rendered":"https:\/\/ambalgeri.esteri.it\/italia-e-algeria\/cooperazione-allo-sviluppo\/"},"modified":"2024-10-08T18:09:12","modified_gmt":"2024-10-08T16:09:12","slug":"cooperazione-allo-sviluppo","status":"publish","type":"page","link":"https:\/\/ambalgeri.esteri.it\/fr\/italia-e-algeria\/cooperazione-allo-sviluppo\/","title":{"rendered":"Coop\u00e9ration au d\u00e9veloppement"},"content":{"rendered":"<p style=\"text-align: justify;\">Les premi\u00e8res activit\u00e9s de la coop\u00e9ration italienne au d\u00e9veloppement en Alg\u00e9rie remontent au d\u00e9but des ann\u00e9es 1970. Depuis lors, de nombreuses interventions ont \u00e9t\u00e9 men\u00e9es dans des secteurs allant de la construction d&#8217;ouvrages publics au soutien de l&#8217;industrie et de l&#8217;agriculture, en passant par la restauration et la protection du patrimoine culturel. On peut citer la restauration du \u00ab Bastion 23 \u00bb \u00e0 Alger, financ\u00e9e par une ligne de cr\u00e9dit, et les \u00e9tudes pour la restauration de la Casbah. L&#8217;Alg\u00e9rie disposant de ressources propres consid\u00e9rables pour promouvoir le d\u00e9veloppement national, les interventions de la Coop\u00e9ration italienne ont historiquement privil\u00e9gi\u00e9 les aspects qualitatifs, tels que la formation et le transfert de comp\u00e9tences et de technologies.<\/p>\n<p style=\"text-align: justify;\">Bien que l&#8217;Alg\u00e9rie ne figure pas actuellement parmi les pays prioritaires d&#8217;intervention, la Coop\u00e9ration italienne intervient dans le pays principalement par le biais de fonds humanitaires pour soutenir les organisations internationales et les organisations de la soci\u00e9t\u00e9 civile engag\u00e9es \u00e0 assurer une vie digne \u00e0 la population sahraouie. A cela s&#8217;ajoutent les interventions approuv\u00e9es en 2024 dans le cadre de l&#8217;accord de conversion de la dette italo-alg\u00e9rienne &#8211; sign\u00e9 en 2011 pour une valeur de 10 millions d&#8217;euros &#8211; d\u00e9di\u00e9es principalement aux secteurs socio-\u00e9conomiques et \u00e0 la protection de l&#8217;environnement.<\/p>\n<p style=\"text-align: justify;\">Pour plus d&#8217;informations sur les activit\u00e9s de la Coop\u00e9ration italienne en Alg\u00e9rie, veuillez consulter le site <a href=\"https:\/\/tunisi.aics.gov.it\">https:\/\/tunisi.aics.gov.it<\/a>.<\/p>\n","protected":false},"excerpt":{"rendered":"Les premi\u00e8res activit\u00e9s de la coop\u00e9ration italienne au d\u00e9veloppement en Alg\u00e9rie remontent au d\u00e9but des ann\u00e9es 1970. Depuis lors, de nombreuses interventions ont \u00e9t\u00e9 men\u00e9es dans des secteurs allant de la construction d&#8217;ouvrages publics au soutien de l&#8217;industrie et de l&#8217;agriculture, en passant par la restauration et la protection du patrimoine culturel. On peut citer [&hellip;]","protected":false},"author":1,"featured_media":0,"parent":177,"menu_order":6,"comment_status":"closed","ping_status":"closed","template":"","meta":{"footnotes":""},"class_list":["post-190","page","type-page","status-publish","hentry"],"_links":{"self":[{"href":"https:\/\/ambalgeri.esteri.it\/fr\/wp-json\/wp\/v2\/pages\/190","targetHints":{"allow":["GET"]}}],"collection":[{"href":"https:\/\/ambalgeri.esteri.it\/fr\/wp-json\/wp\/v2\/pages"}],"about":[{"href":"https:\/\/ambalgeri.esteri.it\/fr\/wp-json\/wp\/v2\/types\/page"}],"author":[{"embeddable":true,"href":"https:\/\/ambalgeri.esteri.it\/fr\/wp-json\/wp\/v2\/users\/1"}],"replies":[{"embeddable":true,"href":"https:\/\/ambalgeri.esteri.it\/fr\/wp-json\/wp\/v2\/comments?post=190"}],"version-history":[{"count":4,"href":"https:\/\/ambalgeri.esteri.it\/fr\/wp-json\/wp\/v2\/pages\/190\/revisions"}],"predecessor-version":[{"id":1708,"href":"https:\/\/ambalgeri.esteri.it\/fr\/wp-json\/wp\/v2\/pages\/190\/revisions\/1708"}],"up":[{"embeddable":true,"href":"https:\/\/ambalgeri.esteri.it\/fr\/wp-json\/wp\/v2\/pages\/177"}],"wp:attachment":[{"href":"https:\/\/ambalgeri.esteri.it\/fr\/wp-json\/wp\/v2\/media?parent=190"}],"curies":[{"name":"wp","href":"https:\/\/api.w.org\/{rel}","templated":true}]}}