{"id":199,"date":"2023-04-11T18:19:34","date_gmt":"2023-04-11T16:19:34","guid":{"rendered":"https:\/\/ambalgeri.esteri.it\/pensioni-e-sicurezza-sociale\/"},"modified":"2023-07-13T11:18:51","modified_gmt":"2023-07-13T09:18:51","slug":"pensioni-e-sicurezza-sociale","status":"publish","type":"page","link":"https:\/\/ambalgeri.esteri.it\/fr\/servizi-consolari-e-visti\/servizi-per-il-cittadino-italiano\/pensioni-e-sicurezza-sociale\/","title":{"rendered":"Pensions et s\u00e9curit\u00e9 sociale"},"content":{"rendered":"<p><strong>LA SECURITE SOCIALE<\/p>\n<p><\/strong>Par &#8220;s\u00e9curit\u00e9 sociale&#8221; on entend un ensemble d&#8217;interventions finalis\u00e9es \u00e0 l&#8217;octroi de biens et de services pour les citoyens qui se trouvent dans le besoin; de telles interventions vont des soins gratuits aux indigents, \u00e0 la pr\u00e9disposition et int\u00e9gration d&#8217;organismes et instituts qui assurent aux citoyens inaptes au travail et d\u00e9pourvus de moyens sociaux pour vivre, l&#8217;entretien et l&#8217;assistance sociale, et, aux travailleurs, les moyens ad\u00e9quats aux exigences de vie en cas d&#8217;accident, de maladie, d\u2019invalidit\u00e9, de vieillesse et de ch\u00f4mage involontaire.<\/p>\n<p>La s\u00e9curit\u00e9 sociale comprend:<\/p>\n<ul>\n<li>L&#8217;assistance sociale qui tend \u00e0 une fonction g\u00e9n\u00e9rique de tutelle des d\u00e9munis, tutelle \u00e9tendue \u00e0 tous les citoyens en toute occasion de besoin, la s\u00e9curit\u00e9 sociale dont la comp\u00e9tence est la fonction sp\u00e9cifique de tutelle des travailleurs.<\/li>\n<li>Les prestations principales sont la pension de retraite, la pension d\u2019anciennet\u00e9, l\u2019indemnisation ordinaire d\u2019invalidit\u00e9, la pension d&#8217;invalidit\u00e9, la pension aux survivants, la pension sociale.<\/li>\n<\/ul>\n<p>le d\u00e9cret-loi n\u00b0 201 du 6 d\u00e9cembre 2011 (Dispositions urgentes pour la croissance, l\u2019\u00e9quit\u00e9 et la\u00a0 consolidation des comptes publics), converti, avec modifications, par la loi n\u00b0 214 du 22 d\u00e9cembre 2011, a\u00a0 introduit de\u00a0 nouvelles dispositions en mati\u00e8re des traitements des retraites.<\/p>\n<p>Pour plus de renseignements sur la\u00a0la r\u00e9forme des retraites cliquer <a href=\"https:\/\/ambalgeri.esteri.it\/wp-content\/uploads\/2023\/07\/57501_f_amb61RIFORMA_PENSIONI.pdf\">ici<\/a>.<\/p>\n<p>Pour les d\u00e9tails consulter le\u00a0<a title=\"Site web de l'INPS\" href=\"http:\/\/www.inps.it\/\">site web de l&#8217;INPS<\/a>.<\/p>\n<p><strong>LA SECURITE SOCIALE INTERNATIONALE<\/p>\n<p><\/strong>Par &#8220;s\u00e9curit\u00e9 sociale internationale&#8221; on entend la protection sociale des citoyens d&#8217;un pays r\u00e9sidents habituellement dans un autre pays. Elle est garantie \u00e0 travers une r\u00e9glementation internationale. La protection sociale est r\u00e9alis\u00e9e au sein de l\u2019Union Europ\u00e9enne avec l&#8217;application des R\u00e8glements Communautaires de s\u00e9curit\u00e9 sociale, imm\u00e9diatement et directement applicable sur le territoire des 27 pays qui font partie actuellement de l&#8217;Union Europ\u00e9enne.<br \/>\nA partir du 1er juin 2002 cette loi a \u00e9t\u00e9 appliqu\u00e9e \u00e9galement \u00e0 la Conf\u00e9d\u00e9ration Suisse gr\u00e2ce \u00e0 un accord stipul\u00e9.<\/p>\n<p>Dans les zones extracommunautaires, la protection sociale est normalement r\u00e9alis\u00e9e par des Conventions bilat\u00e9rales. Il n\u2019existe actuellement pas de Convention Bilat\u00e9rale entre l\u2019Italie et l\u2019Alg\u00e9rie en mati\u00e8re de protection sociale.<\/p>\n<p><strong>LES ASPETS FISCAUX<\/p>\n<p><\/strong>En ce qui concerne les aspects fiscaux des pensions, l&#8217;Italie a stipul\u00e9 avec de nombreux pays des conventions pour \u00e9viter la double imposition fiscale. Telles conventions pr\u00e9voient la d\u00e9taxation de la pension dans le pays qui verse la pension et la taxation dans le seul pays de r\u00e9sidence.<\/p>\n<p>Avec l&#8217;Alg\u00e9rie, la\u00a0<a href=\"https:\/\/ambalgeri.esteri.it\/wp-content\/uploads\/2023\/07\/57500_f_amb61CONVENZIONE_IMPOSIZIONE.pdf\">Convention pour \u00e9viter la double imposition fiscale<\/a>\u00a0est entr\u00e9e en vigueur depuis le 3 f\u00e9vrier 1991.<br \/>\nTelle convention pr\u00e9voit la d\u00e9taxation de la pension dans le pays qui verse et la taxation dans le seul pays de r\u00e9sidence<\/p>\n<p><strong>LE PAIEMENT DES PENSIONS \u00c0 L&#8217;\u00c9TRANGER INPS (Istituto Nazionale Previdenza Sociale = Institut National de la S\u00e9curit\u00e9 Sociale)<\/p>\n<p><\/strong>Pour le paiement des pensions (plus de 411.000) aux ayants droit r\u00e9sidents \u00e0 l&#8217;\u00e9tranger (dans 131 pays). L&#8217;INPS se servira, \u00e0 partir du mois de f\u00e9vrier 2012 et pour une dur\u00e9e de trois ans, de Citibank, un groupe bancaire international\u00a0d&#8217;une exp\u00e9rience reconnue dans le secteur, adjudicataire d\u2019un appel d\u2019offre. La banque charg\u00e9e du service \u0153uvre \u00e0 son tour par le biais d\u2019instituts de cr\u00e9dit correspondants dans les diff\u00e9rentes zones.<\/p>\n<p>Les pensions sont vers\u00e9es aux r\u00e9sidents \u00e0 l&#8217;\u00e9tranger chaque mois. Les pensions d&#8217;un montant inf\u00e9rieur \u00e0 la limite \u00e9tablie par la loi sont pay\u00e9es semestriellement ainsi que pour les pensionn\u00e9s en Italie. Les paiement des pensions est en g\u00e9n\u00e9ral effectu\u00e9 par un versement sur le compte courant du pensionn\u00e9.<\/p>\n<p>La banque charg\u00e9e des paiements a le devoir de v\u00e9rifier annuellement l&#8217;existence en vie, l&#8217;adresse et la r\u00e9sidence du retrait\u00e9.<br \/>\nPour l\u2019\u00e9tablissement du certificat de vie par le bureau consulaire\u00a0il est n\u00e9cessaire que l\u2019int\u00e9ress\u00e9 se pr\u00e9sente en personne au bureau consulaire, ou qu\u2019il pr\u00e9sente des documents analogues d\u00e9livr\u00e9s par les autorit\u00e9s locales.<br \/>\nPour cette\u00a0ann\u00e9e, les certificats de vie devront parvenir d\u2019ici le\u00a02 juin 2012.\u00a0Par Cons\u00e9quent, la suspension du paiement des retraites des sujets qui ne termineront pas le processus de v\u00e9rification de l\u2019existence, d\u2019ici les termes susmentionn\u00e9s, sera dispos\u00e9e \u00e0 partir de la tranche de juillet 2012.<\/p>\n<p><strong>LES LIAISONS INPS ET LES BUREAUX CONSULAIRES<\/p>\n<p><\/strong>Afin de rendre plus pratique et maniable le traitement des dossiers, des liaisons t\u00e9l\u00e9matiques entre l&#8217;INPS et les Bureaux consulaires \u00e0 l&#8217;\u00e9tranger ont \u00e9t\u00e9 activ\u00e9es. Ainsi les b\u00e9n\u00e9ficiaires qui vivent \u00e0 l&#8217;\u00e9tranger, en se rendant au Consulat, ils peuvent obtenir des \u00e9l\u00e9ments d&#8217;information inh\u00e9rents leur position \u00e0 l&#8217;INPS.<br \/>\nPour toute autre information, on vous invite \u00e0 prendre contact avec la\u00a0<a title=\"la Chancellerie Consulairte del'Ambassade d'Italie\" href=\"mailto:anagrafe.algeri@esteri.it\">Chancellerie Consulaire de l\u2019Ambassade d\u2019Italie \u00e0 Alger<\/a>.<\/p>\n","protected":false},"excerpt":{"rendered":"LA SECURITE SOCIALE Par &#8220;s\u00e9curit\u00e9 sociale&#8221; on entend un ensemble d&#8217;interventions finalis\u00e9es \u00e0 l&#8217;octroi de biens et de services pour les citoyens qui se trouvent dans le besoin; de telles interventions vont des soins gratuits aux indigents, \u00e0 la pr\u00e9disposition et int\u00e9gration d&#8217;organismes et instituts qui assurent aux citoyens inaptes au travail et d\u00e9pourvus de [&hellip;]","protected":false},"author":1,"featured_media":0,"parent":200,"menu_order":50,"comment_status":"closed","ping_status":"closed","template":"","meta":{"footnotes":""},"class_list":["post-199","page","type-page","status-publish","hentry"],"_links":{"self":[{"href":"https:\/\/ambalgeri.esteri.it\/fr\/wp-json\/wp\/v2\/pages\/199","targetHints":{"allow":["GET"]}}],"collection":[{"href":"https:\/\/ambalgeri.esteri.it\/fr\/wp-json\/wp\/v2\/pages"}],"about":[{"href":"https:\/\/ambalgeri.esteri.it\/fr\/wp-json\/wp\/v2\/types\/page"}],"author":[{"embeddable":true,"href":"https:\/\/ambalgeri.esteri.it\/fr\/wp-json\/wp\/v2\/users\/1"}],"replies":[{"embeddable":true,"href":"https:\/\/ambalgeri.esteri.it\/fr\/wp-json\/wp\/v2\/comments?post=199"}],"version-history":[{"count":4,"href":"https:\/\/ambalgeri.esteri.it\/fr\/wp-json\/wp\/v2\/pages\/199\/revisions"}],"predecessor-version":[{"id":606,"href":"https:\/\/ambalgeri.esteri.it\/fr\/wp-json\/wp\/v2\/pages\/199\/revisions\/606"}],"up":[{"embeddable":true,"href":"https:\/\/ambalgeri.esteri.it\/fr\/wp-json\/wp\/v2\/pages\/200"}],"wp:attachment":[{"href":"https:\/\/ambalgeri.esteri.it\/fr\/wp-json\/wp\/v2\/media?parent=199"}],"curies":[{"name":"wp","href":"https:\/\/api.w.org\/{rel}","templated":true}]}}