{"id":205,"date":"2023-04-11T18:20:20","date_gmt":"2023-04-11T16:20:20","guid":{"rendered":"https:\/\/ambalgeri.esteri.it\/servizi-consolari-e-visti\/servizi-per-il-cittadino-italiano\/codice-fiscale\/"},"modified":"2023-07-05T10:45:37","modified_gmt":"2023-07-05T08:45:37","slug":"codice-fiscale","status":"publish","type":"page","link":"https:\/\/ambalgeri.esteri.it\/fr\/servizi-consolari-e-visti\/servizi-per-il-cittadino-italiano\/codice-fiscale\/","title":{"rendered":"Code fiscal"},"content":{"rendered":"<p>Le code fiscal, qui constitue le moyen\u00a0 d&#8217;identification du citoyen dans les rapports avec les organismes et les administrations publiques italiennes, il est \u00e9mit par l&#8217;agence des imp\u00f4ts.<\/p>\n<p>Il est possible de le demander \u00e0 l&#8217;\u00e9tranger par l&#8217;interm\u00e9diaire du bureau consulaire aussi bien par les\u00a0 italiens que par les \u00e9trangers.<\/p>\n<p>L&#8217;attribution du code fiscal est imm\u00e9diate et survient \u00e0 travers une liaison t\u00e9l\u00e9matique sp\u00e9ciale avec le service \u00ab Fisconline \u00bb de l&#8217;Agence des imp\u00f4ts qui proc\u00e9dera successivement a l\u2019envoie de\u00a0 la carte du code fiscal.<\/p>\n<p>Pour demander le code fiscal au pr\u00e8s du bureau consulaire il est n\u00e9cessaire de pr\u00e9senter le formulaire de demande AA4\/8 qui se trouve sur le site de la &#8220;Agenzia delle Entrate&#8221; accompagn\u00e9 d\u2019une copie d&#8217;un document d&#8217;identit\u00e9:<\/p>\n<p>&#8211;\u00a0<a href=\"https:\/\/www.agenziaentrate.gov.it\/portale\/documents\/20143\/278893\/modello+editabile+AA4_8_AA4-8+ita.pdf\/e614eda6-701e-c62f-76e5-bdfcd731060a\">Demande d&#8217;attribution de code fiscal en ITALIEN<\/a>\u00a0(v.\u00a0<a href=\"https:\/\/www.agenziaentrate.gov.it\/portale\/documents\/20143\/278893\/istruzioni+cf+AA48_istruzioni+modello+AA4+8.pdf\/1c62b06c-535a-5b59-c8e0-4a329a5b4668\">Instructions pour la r\u00e9daction<\/a>)<\/p>\n<p>&#8211;\u00a0<a href=\"https:\/\/www.agenziaentrate.gov.it\/portale\/documents\/20143\/279063\/Formulaire+AA48_AA4_8_Modello_FRA.pdf\/29200804-0c90-20cb-0f77-d736980b0632\">Demande d&#8217;attribution de code fiscal en FRANCAIS<\/a>\u00a0(v.\u00a0<a href=\"https:\/\/www.agenziaentrate.gov.it\/portale\/documents\/20143\/279063\/Instructions+pour+la+redaction_AA4_8_Istruzioni_FRA.PDF\/795af702-7581-8e85-b7ad-1f1340ffe407\">Instructions pour la r\u00e9daction<\/a>)<\/p>\n<p>Pour avoir plus d\u2019informations relatives \u00e0 la demande, il est recommand\u00e9 de prendre contact avec les\u00a0<a href=\"https:\/\/ambalgeri.esteri.it\/fr\/chi-siamo\/gli-uffici\/\">Services Consulaire de l&#8217;Ambassade d&#8217;Italie \u00e0 Alger<\/a>.<\/p>\n","protected":false},"excerpt":{"rendered":"Le code fiscal, qui constitue le moyen\u00a0 d&#8217;identification du citoyen dans les rapports avec les organismes et les administrations publiques italiennes, il est \u00e9mit par l&#8217;agence des imp\u00f4ts. Il est possible de le demander \u00e0 l&#8217;\u00e9tranger par l&#8217;interm\u00e9diaire du bureau consulaire aussi bien par les\u00a0 italiens que par les \u00e9trangers. L&#8217;attribution du code fiscal est [&hellip;]","protected":false},"author":1,"featured_media":0,"parent":200,"menu_order":25,"comment_status":"closed","ping_status":"closed","template":"","meta":{"footnotes":""},"class_list":["post-205","page","type-page","status-publish","hentry"],"_links":{"self":[{"href":"https:\/\/ambalgeri.esteri.it\/fr\/wp-json\/wp\/v2\/pages\/205","targetHints":{"allow":["GET"]}}],"collection":[{"href":"https:\/\/ambalgeri.esteri.it\/fr\/wp-json\/wp\/v2\/pages"}],"about":[{"href":"https:\/\/ambalgeri.esteri.it\/fr\/wp-json\/wp\/v2\/types\/page"}],"author":[{"embeddable":true,"href":"https:\/\/ambalgeri.esteri.it\/fr\/wp-json\/wp\/v2\/users\/1"}],"replies":[{"embeddable":true,"href":"https:\/\/ambalgeri.esteri.it\/fr\/wp-json\/wp\/v2\/comments?post=205"}],"version-history":[{"count":3,"href":"https:\/\/ambalgeri.esteri.it\/fr\/wp-json\/wp\/v2\/pages\/205\/revisions"}],"predecessor-version":[{"id":439,"href":"https:\/\/ambalgeri.esteri.it\/fr\/wp-json\/wp\/v2\/pages\/205\/revisions\/439"}],"up":[{"embeddable":true,"href":"https:\/\/ambalgeri.esteri.it\/fr\/wp-json\/wp\/v2\/pages\/200"}],"wp:attachment":[{"href":"https:\/\/ambalgeri.esteri.it\/fr\/wp-json\/wp\/v2\/media?parent=205"}],"curies":[{"name":"wp","href":"https:\/\/api.w.org\/{rel}","templated":true}]}}