{"id":211,"date":"2023-04-11T18:22:07","date_gmt":"2023-04-11T16:22:07","guid":{"rendered":"https:\/\/ambalgeri.esteri.it\/servizi-consolari-e-visti\/servizi-per-il-cittadino-straniero\/visti\/"},"modified":"2026-04-21T17:24:10","modified_gmt":"2026-04-21T15:24:10","slug":"visti","status":"publish","type":"page","link":"https:\/\/ambalgeri.esteri.it\/fr\/servizi-consolari-e-visti\/servizi-per-il-cittadino-straniero\/visti\/","title":{"rendered":"Visa"},"content":{"rendered":"<p>Dans le but de faciliter les ressortissants alg\u00e9riens qui souhaitent se rendre en Italie, l\u2019Ambassade d\u2019Italie a ouvert, en collaboration avec la soci\u00e9t\u00e9 VFS Global, des bureaux pour la pr\u00e9sentation des demandes de visa.<\/p>\n<p>Ces bureaux se trouvent \u00e0:<\/p>\n<p>&nbsp;<\/p>\n<table width=\"0\">\n<tbody>\n<tr>\n<td width=\"369\"><strong>Adrar<\/strong> &#8211; Route de la Saoura, N\u00b006, Mraguen (Hotel Mraguen)<\/td>\n<td width=\"161\">Les Mercredi<\/td>\n<td width=\"95\">08h30 &#8211; 16h00<\/td>\n<\/tr>\n<tr>\n<td width=\"369\"><strong>Alger<\/strong> \u2013 N.1 Rue Bouteldja Houidef, Ben Aknoune<\/td>\n<td width=\"161\">Dimanche au Jeudi<\/td>\n<td width=\"95\">08h30 &#8211; 16h00<\/td>\n<\/tr>\n<tr>\n<td width=\"369\"><strong>Annaba<\/strong> &#8211; 17, Avenue RIZZI AMOR<\/td>\n<td width=\"161\">Dimanche et Mardi<\/td>\n<td width=\"95\">08h30 &#8211; 16h00<\/td>\n<\/tr>\n<tr>\n<td width=\"369\"><strong>Bejaia<\/strong> &#8211; Hotel Chrea, 04 Bd Krim Belkacem<\/td>\n<td width=\"161\">De Dimanche au Mardi<\/td>\n<td width=\"95\">08h30 &#8211; 16h00<\/td>\n<\/tr>\n<tr>\n<td width=\"369\"><strong>Constantine<\/strong> &#8211; Rue Docteur Calmette N\u00b018b, Cit\u00e9 des combattants<\/td>\n<td width=\"161\">Dimanche au Jeudi<\/td>\n<td width=\"95\">08h30 &#8211; 16h00<\/td>\n<\/tr>\n<tr>\n<td width=\"369\"><strong>Ghardaia<\/strong> &#8211; OASIS R\u00e9sidence, zone d&#8217;activit\u00e9. El Atfa. EN 1<\/td>\n<td width=\"161\">Du Mardi au Mercredi<\/td>\n<td width=\"95\">08h30 &#8211; 16h00<\/td>\n<\/tr>\n<tr>\n<td width=\"369\"><strong>Oran<\/strong> &#8211; Hai el othmania Angle C Maraval<\/td>\n<td width=\"161\">Dimanche, Lundi et Jeudi<\/td>\n<td width=\"95\">08h30 &#8211; 16h00<\/td>\n<\/tr>\n<tr>\n<td width=\"369\"><strong>Tindouf<\/strong> &#8211; Hotel Khaima 2, cite El Mostakbal<\/td>\n<td width=\"161\">Tous les Mardis<\/td>\n<td width=\"95\">08:30 &#8211; 16:00<\/td>\n<\/tr>\n<\/tbody>\n<\/table>\n<p>&nbsp;<\/p>\n<p>Les demandes de visa pourront \u00eatre d\u00e9pos\u00e9es, sur rendez-vous, aupr\u00e8s d\u2019un des centres de VFS sus-indiqu\u00e9s, ind\u00e9pendamment du lieu de r\u00e9sidence du demandeur de visa.<\/p>\n<p>Il est possible d\u2019obtenir un rendez-vous par internet, 24h\/24, sur le site\u00a0de VFS Global <a href=\"https:\/\/visa.vfsglobal.com\/dza\/fr\/ita\"><strong>https:\/\/visa.vfsglobal.com\/dza\/fr\/ita<\/strong><\/a>, ou par t\u00e9l\u00e9phone, via Call Center, \u00e0 travers le num\u00e9ro +213 (0)21 99 88 44 aux horaires indiqu\u00e9s sur leur site.<\/p>\n<p>La liste des documents justificatifs \u00e0 fournir au moment de la pr\u00e9sentation de la demande est disponible sur la page suivante du site de VFS\u00a0<a href=\"https:\/\/visa.vfsglobal.com\/dza\/fr\/ita\"><strong>https:\/\/visa.vfsglobal.com\/dza\/fr\/ita<\/strong><\/a>. Tout demandeur de visa doit se pr\u00e9senter personnellement et soumettre toute la documentation requise pour la typologie de visa demand\u00e9.<\/p>\n<p>Par la <a href=\"https:\/\/ambalgeri.esteri.it\/wp-content\/uploads\/2023\/12\/c_2021_6062_f1_annex_it_v3_p1_1425270.pdf\"><strong>D\u00e9cision d\u2019ex\u00e9cution C(2021) 6062 du 26.08.2021<\/strong><\/a> de la Commission Europ\u00e9enne,\u00a0la nouvelle liste harmonis\u00e9e des documents justificatifs\u00a0devant \u00eatre pr\u00e9sent\u00e9s par les demandes de visa Schengen Uniforme (VSU) de courte dur\u00e9e en Alg\u00e9rie est en vigueur.<\/p>\n<table width=\"0\">\n<tbody>\n<tr>\n<td width=\"302\"><strong>Types\u00a0de Visa<\/strong><\/td>\n<td width=\"65\"><strong>\u20ac<\/strong><\/td>\n<\/tr>\n<tr>\n<td width=\"302\">Visa Schengen de court s\u00e9jour 1-90 jours<\/td>\n<td width=\"65\">80,00<\/td>\n<\/tr>\n<tr>\n<td width=\"302\">Visa de long s\u00e9jour plus de 90 jours<\/td>\n<td width=\"65\">116,00<\/td>\n<\/tr>\n<tr>\n<td width=\"302\">Visa Schengen enfants 6 \u00e0 12 ans<\/td>\n<td width=\"65\">40,00<\/td>\n<\/tr>\n<tr>\n<td width=\"302\">Visa Schengen enfants 0 \u00e0 6 ans<\/td>\n<td width=\"65\">0<\/td>\n<\/tr>\n<tr>\n<td width=\"302\">Visa Schengen Etudes (jusqu\u2019\u00e0 90 jours)<\/td>\n<td width=\"65\">0<\/td>\n<\/tr>\n<tr>\n<td width=\"302\">Visa Etudes de long s\u00e9jour<\/td>\n<td width=\"65\">50,00<\/td>\n<\/tr>\n<\/tbody>\n<\/table>\n<p>Un rendez-vous sous les 24 heures directement aupr\u00e8s de cette Ambassade, pourra \u00eatre par ailleurs demand\u00e9 en contactant le num\u00e9ro +213 (0)770 00 15 11, actif du dimanche au jeudi de 11h \u00e0 12h30, et ce pour les demandes de visa en faveur des conjoints de ressortissants de l\u2019Union Europ\u00e9enne, traitements m\u00e9dicaux\u00a0de cas urgent\u00a0ainsi que les autres cat\u00e9gories selon les disponibilit\u00e9s journali\u00e8res.<\/p>\n<p>Les demandeurs de visa qui, sur rendez-vous, d\u00e9posent leur demande directement au guichet interne de l\u2019Ambassade, sont tenus \u00e0 pr\u00e9senter personnellement leur propre demande, en payant en esp\u00e8ces les droits de visa au moment du d\u00e9p\u00f4t du dossier. Le formulaire de demande de visa et les mod\u00e8les d\u2019invitation sont fournis gratuitement aux guichets et il est possible de les imprimer en cliquant sur <a href=\"https:\/\/ambalgeri.esteri.it\/fr\/news\/multimedia\/formulaires\/\"><strong>ce lien<\/strong><\/a>.<\/p>\n<p>Pour toute information compl\u00e9mentaire relative \u00e0 la l\u00e9gislation et aux modalit\u00e9s d&#8217;entr\u00e9e en Italie, veuillez vous r\u00e9f\u00e9rer \u00e0 la page suivante du site Internet du Minist\u00e8re des Affaires \u00e9trang\u00e8res et de la Coop\u00e9ration internationale: <a href=\"https:\/\/www.esteri.it\/it\/servizi-consolari-e-visti\/ingressosoggiornoinitalia\/\"><strong>Visa d&#8217;entr\u00e9e et de s\u00e9jour en Italie<\/strong><\/a><\/p>\n","protected":false},"excerpt":{"rendered":"Dans le but de faciliter les ressortissants alg\u00e9riens qui souhaitent se rendre en Italie, l\u2019Ambassade d\u2019Italie a ouvert, en collaboration avec la soci\u00e9t\u00e9 VFS Global, des bureaux pour la pr\u00e9sentation des demandes de visa. Ces bureaux se trouvent \u00e0: &nbsp; Adrar &#8211; Route de la Saoura, N\u00b006, Mraguen (Hotel Mraguen) Les Mercredi 08h30 &#8211; 16h00 [&hellip;]","protected":false},"author":1,"featured_media":0,"parent":208,"menu_order":0,"comment_status":"closed","ping_status":"closed","template":"","meta":{"footnotes":""},"class_list":["post-211","page","type-page","status-publish","hentry"],"_links":{"self":[{"href":"https:\/\/ambalgeri.esteri.it\/fr\/wp-json\/wp\/v2\/pages\/211","targetHints":{"allow":["GET"]}}],"collection":[{"href":"https:\/\/ambalgeri.esteri.it\/fr\/wp-json\/wp\/v2\/pages"}],"about":[{"href":"https:\/\/ambalgeri.esteri.it\/fr\/wp-json\/wp\/v2\/types\/page"}],"author":[{"embeddable":true,"href":"https:\/\/ambalgeri.esteri.it\/fr\/wp-json\/wp\/v2\/users\/1"}],"replies":[{"embeddable":true,"href":"https:\/\/ambalgeri.esteri.it\/fr\/wp-json\/wp\/v2\/comments?post=211"}],"version-history":[{"count":2,"href":"https:\/\/ambalgeri.esteri.it\/fr\/wp-json\/wp\/v2\/pages\/211\/revisions"}],"predecessor-version":[{"id":1359,"href":"https:\/\/ambalgeri.esteri.it\/fr\/wp-json\/wp\/v2\/pages\/211\/revisions\/1359"}],"up":[{"embeddable":true,"href":"https:\/\/ambalgeri.esteri.it\/fr\/wp-json\/wp\/v2\/pages\/208"}],"wp:attachment":[{"href":"https:\/\/ambalgeri.esteri.it\/fr\/wp-json\/wp\/v2\/media?parent=211"}],"curies":[{"name":"wp","href":"https:\/\/api.w.org\/{rel}","templated":true}]}}