{"id":240,"date":"2023-04-11T18:24:01","date_gmt":"2023-04-11T16:24:01","guid":{"rendered":"https:\/\/ambalgeri.esteri.it\/italia-e-algeria\/diplomazia-economica\/fare-affari-in-italia\/"},"modified":"2023-09-10T17:01:18","modified_gmt":"2023-09-10T15:01:18","slug":"fare-affari-in-italia","status":"publish","type":"page","link":"https:\/\/ambalgeri.esteri.it\/fr\/italia-e-algeria\/diplomazia-economica\/fare-affari-in-italia\/","title":{"rendered":"Faire des affaires en Italie"},"content":{"rendered":"<p>Comment demander un visa:\u00a0<a href=\"https:\/\/ambalgeri.esteri.it\/ambasciata_algeri\/fr\/informazioni_e_servizi\/come-richiedere-il-visto.html\">https:\/\/ambalgeri.esteri.it\/ambasciata_algeri\/fr\/informazioni_e_servizi\/come-richiedere-il-visto.html<\/a><\/p>\n<p>Les soci\u00e9t\u00e9s alg\u00e9riennes int\u00e9ress\u00e9es \u00e0 faire des affaires en Italie peuvent contacter la Section Economique et Commerciale de l&#8217;Ambassade (<a href=\"mailto:commerciale.algeri@esteri.it\">commerciale.algeri@esteri.it<\/a>) ou le Bureau d&#8217;Alger de ICE &#8211; Agence Italienne pour le Commerce Ext\u00e9rieur (<a href=\"mailto:algeri@ice.it\">algeri@ice.it<\/a>).<\/p>\n","protected":false},"excerpt":{"rendered":"Comment demander un visa:\u00a0https:\/\/ambalgeri.esteri.it\/ambasciata_algeri\/fr\/informazioni_e_servizi\/come-richiedere-il-visto.html Les soci\u00e9t\u00e9s alg\u00e9riennes int\u00e9ress\u00e9es \u00e0 faire des affaires en Italie peuvent contacter la Section Economique et Commerciale de l&#8217;Ambassade (commerciale.algeri@esteri.it) ou le Bureau d&#8217;Alger de ICE &#8211; Agence Italienne pour le Commerce Ext\u00e9rieur (algeri@ice.it).","protected":false},"author":1,"featured_media":0,"parent":179,"menu_order":0,"comment_status":"closed","ping_status":"closed","template":"","meta":{"footnotes":""},"class_list":["post-240","page","type-page","status-publish","hentry"],"_links":{"self":[{"href":"https:\/\/ambalgeri.esteri.it\/fr\/wp-json\/wp\/v2\/pages\/240","targetHints":{"allow":["GET"]}}],"collection":[{"href":"https:\/\/ambalgeri.esteri.it\/fr\/wp-json\/wp\/v2\/pages"}],"about":[{"href":"https:\/\/ambalgeri.esteri.it\/fr\/wp-json\/wp\/v2\/types\/page"}],"author":[{"embeddable":true,"href":"https:\/\/ambalgeri.esteri.it\/fr\/wp-json\/wp\/v2\/users\/1"}],"replies":[{"embeddable":true,"href":"https:\/\/ambalgeri.esteri.it\/fr\/wp-json\/wp\/v2\/comments?post=240"}],"version-history":[{"count":2,"href":"https:\/\/ambalgeri.esteri.it\/fr\/wp-json\/wp\/v2\/pages\/240\/revisions"}],"predecessor-version":[{"id":736,"href":"https:\/\/ambalgeri.esteri.it\/fr\/wp-json\/wp\/v2\/pages\/240\/revisions\/736"}],"up":[{"embeddable":true,"href":"https:\/\/ambalgeri.esteri.it\/fr\/wp-json\/wp\/v2\/pages\/179"}],"wp:attachment":[{"href":"https:\/\/ambalgeri.esteri.it\/fr\/wp-json\/wp\/v2\/media?parent=240"}],"curies":[{"name":"wp","href":"https:\/\/api.w.org\/{rel}","templated":true}]}}