{"id":316,"date":"2023-06-20T16:11:20","date_gmt":"2023-06-20T14:11:20","guid":{"rendered":"https:\/\/ambalgeri.esteri.it\/?page_id=316"},"modified":"2024-11-10T14:05:29","modified_gmt":"2024-11-10T13:05:29","slug":"formulaires","status":"publish","type":"page","link":"https:\/\/ambalgeri.esteri.it\/fr\/news\/multimedia\/formulaires\/","title":{"rendered":"Formulaires"},"content":{"rendered":"<h3><strong>FORMULAIRES DE LA SECTION VISA<\/strong><\/h3>\n<p>&#8211; <a href=\"https:\/\/ambalgeri.esteri.it\/wp-content\/uploads\/2023\/06\/formulario_visto_schengen__fra-ita.pdf\">Formulaire harmonis\u00e9 de demande de visa Schengen<\/a><\/p>\n<p>&#8211; <a href=\"https:\/\/ambalgeri.esteri.it\/wp-content\/uploads\/2023\/06\/modello_di_invito_per_affari_nuovo_ok.pdf\">Lettre d&#8217;invitation pour visa court s\u00e9jour d&#8217;affaires<\/a><\/p>\n<p>&#8211; <a href=\"https:\/\/ambalgeri.esteri.it\/wp-content\/uploads\/2023\/06\/invito_per_turismo_2018.pdf\">Lettre d&#8217;invitation pour visa court s\u00e9jour pour tourisme et visite familiale<\/a><\/p>\n<p>&#8211; <a href=\"https:\/\/ambalgeri.esteri.it\/wp-content\/uploads\/2023\/06\/28874_f_amb61tabellainfrancese.doc\">Moyens financiers<\/a><\/p>\n<p>&#8211; <a href=\"https:\/\/ambalgeri.esteri.it\/wp-content\/uploads\/2023\/06\/formulario_visto_nazionale_fra-ita.pdf\">Formulaire de demande de visa national<\/a><\/p>\n<p>&#8211; <a href=\"https:\/\/ambalgeri.esteri.it\/wp-content\/uploads\/2023\/06\/c_2021_6062_f1_annex_it_v3_p1_1425270.pdf\">Liste harmonis\u00e9e Schengen des documents justificatifs devant \u00eatre pr\u00e9sent\u00e9s par les demandes de visa Schengen Uniforme (C-2021-6062)<\/a><\/p>\n<p>&#8211; <a href=\"https:\/\/ambalgeri.esteri.it\/wp-content\/uploads\/2023\/06\/protez_dati_personali_visti_algeri_it.pdf\">Informativa sulla protezione delle persone fisiche con riguardo al trattamento dei dati personali al fine del rilascio di un visto d&#8217;ingresso<\/a><\/p>\n<p>&nbsp;<\/p>\n<h3><strong>FORMULARI\u00a0 DELLA SEZIONE CONSOLARE<\/strong><\/h3>\n<h4><strong>ANAGRAFE ITALIANI RESIDENTI ALL&#8217;ESTERO (AIRE)<\/strong><\/h4>\n<p><a href=\"https:\/\/ambalgeri.esteri.it\/wp-content\/uploads\/2023\/06\/modulo_iscrizione_aire_settembre_2021.pdf\">AIRE (Modulo di iscrizione)<\/a><\/p>\n<p><a href=\"https:\/\/ambalgeri.esteri.it\/wp-content\/uploads\/2023\/06\/modello_certificat_dimmatriculaion_consulaire_002-1.pdf\">Richiesta di certificato di iscrizione nello schedario Consolare<\/a><\/p>\n<p><a href=\"https:\/\/serviziconsolari.esteri.it\/ScoFE\/index.sco\">AIRE iscrizione on line<\/a><\/p>\n<p><a href=\"https:\/\/ambalgeri.esteri.it\/wp-content\/uploads\/2023\/06\/cambio_indirizzo.pdf\">Dichiarazione di cambio di indirizzo<\/a><\/p>\n<p><a href=\"https:\/\/ambalgeri.esteri.it\/wp-content\/uploads\/2023\/06\/modulo_dichiarazione_per_rimpatrio_definitivo_masserizie.pdf\">Modulo dichiarazione per rimpatrio definitivo masserizie<\/a><\/p>\n<p><a href=\"https:\/\/ambalgeri.esteri.it\/wp-content\/uploads\/2023\/06\/protezione_dei_dati_personali_servizi_consolari.pdf\">Informativa sulla protezione dei dati personali riguardante i servizi consolari<\/a><\/p>\n<h3><\/h3>\n<h4><strong>CITTADINANZA<\/strong><\/h4>\n<p><a href=\"https:\/\/ambalgeri.esteri.it\/wp-content\/uploads\/2023\/06\/modulo_istanza_iure_sanguinis.pdf\">Istanza di riconoscimento della cittadinanza italiana jure sanguinis<\/a><\/p>\n<p><a href=\"https:\/\/ambalgeri.esteri.it\/wp-content\/uploads\/2023\/06\/protezione_dei_dati_personali_cittadinanza.pdf\">Informativa sulla protezione dei dati personali riguardante le pratiche di cittadinanza<\/a><\/p>\n<h3><\/h3>\n<h4><strong>PASSAPORTI E DOCUMENTI DI VIAGGIO<\/strong><\/h4>\n<p><a href=\"https:\/\/ambalgeri.esteri.it\/wp-content\/uploads\/2023\/06\/modulo_passaporto_maggiorenni_2023.pdf\">Domanda di rilascio passaporto per maggiori di 18 anni<\/a><\/p>\n<p><a href=\"https:\/\/ambalgeri.esteri.it\/wp-content\/uploads\/2023\/06\/modulo_passaporto_minorenni.pdf\">Domanda di rilascio di passaporto per un minore<\/a><\/p>\n<p><a href=\"https:\/\/ambalgeri.esteri.it\/wp-content\/uploads\/2024\/11\/atto-di-assenso-2024.pdf\">Atto di assenso<\/a><\/p>\n<p><a href=\"https:\/\/ambalgeri.esteri.it\/wp-content\/uploads\/2023\/06\/dichiarazione_accompagnamento_minore_0.pdf\">Dichiarazione di accompagnamento<\/a><\/p>\n<p><a href=\"https:\/\/ambalgeri.esteri.it\/wp-content\/uploads\/2023\/06\/istanza_giudice_tutelare_maggio_2020.docx\">Istanza giudice tutelare<\/a><\/p>\n<p><a href=\"https:\/\/ambalgeri.esteri.it\/wp-content\/uploads\/2023\/06\/furto_passaporto_dichiarazione_sostitutiva_di_certificazioni.pdf\">Denuncia furto \/ smarrimento \/ deterioramento passaporto<\/a><\/p>\n<p><a href=\"https:\/\/ambalgeri.esteri.it\/wp-content\/uploads\/2023\/06\/modulo_richiesta_etd.pdf\">Domanda di rilascio documento di viaggio di emergenza (Emergency Travel Document)<\/a><\/p>\n<p><a href=\"https:\/\/ambalgeri.esteri.it\/wp-content\/uploads\/2023\/06\/protezione_dei_dati_personali_servizi_consolari.pdf\">Informativa sulla protezione dei dati personali riguardante i servizi consolari<\/a><\/p>\n<h3><\/h3>\n<h4><strong>STATO CIVILE<\/strong><\/h4>\n<p><a href=\"https:\/\/ambalgeri.esteri.it\/wp-content\/uploads\/2023\/06\/richiesta_trascrizione_sentenza_divorzio.pdf\">Richiesta di trascrizione sentenza di divorzio<\/a><\/p>\n<p><a href=\"https:\/\/ambalgeri.esteri.it\/wp-content\/uploads\/2023\/06\/richiesta_trascrizione_nascita.pdf\">Richiesta di trascrizione di atto di nascita<\/a><\/p>\n<p><a href=\"https:\/\/ambalgeri.esteri.it\/wp-content\/uploads\/2023\/06\/trascrizione_atto_matrimonio.pdf\">Richiesta di trascrizione di atto di matrimonio<\/a><\/p>\n<p><a href=\"https:\/\/ambalgeri.esteri.it\/wp-content\/uploads\/2023\/06\/trascrizione_atto_morte.pdf\">Richiesta di trascrizione di atto di morte<\/a><\/p>\n<p><a href=\"https:\/\/ambalgeri.esteri.it\/wp-content\/uploads\/2023\/06\/richiesta_stato_di_famiglia.pdf\">Modulo di richiesta di certificato di stato di famiglia<\/a><\/p>\n<p><a href=\"https:\/\/ambalgeri.esteri.it\/wp-content\/uploads\/2023\/06\/protezione_dei_dati_personali_servizi_consolari.pdf\">Informativa sulla protezione dei dati personali riguardante i servizi consolari<\/a><\/p>\n<p><a href=\"https:\/\/ambalgeri.esteri.it\/wp-content\/uploads\/2023\/06\/modulo_richiesta_attestazione_impedimenti_al_matrimonio.pdf\">Modulo richiesta attestazione impedimenti al matrimonio<\/a><\/p>\n<h4><strong><br \/>\nSCUOLE<\/strong><\/h4>\n<p><a href=\"https:\/\/ambalgeri.esteri.it\/wp-content\/uploads\/2023\/06\/richiesta_dichiarazione_valore.pdf\">Richiesta di Dichiarazione di valore<\/a><\/p>\n<p><a href=\"https:\/\/ambalgeri.esteri.it\/wp-content\/uploads\/2023\/06\/protezione_dei_dati_personali_servizi_consolari.pdf\">Informativa sulla protezione dei dati personali riguardante i servizi consolari<\/a><\/p>\n<h3><\/h3>\n<h4><strong>VARIE<\/strong><\/h4>\n<p><a href=\"https:\/\/ambalgeri.esteri.it\/wp-content\/uploads\/2023\/06\/richiesta_legalizzazione_doc.pdf\">Richiesta di autenticazione\/legalizzazione di documentazione<\/a><\/p>\n<p><a href=\"https:\/\/www.agenziaentrate.gov.it\/portale\/documents\/20143\/278893\/modello+editabile+AA4_8_AA4-8+ita.pdf\/e614eda6-701e-c62f-76e5-bdfcd731060a\">Domanda di attribuzione del codice fiscale in LINGUA ITALIANA<\/a>\u00a0(v.\u00a0<a href=\"https:\/\/www.agenziaentrate.gov.it\/portale\/documents\/20143\/278893\/istruzioni+cf+AA48_istruzioni+modello+AA4+8.pdf\/1c62b06c-535a-5b59-c8e0-4a329a5b4668\">Istruzioni per la compilazione<\/a>)<\/p>\n<p><a href=\"https:\/\/www.agenziaentrate.gov.it\/portale\/documents\/20143\/279063\/Formulaire+AA48_AA4_8_Modello_FRA.pdf\/29200804-0c90-20cb-0f77-d736980b0632\">Domanda di attribuzione del codice fiscale in LINGUA FRANCESE<\/a>\u00a0(v.\u00a0<a href=\"https:\/\/www.agenziaentrate.gov.it\/portale\/documents\/20143\/279063\/Instructions+pour+la+redaction_AA4_8_Istruzioni_FRA.PDF\/795af702-7581-8e85-b7ad-1f1340ffe407\">Istruzioni per la compilazione<\/a>)<\/p>\n<p><a href=\"https:\/\/ambalgeri.esteri.it\/wp-content\/uploads\/2023\/06\/delega_notarile.pdf\">Delega notarile<\/a><\/p>\n<p><a href=\"https:\/\/ambalgeri.esteri.it\/wp-content\/uploads\/2023\/06\/domanda_assistenza_consolare.pdf\">Domanda di assistenza consolare<\/a><\/p>\n<p><a href=\"https:\/\/ambalgeri.esteri.it\/wp-content\/uploads\/2023\/06\/protezione_dei_dati_personali_servizi_consolari.pdf\">Informativa sulla protezione dei dati personali riguardante i servizi consolari<\/a><\/p>\n","protected":false},"excerpt":{"rendered":"FORMULAIRES DE LA SECTION VISA &#8211; Formulaire harmonis\u00e9 de demande de visa Schengen &#8211; Lettre d&#8217;invitation pour visa court s\u00e9jour d&#8217;affaires &#8211; Lettre d&#8217;invitation pour visa court s\u00e9jour pour tourisme et visite familiale &#8211; Moyens financiers &#8211; Formulaire de demande de visa national &#8211; Liste harmonis\u00e9e Schengen des documents justificatifs devant \u00eatre pr\u00e9sent\u00e9s par les [&hellip;]","protected":false},"author":4,"featured_media":0,"parent":217,"menu_order":0,"comment_status":"closed","ping_status":"closed","template":"","meta":{"footnotes":""},"class_list":["post-316","page","type-page","status-publish","hentry"],"_links":{"self":[{"href":"https:\/\/ambalgeri.esteri.it\/fr\/wp-json\/wp\/v2\/pages\/316","targetHints":{"allow":["GET"]}}],"collection":[{"href":"https:\/\/ambalgeri.esteri.it\/fr\/wp-json\/wp\/v2\/pages"}],"about":[{"href":"https:\/\/ambalgeri.esteri.it\/fr\/wp-json\/wp\/v2\/types\/page"}],"author":[{"embeddable":true,"href":"https:\/\/ambalgeri.esteri.it\/fr\/wp-json\/wp\/v2\/users\/4"}],"replies":[{"embeddable":true,"href":"https:\/\/ambalgeri.esteri.it\/fr\/wp-json\/wp\/v2\/comments?post=316"}],"version-history":[{"count":6,"href":"https:\/\/ambalgeri.esteri.it\/fr\/wp-json\/wp\/v2\/pages\/316\/revisions"}],"predecessor-version":[{"id":1840,"href":"https:\/\/ambalgeri.esteri.it\/fr\/wp-json\/wp\/v2\/pages\/316\/revisions\/1840"}],"up":[{"embeddable":true,"href":"https:\/\/ambalgeri.esteri.it\/fr\/wp-json\/wp\/v2\/pages\/217"}],"wp:attachment":[{"href":"https:\/\/ambalgeri.esteri.it\/fr\/wp-json\/wp\/v2\/media?parent=316"}],"curies":[{"name":"wp","href":"https:\/\/api.w.org\/{rel}","templated":true}]}}