{"id":326,"date":"2023-06-21T17:40:58","date_gmt":"2023-06-21T15:40:58","guid":{"rendered":"https:\/\/ambalgeri.esteri.it\/?page_id=326"},"modified":"2023-06-25T16:18:59","modified_gmt":"2023-06-25T14:18:59","slug":"adoptions-internationales","status":"publish","type":"page","link":"https:\/\/ambalgeri.esteri.it\/fr\/servizi-consolari-e-visti\/servizi-per-il-cittadino-italiano\/adoptions-internationales\/","title":{"rendered":"Adoptions internationales"},"content":{"rendered":"<p>L\u2019adoption internationale consiste en l\u2019adoption d\u2019un mineur de nationalit\u00e9 autre qu\u2019italienne, d\u00e9clar\u00e9 adoptable par les autorit\u00e9s de son pays. L\u2019adoption se fait devant les autorit\u00e9s de l&#8217;Etat de la nationalit\u00e9 de l&#8217;adopt\u00e9 et selon les lois nationales et internationales en vigueur dans son pays.<\/p>\n<p>Puisque l\u2019article 46 du code de la famille alg\u00e9rien stipule que l\u2019adoption (Tabanni) est interdite par la Charia et par la loi, il n&#8217;est actuellement pas possible d\u2019adopter un mineur de nationalit\u00e9 alg\u00e9rienne.<\/p>\n<p>&nbsp;<\/p>\n<p class=\"boxLevel03\"><img decoding=\"async\" src=\"https:\/\/ambalgeri.esteri.it\/resource\/2012\/05\/56969_f_amb61item01.gif\" alt=\"freccetta\" border=\"0\" \/> Pour plus d&#8217;informations: <a href=\"https:\/\/www.esteri.it\/it\/servizi-consolari-e-visti\/italiani-all-estero\/adozioni-internazionali\/\">Adozioni Internazionali \u2013 Ministero degli Affari Esteri e della Cooperazione Internazionale<\/a><\/p>\n<p class=\"boxLevel03\">\n","protected":false},"excerpt":{"rendered":"L\u2019adoption internationale consiste en l\u2019adoption d\u2019un mineur de nationalit\u00e9 autre qu\u2019italienne, d\u00e9clar\u00e9 adoptable par les autorit\u00e9s de son pays. L\u2019adoption se fait devant les autorit\u00e9s de l&#8217;Etat de la nationalit\u00e9 de l&#8217;adopt\u00e9 et selon les lois nationales et internationales en vigueur dans son pays. Puisque l\u2019article 46 du code de la famille alg\u00e9rien stipule que [&hellip;]","protected":false},"author":4,"featured_media":0,"parent":200,"menu_order":5,"comment_status":"closed","ping_status":"closed","template":"","meta":{"footnotes":""},"class_list":["post-326","page","type-page","status-publish","hentry"],"_links":{"self":[{"href":"https:\/\/ambalgeri.esteri.it\/fr\/wp-json\/wp\/v2\/pages\/326","targetHints":{"allow":["GET"]}}],"collection":[{"href":"https:\/\/ambalgeri.esteri.it\/fr\/wp-json\/wp\/v2\/pages"}],"about":[{"href":"https:\/\/ambalgeri.esteri.it\/fr\/wp-json\/wp\/v2\/types\/page"}],"author":[{"embeddable":true,"href":"https:\/\/ambalgeri.esteri.it\/fr\/wp-json\/wp\/v2\/users\/4"}],"replies":[{"embeddable":true,"href":"https:\/\/ambalgeri.esteri.it\/fr\/wp-json\/wp\/v2\/comments?post=326"}],"version-history":[{"count":4,"href":"https:\/\/ambalgeri.esteri.it\/fr\/wp-json\/wp\/v2\/pages\/326\/revisions"}],"predecessor-version":[{"id":346,"href":"https:\/\/ambalgeri.esteri.it\/fr\/wp-json\/wp\/v2\/pages\/326\/revisions\/346"}],"up":[{"embeddable":true,"href":"https:\/\/ambalgeri.esteri.it\/fr\/wp-json\/wp\/v2\/pages\/200"}],"wp:attachment":[{"href":"https:\/\/ambalgeri.esteri.it\/fr\/wp-json\/wp\/v2\/media?parent=326"}],"curies":[{"name":"wp","href":"https:\/\/api.w.org\/{rel}","templated":true}]}}