{"id":445,"date":"2023-07-05T10:53:44","date_gmt":"2023-07-05T08:53:44","guid":{"rendered":"https:\/\/ambalgeri.esteri.it\/?page_id=445"},"modified":"2024-06-20T12:20:36","modified_gmt":"2024-06-20T10:20:36","slug":"passeport","status":"publish","type":"page","link":"https:\/\/ambalgeri.esteri.it\/fr\/servizi-consolari-e-visti\/servizi-per-il-cittadino-italiano\/documents-de-voyage\/passeport\/","title":{"rendered":"Passeport"},"content":{"rendered":"<p><strong>L\u2019OCTROI DU PASSEPORT<\/strong><\/p>\n<p>Conform\u00e9ment \u00e0 la l\u00e9gislation en vigueur, la demande d\u2019octroi d&#8217;un passeport doit \u00eatre pr\u00e9sent\u00e9e au service territorialement comp\u00e9tent en fonction de la r\u00e9sidence du demandeur, en Italie ou \u00e0 l&#8217;\u00e9tranger.<\/p>\n<p>Pour pouvoir demander l\u2019octroi du passeport en Alg\u00e9rie,\u00a0<strong>les concitoyens doivent \u00eatre inscrits<\/strong>\u00a0aupr\u00e8s de l\u2019\u00e9tat civil de la Chancellerie l\u2019Ambassade d&#8217;Italie \u00e0 Alger et inscrits au\u00a0<strong>Registre des Italiens R\u00e9sidents \u00e0 l\u2019\u00c9tranger (AIRE)<\/strong>\u00a0de la commune de r\u00e9f\u00e9rence en Italie. Pour plus d&#8217;informations \u00e0 ce sujet, veuillez consulter la section \u201d<a href=\"https:\/\/ambalgeri.esteri.it\/fr\/servizi-consolari-e-visti\/servizi-per-il-cittadino-italiano\/installation-et-sejour-en-algerie-et-registre-des-italiens-residents-a-letranger-a-i-r-e\/\">\u00c9tablissement et s\u00e9jour en Alg\u00e9rie et Registre des Italiens des R\u00e9sidents \u00e0 l&#8217;Etranger<\/a>\u201d.<\/p>\n<p>Uniquement\u00a0<strong>pour des raisons d&#8217;urgence et de n\u00e9cessit\u00e9 prouv\u00e9es, les ressortissants italiens qui\u00a0ne sont pas\u00a0inscrits aupr\u00e8s de l&#8217;AIRE<\/strong>\u00a0peuvent demander l\u2019octroi d\u2019un passeport \u00e0 l&#8217;Ambassade d&#8217;Italie \u00e0 Alger. Dans de tels cas, l&#8217;Ambassade d&#8217;Italie \u00e0 Alger devra acqu\u00e9rir au pr\u00e9alable la d\u00e9l\u00e9gation de pouvoirs du Service (pr\u00e9fecture de police ou Consulat) comp\u00e9tente pour la r\u00e9sidence, circonstance pouvant conduire, dans certains cas, \u00e0 une prolongation des d\u00e9lais de la d\u00e9livrance du passeport.<\/p>\n<p>Afin de d\u00e9livrer un passeport, les ressortissants italiens \u00e2g\u00e9s de plus de 12 ans doivent se pr\u00e9senter pr\u00e8s le Service consulaire, sur rendez-vous n\u00e9cessaire \u00e0 prendre via le\u00a0<a href=\"https:\/\/prenotami.esteri.it\/\">portail &#8220;Prenot@mi&#8221; (R\u00e9server Online)<\/a>.<\/p>\n<p>Le jour du rendez-vous, en plus de se soumettre \u00e0 la\u00a0<strong>prise des empreintes digitales et \u00e0 la signature num\u00e9rique<\/strong>, le demandeur devra pr\u00e9senter les documents d\u00e9crits ci-dessous et payer les frais consulaires pour la d\u00e9livrance du passeport italien.<br \/>\nLes\u00a0<strong>mineurs de moins de 12 ans<\/strong>\u00a0sont\u00a0<strong>dispens\u00e9s<\/strong>\u00a0de la prise des empreintes digitales et de l\u2019apposition d\u2019une signature num\u00e9rique. Pour les plus de 12 ans, l&#8217;exemption de la prise d&#8217;empreintes digitales et de l&#8217;apposition de la signature num\u00e9rique n&#8217;est possible que dans des cas particuliers d&#8217;impossibilit\u00e9 temporaire ou permanente prouv\u00e9e.<\/p>\n<p>&nbsp;<\/p>\n<p><strong>DOCUMENTATION NECESSAIRE A PRESENTER AUX FINS DE L\u2019OCTROI DU PASSEPORT ORDINAIRE<\/strong><\/p>\n<ul>\n<li>formulaire de demande du passeport, d\u00fbment compl\u00e9t\u00e9 et sign\u00e9 par l&#8217;int\u00e9ress\u00e9 (le formulaire est disponible dans la\u00a0section <a href=\"https:\/\/ambalgeri.esteri.it\/fr\/news\/multimedia\/formulaires\/\">formulaires<\/a>);<\/li>\n<li>Document d&#8217;identification italien conform\u00e9ment au d\u00e9cret pr\u00e9sidentiel 445\/2000, ou bien le passeport arriv\u00e9 \u00e0 \u00e9ch\u00e9ance ;<\/li>\n<li>2 photographies r\u00e9centes (les m\u00eames, de face, en couleur format 35 x 40 mm);<\/li>\n<li>dans le cas o\u00f9 le demandeur a des enfants de moins de 18 ans, une d\u00e9claration de consentement \u00e0 l\u2019octroi de la part de l&#8217;autre parent, quel que soit l&#8217;\u00e9tat civil du demandeur (c\u00e9libataire, cohabitant, mari\u00e9, s\u00e9par\u00e9 ou divorc\u00e9). Le formulaire est disponible dans la\u00a0section <a href=\"https:\/\/ambalgeri.esteri.it\/fr\/news\/multimedia\/formulaires\/\">formulaires<\/a>;<\/li>\n<li>dans le cas o\u00f9 le demandeur est un mineur de 18 ans, une d\u00e9claration de consentement des deux parents. Le formulaire est disponible dans la\u00a0section <a href=\"https:\/\/ambalgeri.esteri.it\/fr\/news\/multimedia\/formulaires\/\">formulaires<\/a>;<\/li>\n<li>dans le cas o\u00f9 le demandeur est un mineur de 18 ans et n\u00e9 \u00e0 l&#8217;\u00e9tranger, il est n\u00e9cessaire de pr\u00e9senter l&#8217;acte de naissance transcrit au Service de l&#8217;\u00e9tat civil de la commune en Italie. Si l\u2019Inscription de la naissance en Italie n&#8217;a pas encore eu lieu, les parents doivent pr\u00e9senter la demande de transcription de l&#8217;acte de naissance de l&#8217;enfant \u00e0 la chancellerie consulaire de l&#8217;Ambassade. Veuillez noter que les mineurs de moins de 12 ans ne doivent PAS \u00eatre pr\u00e9sents pour la prise d&#8217;empreintes digitales;<\/li>\n<li>dans le cas o\u00f9 le demandeur est \u00e9galement un ressortissant alg\u00e9rien, il doit pr\u00e9senter un passeport alg\u00e9rien en cours de validit\u00e9;<\/li>\n<li>le paiement du tarif consulaire de l\u2019\u00e9quivalent de 116 euros en dinars alg\u00e9riens. Le taux est sujet \u00e0 r\u00e9vision sur une base trimestrielle<\/li>\n<\/ul>\n<p>&nbsp;<\/p>\n<p><strong>LA DECLARATION DE CONSENTEMENT<\/strong><\/p>\n<p>L&#8217;acte de consentement est une d\u00e9claration personnelle que le parent peut signer \u00e0 l&#8217;aide du formulaire appropri\u00e9 disponible dans la section\u00a0<a href=\"https:\/\/ambalgeri.esteri.it\/fr\/news\/multimedia\/formulaires\/\"><strong>formulaires<\/strong><\/a>.<br \/>\nLe module peut \u00eatre utilis\u00e9 dans le cas d&#8217;impossibilit\u00e9 pour un parent de signer le consentement sur le formulaire de demande de passeport en faveur d&#8217;un mineur.<\/p>\n<p>Une photocopie de la pi\u00e8ce d&#8217;identit\u00e9 doit \u00eatre jointe \u00e0 la d\u00e9claration de consentement. La signature du parent extracommunautaire doit \u00eatre authentifi\u00e9e par le Service consulaire.<\/p>\n<p>En cas de d\u00e9c\u00e8s de l&#8217;un des parents, il est n\u00e9cessaire de pr\u00e9senter l&#8217;acte de d\u00e9c\u00e8s de celui-ci.<\/p>\n<p>Pour la demande de passeport d\u2019un mineur, en cas d\u2019absence du consentement de l&#8217;autre parent, le Chef de la Chancellerie consulaire, en sa qualit\u00e9 de juge \u00e0 la protection des mineurs r\u00e9sidant dans la circonscription, peut, apr\u00e8s avoir effectu\u00e9 les investigations habituelles, autoriser l\u2019octroi du passeport au demandeur par un D\u00e9cret consulaire sp\u00e9cifique.<\/p>\n<p>&nbsp;<\/p>\n<p><strong>D\u00c9CLARATION D&#8217;ACCOMPAGNEMENT POUR LES MINEURS DE 14 ANS<\/strong><\/p>\n<p>Dans le cas o\u00f9 un mineur de quatorze ans voyageait hors du pays de r\u00e9sidence non accompagn\u00e9 de ses parents ou de tuteurs, il est n\u00e9cessaire de pr\u00e9senter une d\u00e9claration au Consulat indiquant la ou les personnes accompagnant le mineur.<br \/>\nLes documents suivants doivent \u00eatre joints \u00e0 la d\u00e9claration d&#8217;accompagnement, sign\u00e9e par les deux parents ou par les titulaires de la responsabilit\u00e9 de tutelle (art. 14, alin\u00e9a 2 de la loi du 21 novembre 1967, n. 1185) :<\/p>\n<ul>\n<li>copie de la pi\u00e8ce d&#8217;identit\u00e9 que le mineur utilisera pour le voyage ;<\/li>\n<li>copie des pi\u00e8ces d&#8217;identit\u00e9 des parents (ou tuteurs) ;<\/li>\n<li>copie des pi\u00e8ces d&#8217;identit\u00e9 des accompagnateurs ;<\/li>\n<li>r\u00e9servation ou billet de voyage (avec indication de l&#8217;itin\u00e9raire).<\/li>\n<\/ul>\n<p>La d\u00e9claration est gratuite et normalement valable pour un seul voyage (\u00e0 consid\u00e9rer comme un aller-retour), avec une destination sp\u00e9cifique. La dur\u00e9e maximale de validit\u00e9 de la d\u00e9claration (dans laquelle les dates de d\u00e9part et de retour doivent \u00eatre incluses) est de 6 mois. La validit\u00e9 ne peut cependant exc\u00e9der la date d&#8217;expiration du passeport du mineur.<\/p>\n<p>La d\u00e9claration d&#8217;accompagnement est disponible dans la\u00a0section <a href=\"https:\/\/ambalgeri.esteri.it\/fr\/news\/multimedia\/formulaires\/\">formulaires<\/a>.<\/p>\n","protected":false},"excerpt":{"rendered":"L\u2019OCTROI DU PASSEPORT Conform\u00e9ment \u00e0 la l\u00e9gislation en vigueur, la demande d\u2019octroi d&#8217;un passeport doit \u00eatre pr\u00e9sent\u00e9e au service territorialement comp\u00e9tent en fonction de la r\u00e9sidence du demandeur, en Italie ou \u00e0 l&#8217;\u00e9tranger. Pour pouvoir demander l\u2019octroi du passeport en Alg\u00e9rie,\u00a0les concitoyens doivent \u00eatre inscrits\u00a0aupr\u00e8s de l\u2019\u00e9tat civil de la Chancellerie l\u2019Ambassade d&#8217;Italie \u00e0 Alger [&hellip;]","protected":false},"author":4,"featured_media":0,"parent":192,"menu_order":0,"comment_status":"closed","ping_status":"closed","template":"","meta":{"footnotes":""},"class_list":["post-445","page","type-page","status-publish","hentry"],"_links":{"self":[{"href":"https:\/\/ambalgeri.esteri.it\/fr\/wp-json\/wp\/v2\/pages\/445","targetHints":{"allow":["GET"]}}],"collection":[{"href":"https:\/\/ambalgeri.esteri.it\/fr\/wp-json\/wp\/v2\/pages"}],"about":[{"href":"https:\/\/ambalgeri.esteri.it\/fr\/wp-json\/wp\/v2\/types\/page"}],"author":[{"embeddable":true,"href":"https:\/\/ambalgeri.esteri.it\/fr\/wp-json\/wp\/v2\/users\/4"}],"replies":[{"embeddable":true,"href":"https:\/\/ambalgeri.esteri.it\/fr\/wp-json\/wp\/v2\/comments?post=445"}],"version-history":[{"count":2,"href":"https:\/\/ambalgeri.esteri.it\/fr\/wp-json\/wp\/v2\/pages\/445\/revisions"}],"predecessor-version":[{"id":1635,"href":"https:\/\/ambalgeri.esteri.it\/fr\/wp-json\/wp\/v2\/pages\/445\/revisions\/1635"}],"up":[{"embeddable":true,"href":"https:\/\/ambalgeri.esteri.it\/fr\/wp-json\/wp\/v2\/pages\/192"}],"wp:attachment":[{"href":"https:\/\/ambalgeri.esteri.it\/fr\/wp-json\/wp\/v2\/media?parent=445"}],"curies":[{"name":"wp","href":"https:\/\/api.w.org\/{rel}","templated":true}]}}