{"id":462,"date":"2023-07-05T11:30:32","date_gmt":"2023-07-05T09:30:32","guid":{"rendered":"https:\/\/ambalgeri.esteri.it\/?page_id=462"},"modified":"2024-11-11T12:20:46","modified_gmt":"2024-11-11T11:20:46","slug":"carta-didentita","status":"publish","type":"page","link":"https:\/\/ambalgeri.esteri.it\/fr\/servizi-consolari-e-visti\/servizi-per-il-cittadino-italiano\/documents-de-voyage\/carta-didentita\/","title":{"rendered":"Carte d&#8217;identit\u00e9"},"content":{"rendered":"<p><strong>Carta d\u2019identit\u00e0 elettronica \u2013 CIE<\/strong><\/p>\n<p><strong>Dal 2024 questa Cancelleria Consolare rilascia esclusivamente la Carta d\u2019Identit\u00e0 Elettronica (CIE).<\/strong><\/p>\n<p>La nuova Carta di identit\u00e0 Elettronica \u00e8 un documento multifunzionale: attesta l\u2019identit\u00e0 del cittadino, \u00e8 un documento di viaggio, riporta il codice fiscale e si pu\u00f2 utilizzare per richiedere un\u2019identit\u00e0 sul sistema SPID (Sistema Pubblico di Identit\u00e0 Digitale) con cui accedere ai Servizi erogati dalle Pubbliche Amministrazioni Italiane.<\/p>\n<p>La carta d\u2019identit\u00e0 elettronica equivale al passaporto ai fini dell\u2019espatrio negli Stati membri dell\u2019Unione europea, negli Stati dello Spazio Schengen (UE + Islanda, Norvegia, Svizzera, Liechtenstein) e in quelli in cui vigono particolari accordi internazionali.<\/p>\n<p>Al riguardo, per ulteriori e pi\u00f9 dettagliate informazioni, \u00e8 possibile consultare il sito\u00a0<a href=\"https:\/\/www.viaggiaresicuri.it\/approfondimenti-insights\/documentidiviaggio\">https:\/\/www.viaggiaresicuri.it\/approfondimenti-insights\/documentidiviaggio<\/a><\/p>\n<p>&nbsp;<\/p>\n<p>La nuova Carta di identit\u00e0 elettronica si pu\u00f2 richiedere, previo appuntamento, tramite la piattaforma\u00a0<a href=\"https:\/\/prenotami.esteri.it\/\">PRENOT@MI<\/a>.<\/p>\n<p>La CIE potr\u00e0 essere rilasciata esclusivamente ai cittadini italiani regolarmente residenti nella propria circoscrizione consolare, che siano gi\u00e0 registrati nello schedario consolare e i cui dati anagrafici siano gi\u00e0 presenti nella banca dati A.I.R.E (Anagrafe degli Italiani Residenti all\u2019Estero).<\/p>\n<p>La CIE\u00a0<strong>non\u00a0<\/strong>\u00e8\u00a0rilasciata a vista il giorno dell\u2019appuntamento ma viene prodotta dall\u2019Istituto Poligrafico e Zecca dello Stato di Roma e successivamente spedita dall\u2019Italia, a mezzo posta, presso l\u2019indirizzo di questa Ambasciata.<\/p>\n<p>&nbsp;<\/p>\n<p><strong>REQUISITI OBBLIGATORI PER RICHIEDERE LA CARTA D\u2019IDENTITA\u2019 ELETTRONICA:<\/strong><\/p>\n<p>Ai fini dell\u2019emissione della CIE \u00e8 indispensabile che il richiedente:<\/p>\n<ul>\n<li>sia iscritto all\u2019AIRE e il suo nominativo sia inserito nell\u2019apposito applicativo da parte del Comune italiano di riferimento;<\/li>\n<li>abbia l\u2019atto di nascita trascritto in Italia, in quanto gli estremi della trascrizione devono essere riportati sulla CIE;<\/li>\n<li>abbia il Codice Fiscale validato da parte dell\u2019Agenzia delle Entrate e del comune italiano di riferimento. Per chi non \u00e8 in possesso del Codice fiscale sar\u00e0 cura di questa Cancelleria Consolare richiederlo d\u2019ufficio;<\/li>\n<li>abbia aggiornato la sua posizione negli schedari consolari nel caso di cambio d\u2019indirizzo, variazione dello stato civile o nascita di figli. In questo caso si dovr\u00e0 prendere contatto scrivendo a: <u>anagrafe.algeri@esteri.it<\/u> prima di richiedere un appuntamento per la carta d\u2019identit\u00e0.<\/li>\n<\/ul>\n<p>&nbsp;<\/p>\n<p><strong>VALIDITA\u2019 DELLA CARTA D\u2019IDENTITA\u2019 ELETTRONICA:<\/strong><\/p>\n<p>La validit\u00e0 della CIE varia a seconda all\u2019et\u00e0 del titolare:<\/p>\n<p>\u2013 3 anni per minori di et\u00e0 inferiore a 3 anni;<br \/>\n\u2013 5 anni per i minori di et\u00e0 compresa tra i 3 e i 18 anni;<br \/>\n\u2013 10 anni per i maggiorenni.<\/p>\n<p>&nbsp;<\/p>\n<p><strong>MODALITA\u2019 DI RICHIESTA DELLA CARTA D\u2019IDENTITA\u2019 ELETTRONICA:<\/strong><\/p>\n<p>Per richiedere il rilascio della carta d\u2019identit\u00e0 elettronica \u00e8 necessario prenotare un appuntamento utilizzando la piattaforma\u00a0<a href=\"https:\/\/prenotami.esteri.it\/\">PRENOT@MI<\/a><u>.<\/u><\/p>\n<p>Sulla piattaforma\u00a0<a href=\"https:\/\/prenotami.esteri.it\/\">PRENOT@MI<\/a> \u00e8 possibile effettuare una prenotazione singola oppure una prenotazione multipla da un unico account (\u00e8 possibile inserire\u00a0al massimo un richiedente aggiuntivo). Quando un genitore desidera prendere un\u00a0appuntamento per il figlio minorenne (sia in caso di prenotazione singola che multipla), \u00e8 pregato di compilare il formulario a nome del\u00a0figlio.<\/p>\n<p>Per ulteriori approfondimenti sul sistema <a href=\"https:\/\/prenotami.esteri.it\/\">PRENOT@MI<\/a> si consiglia di consultare la sezione dedicata.<\/p>\n<p><strong>Prima di accedere al calendario del servizio CIE e scegliere la prima data utile, \u00e8 necessario compilare i campi obbligatori (contrassegnati con *) del <\/strong><strong>formulario proposto dal sistema<\/strong><strong>.<\/strong><\/p>\n<p>Si prega di inserire i DATI RELATIVI ALL\u2019INTESTATARIO del documento richiesto, se diversi dall\u2019utente\u00a0registrato.<\/p>\n<p><strong>Per le donne coniugate<\/strong>:\u00a0<strong>inserire le generalit\u00e0 anagrafiche da nubile. Sulla Carta d\u2019identit\u00e0 elettronica non \u00e8 indicato lo stato civile del titolare e, per le donne coniugate, NON pu\u00f2 essere indicato il nome del coniuge.<\/strong><\/p>\n<p>Dal momento della richiesta alla data fissata per l\u2019appuntamento trascorrono\u00a0<strong>almeno 15 giorni<\/strong>, necessari per consentire all\u2019ufficio consolare di effettuare il controllo dei dati anagrafici, risolvere eventuali disallineamenti e verificare che non sussistano cause ostative al rilascio del documento.<\/p>\n<p><strong>ATTENZIONE: Nel caso in cui, a seguito delle verifiche, emergessero elementi ostativi al rilascio della CIE, sar\u00e0 cura di questo Consolato informarne l\u2019interessato anche ai fini della cancellazione dell\u2019appuntamento.<\/strong><\/p>\n<p><strong>La presenza del richiedente e\/o del titolare della carta richiesta \u00e8 obbligatoria.<\/strong><\/p>\n<p>Il giorno dell\u2019appuntamento in Consolato\u00a0saranno acquisiti i dati biometrici e verr\u00e0 validato il dossier.<\/p>\n<p>&nbsp;<\/p>\n<p><strong>DOCUMENTAZIONE RICHIESTA PER IL RILASCIO DELLA CARTA D\u2019IDENTITA\u2019 ELETTRONICA:<\/strong><\/p>\n<p>\u2013\u00a0\u00a0\u00a0\u00a0\u00a0\u00a0\u00a0\u00a0\u00a0 Una fototessera a norma biometrica;<\/p>\n<p>\u2013\u00a0 \u00a0\u00a0 \u00a0 \u00a0\u00a0 Precedente carta di identit\u00e0 (anche se scaduta);<\/p>\n<p>\u2013\u00a0\u00a0\u00a0\u00a0\u00a0\u00a0\u00a0\u00a0\u00a0 Documento di riconoscimento (anche se scaduto) o due testimoni;<\/p>\n<p>\u2013\u00a0\u00a0\u00a0\u00a0\u00a0\u00a0\u00a0\u00a0\u00a0\u00a0Atto di assenso\u00a0di entrambi genitori nel caso in cui il richiedente sia un minore di 18 anni (il formulario \u00e8 disponibile nella sezione <a href=\"https:\/\/ambalgeri.esteri.it\/it\/news\/multimedia\/modulistica\/\">Modulistica<\/a>);<\/p>\n<p>La<strong>\u00a0tariffa consolare\u00a0<\/strong>per l\u2019emissione della carta d\u2019identit\u00e0 \u00e8 di<strong>\u00a021,95 \u20ac per il rilascio\/rinnovo<\/strong>\u00a0e\u00a0<strong>27,11 \u20ac per il duplicato. <\/strong><\/p>\n<p><strong><u>Detti importi potranno variare in base alle variazioni trimestrali del tasso di ragguaglio.<\/u><\/strong><\/p>\n<p><strong>Per\u00a0RILASCIO\/RINNOVO\u00a0si intende la prima emissione della CIE o rilascio di una nuova CIE in sostituzione della precedente CIE scaduta.<\/strong><\/p>\n<p><strong>Per\u00a0DUPLICATO\u00a0si intende il rilascio di una nuova CIE in sostituzione della precedente CIE nei casi in cui venga smarrita, rubata, deteriorata o richiesta\u00a0prima\u00a0dei 180 giorni dalla scadenza.<\/strong><\/p>\n<p><strong>SPEDIZIONE DELLA CARTA D\u2019IDENTITA\u2019 ELETTRONICA:<\/strong><\/p>\n<p>La CIE non \u00e8 rilasciata il giorno dell\u2019appuntamento: sar\u00e0 inviata dall\u2019Italia tramite raccomandata, a cura dell\u2019Istituto Poligrafico e Zecca dello Stato, direttamente all\u2019indirizzo di questa Ambasciata, dai 15 ai 30 giorni circa, dopo la data dell\u2019appuntamento in Consolato e\/o dal perfezionamento della richiesta. Il richiedente potr\u00e0 verificare il tracciamento della spedizione sul sito di Poste italiane\u00a0<a href=\"https:\/\/www.poste.it\/prodotti\/raccomandata.html\">https:\/\/www.poste.it\/prodotti\/raccomandata.html<\/a>: cliccare su \u201cCerca spedizioni\u201d e inserire il numero di raccomandata fornito il giorno dell\u2019appuntamento.<\/p>\n<p>Per contattare l\u2019ufficio carte di identit\u00e0, siete invitati a scrivere una mail a: <u>anagrafe.algeri@esteri.it<\/u><\/p>\n<p>&nbsp;<\/p>\n<p>&nbsp;<\/p>\n","protected":false},"excerpt":{"rendered":"Carta d\u2019identit\u00e0 elettronica \u2013 CIE Dal 2024 questa Cancelleria Consolare rilascia esclusivamente la Carta d\u2019Identit\u00e0 Elettronica (CIE). La nuova Carta di identit\u00e0 Elettronica \u00e8 un documento multifunzionale: attesta l\u2019identit\u00e0 del cittadino, \u00e8 un documento di viaggio, riporta il codice fiscale e si pu\u00f2 utilizzare per richiedere un\u2019identit\u00e0 sul sistema SPID (Sistema Pubblico di Identit\u00e0 Digitale) [&hellip;]","protected":false},"author":4,"featured_media":0,"parent":192,"menu_order":0,"comment_status":"closed","ping_status":"closed","template":"","meta":{"footnotes":""},"class_list":["post-462","page","type-page","status-publish","hentry"],"_links":{"self":[{"href":"https:\/\/ambalgeri.esteri.it\/fr\/wp-json\/wp\/v2\/pages\/462","targetHints":{"allow":["GET"]}}],"collection":[{"href":"https:\/\/ambalgeri.esteri.it\/fr\/wp-json\/wp\/v2\/pages"}],"about":[{"href":"https:\/\/ambalgeri.esteri.it\/fr\/wp-json\/wp\/v2\/types\/page"}],"author":[{"embeddable":true,"href":"https:\/\/ambalgeri.esteri.it\/fr\/wp-json\/wp\/v2\/users\/4"}],"replies":[{"embeddable":true,"href":"https:\/\/ambalgeri.esteri.it\/fr\/wp-json\/wp\/v2\/comments?post=462"}],"version-history":[{"count":6,"href":"https:\/\/ambalgeri.esteri.it\/fr\/wp-json\/wp\/v2\/pages\/462\/revisions"}],"predecessor-version":[{"id":1848,"href":"https:\/\/ambalgeri.esteri.it\/fr\/wp-json\/wp\/v2\/pages\/462\/revisions\/1848"}],"up":[{"embeddable":true,"href":"https:\/\/ambalgeri.esteri.it\/fr\/wp-json\/wp\/v2\/pages\/192"}],"wp:attachment":[{"href":"https:\/\/ambalgeri.esteri.it\/fr\/wp-json\/wp\/v2\/media?parent=462"}],"curies":[{"name":"wp","href":"https:\/\/api.w.org\/{rel}","templated":true}]}}