{"id":487,"date":"2023-07-05T13:13:54","date_gmt":"2023-07-05T11:13:54","guid":{"rendered":"https:\/\/ambalgeri.esteri.it\/?page_id=487"},"modified":"2023-07-13T10:49:37","modified_gmt":"2023-07-13T08:49:37","slug":"notifications-a-letranger","status":"publish","type":"page","link":"https:\/\/ambalgeri.esteri.it\/fr\/servizi-consolari-e-visti\/servizi-per-il-cittadino-italiano\/notifications-a-letranger\/","title":{"rendered":"Notifications \u00e0 l&#8217;\u00e9tranger"},"content":{"rendered":"<div class=\"sr-only\"><strong>L&#8217;activit\u00e9 de notification <\/strong>est une phase fondamentale des proc\u00e8s civils, p\u00e9naux, fiscaux, administratifs, de faillite et de travail, ainsi que certaines phases pr\u00e9-proc\u00e9durales ou administratives, qui donne la connaissance juridique d&#8217;une disposition \u00e0 travers la remise d&#8217;un acte judiciaire ou extrajudiciaire, par un sujet particulier notifiant, selon des proc\u00e9dures pr\u00e9cises.<\/div>\n<div>\n<p>Une distinction est faite entre les\u00a0<strong>notifications aux italiens (personnes physiques ou morales)<\/strong>\u00a0r\u00e9sidant \u00e0 l&#8217;\u00e9tranger et les\u00a0<strong>notifications aux \u00e9trangers (personnes physiques ou morales)<\/strong>\u00a0r\u00e9sidant \u00e0 l&#8217;\u00e9tranger.<\/p>\n<p>Pour la circonscription consulaire de la\u00a0<strong>R\u00e9publique Alg\u00e9rienne D\u00e9mocratique et Populaire<\/strong>\u00a0ce qui est indiqu\u00e9, ci-apr\u00e8s, est valable<\/p>\n<p>&nbsp;<\/p>\n<p><strong>NOTIFICATIONS AUX ITALIENS (PERSONNES PHYSIQUES OU MORALES) R\u00c9SIDANT EN ALG\u00c9RIE<\/strong><\/p>\n<p>Conform\u00e9ment \u00e0 l&#8217;art. 37 du d\u00e9cret l\u00e9gislatif 71\/2011, le\u00a0<strong>service consulaire<\/strong>\u00a0fournit, directement ou par l&#8217;interm\u00e9diaire des autorit\u00e9s locales, conform\u00e9ment aux dispositions relatives \u00e0 la coop\u00e9ration judiciaire de l&#8217;Union europ\u00e9enne, aux conventions internationales et aux lois du pays de r\u00e9sidence,\u00a0<strong>la notification des actes qui lui sont remis conform\u00e9ment aux dispositions en vigueur<\/strong>.<\/p>\n<p>En cas de notification aux destinataires qui n&#8217;ont que la nationalit\u00e9 italienne, la traduction des documents \u00e0 notifier n&#8217;est pas n\u00e9cessaire.<\/p>\n<p>La demande de notification doit \u00eatre envoy\u00e9e \u00e0 l&#8217;Ambassade (courriel:\u00a0<a href=\"mailto:anagrafe.algeri@esteri.it\">anagrafe.algeri@esteri.it<\/a>; PEC:\u00a0<a href=\"mailto:amb.algeri.pass@cert.esteri.it\">amb.algeri.pass@cert.esteri.it<\/a>) par l&#8217;Autorit\u00e9 judiciaire italienne comp\u00e9tente (ou par un cabinet d&#8217;avocats autoris\u00e9) et elle doit contenir : le num\u00e9ro de protocole; la date, le cachet et la signature du demandeur ; PEC ou e-mail du Service demandeur ; copie des documents \u00e0 signifier.<\/p>\n<p>Selon les dispositions en vigueur, le service consulaire proc\u00e9dera \u00e0 la notification sur la base des coordonn\u00e9es (donn\u00e9es personnelles, adresse de r\u00e9sidence, contacts) \u00e0 sa connaissance ou fournies par le demandeur, auquel la suite de la notification sera communiqu\u00e9e, une fois l&#8217;enqu\u00eate pr\u00e9liminaire termin\u00e9e.<\/p>\n<p>&nbsp;<\/p>\n<p><strong>NOTIFICATIONS AUX PERSONNES \u00c9TRANG\u00c8RES (PERSONNES PHYSIQUES OU MORALES) R\u00c9SIDANT EN ALG\u00c9RIE<\/strong><\/p>\n<p>Conform\u00e9ment \u00e0 l&#8217;art. 142 du c.p.c, les\u00a0<strong>Conventions internationales<\/strong>\u00a0en la mati\u00e8re pr\u00e9valent sur la discipline du code. Les Conventions bilat\u00e9rales suivantes sont en vigueur entre l&#8217;Italie et l&#8217;Alg\u00e9rie, sign\u00e9es le 22 juillet 2003 :<\/p>\n<ul>\n<li>la\u00a0<strong>Convention en mati\u00e8re d&#8217;assistance judiciaire civile et commerciale<\/strong>\u00a0entre le Gouvernement de la R\u00e9publique italienne et le Gouvernement de la R\u00e9publique Alg\u00e9rienne d\u00e9mocratique et populaire (disponible\u00a0<a href=\"https:\/\/ambalgeri.esteri.it\/wp-content\/uploads\/2023\/07\/57503_f_amb61Convenzione_Assistenza_Giudiziaria_Civile_Commerci.pdf\">ici<\/a>) ;<\/li>\n<li>la\u00a0<strong>Convention en mati\u00e8re d\u2019assistance judiciaire p\u00e9nale<\/strong>\u00a0entre le Gouvernement de la R\u00e9publique italienne et le gouvernement de la R\u00e9publique Alg\u00e9rienne D\u00e9mocratique et Populaire (disponible\u00a0<a href=\"https:\/\/ambalgeri.esteri.it\/wp-content\/uploads\/2023\/07\/57502_f_amb61convenzione_assistenza_giudiziaria_penale.pdf\">ici<\/a>).<\/li>\n<\/ul>\n<p>Les textes des deux Conventions sont consultables en fran\u00e7ais sur le Journal Officiel alg\u00e9rien \u00e0\u00a0<a href=\"https:\/\/ambalgeri.esteri.it\/wp-content\/uploads\/2023\/07\/convenzioni_bilaterali_cooperazione_giudiziaria_tra_italia_e_algeria_fr.pdf\">ce link<\/a>. Nous signalons que la Convention bilat\u00e9rale en mati\u00e8re de extradition n&#8217;est pas encore entr\u00e9e en vigueur.<\/p>\n<p>En\u00a0<strong>mati\u00e8re civile et commerciale<\/strong>, la Convention pr\u00e9voit (art. 12) que les actes judiciaires et extrajudiciaires \u00e0 notifier soient\u00a0<strong>transmis directement<\/strong>\u00a0par les autorit\u00e9s centrales comp\u00e9tentes (Minist\u00e8re de la Justice) de chacune des Parties. Selon l\u2019usage, la\u00a0<strong>transmission par voie diplomatique<\/strong>\u00a0est toujours possible. En\u00a0<strong>mati\u00e8re p\u00e9nale<\/strong>\u00a0\u00e9galement, la Convention \u00e9tablit que la transmission a lieu entre les Minist\u00e8res de la justice ou par la voie diplomatique.<\/p>\n<p>Dans ce cas, elle a lieu par l&#8217;interm\u00e9diaire de l&#8217;Ambassade d&#8217;Italie \u00e0 Alger par l&#8217;interm\u00e9diaire des autorit\u00e9s locales comp\u00e9tentes. En cette circonstance, l&#8217;acte \u00e0 notifier doit \u00eatre transmis \u00e0 l&#8217;Ambassade d&#8217;Italie \u00e0 Alger par l&#8217;Autorit\u00e9 judiciaire comp\u00e9tente ou par le Minist\u00e8re italien de la Justice. L&#8217;Ambassade d&#8217;Italie \u00e0 Alger se charge donc de la transmission par voie diplomatique aux autorit\u00e9s alg\u00e9riennes comp\u00e9tentes.<\/p>\n<p>La\u00a0<strong>preuve de la remise survenue<\/strong>\u00a0est donn\u00e9e par un r\u00e9c\u00e9piss\u00e9 dat\u00e9 et sign\u00e9 par le destinataire ou par un certificat de l&#8217;autorit\u00e9 requise sur lequel apparaissent l&#8217;acte, le mode et la date de la remise.<\/p>\n<p>Dans tous les cas, il est obligatoire que\u00a0<strong>l&#8217;acte de notification et les actes \u00e0 notifier<\/strong>\u00a0soient\u00a0<strong>traduits en fran\u00e7ais<\/strong>. En outre, il est n\u00e9cessaire que la demande de notification soit envoy\u00e9e\u00a0<strong>dans un d\u00e9lai raisonnable<\/strong>\u00a0avant la date de notification de celle-ci, en particulier dans le cas d&#8217;une notification par voie diplomatique, compte tenu du temps que cette proc\u00e9dure peut prendre.<\/p>\n<p>&nbsp;<\/p>\n<p><strong>APPROFONDISSEMENTS<\/strong><\/p>\n<p>Pour\u00a0<strong>plus d&#8217;informations sur les notifications \u00e0 l&#8217;\u00e9tranger<\/strong>, veuillez consulter le site Web du Minist\u00e8re des Affaires Etrang\u00e8res et de la Coop\u00e9ration Internationale sur\u00a0<a href=\"https:\/\/www.esteri.it\/it\/servizi-consolari-e-visti\/italiani-all-estero\/notifiche_estero\/\">cette page<\/a>.<\/p>\n<p>Pour\u00a0<strong>plus d&#8217;informations sur les modalit\u00e9s de la coop\u00e9ration judiciaire internationale entre l&#8217;Italie et l&#8217;Alg\u00e9rie<\/strong>, veuillez consulter les Conventions bilat\u00e9rales ou, \u00e9ventuellement, contacter l&#8217;Ambassade d&#8217;Italie \u00e0 Alger.<\/p>\n<\/div>\n","protected":false},"excerpt":{"rendered":"L&#8217;activit\u00e9 de notification est une phase fondamentale des proc\u00e8s civils, p\u00e9naux, fiscaux, administratifs, de faillite et de travail, ainsi que certaines phases pr\u00e9-proc\u00e9durales ou administratives, qui donne la connaissance juridique d&#8217;une disposition \u00e0 travers la remise d&#8217;un acte judiciaire ou extrajudiciaire, par un sujet particulier notifiant, selon des proc\u00e9dures pr\u00e9cises. Une distinction est faite entre [&hellip;]","protected":false},"author":4,"featured_media":0,"parent":200,"menu_order":45,"comment_status":"closed","ping_status":"closed","template":"","meta":{"footnotes":""},"class_list":["post-487","page","type-page","status-publish","hentry"],"_links":{"self":[{"href":"https:\/\/ambalgeri.esteri.it\/fr\/wp-json\/wp\/v2\/pages\/487","targetHints":{"allow":["GET"]}}],"collection":[{"href":"https:\/\/ambalgeri.esteri.it\/fr\/wp-json\/wp\/v2\/pages"}],"about":[{"href":"https:\/\/ambalgeri.esteri.it\/fr\/wp-json\/wp\/v2\/types\/page"}],"author":[{"embeddable":true,"href":"https:\/\/ambalgeri.esteri.it\/fr\/wp-json\/wp\/v2\/users\/4"}],"replies":[{"embeddable":true,"href":"https:\/\/ambalgeri.esteri.it\/fr\/wp-json\/wp\/v2\/comments?post=487"}],"version-history":[{"count":3,"href":"https:\/\/ambalgeri.esteri.it\/fr\/wp-json\/wp\/v2\/pages\/487\/revisions"}],"predecessor-version":[{"id":600,"href":"https:\/\/ambalgeri.esteri.it\/fr\/wp-json\/wp\/v2\/pages\/487\/revisions\/600"}],"up":[{"embeddable":true,"href":"https:\/\/ambalgeri.esteri.it\/fr\/wp-json\/wp\/v2\/pages\/200"}],"wp:attachment":[{"href":"https:\/\/ambalgeri.esteri.it\/fr\/wp-json\/wp\/v2\/media?parent=487"}],"curies":[{"name":"wp","href":"https:\/\/api.w.org\/{rel}","templated":true}]}}