{"id":491,"date":"2023-07-05T13:17:17","date_gmt":"2023-07-05T11:17:17","guid":{"rendered":"https:\/\/ambalgeri.esteri.it\/?page_id=491"},"modified":"2023-07-13T11:21:27","modified_gmt":"2023-07-13T09:21:27","slug":"service-militaire","status":"publish","type":"page","link":"https:\/\/ambalgeri.esteri.it\/fr\/servizi-consolari-e-visti\/servizi-per-il-cittadino-italiano\/service-militaire\/","title":{"rendered":"Service militaire"},"content":{"rendered":"<p>A partir du 1er\u00a0 janvier 2005, le service militaire obligatoire est suspendu. Il n\u2019est par cons\u00e9quent plus n\u00e9cessaire au citoyen r\u00e9sident \u00e0 l\u2019\u00e9tranger n\u00e9 apr\u00e8s le 31.12.1985 de r\u00e9gulariser sa position conscriptionnelle\u00a0 aupr\u00e8s des Repr\u00e9sentations consulaires.<\/p>\n<p>A partir de cette m\u00eame date, les cat\u00e9gories suivantes des engag\u00e9s volontaires au sein de l\u2019Arm\u00e9e, Arm\u00e9e de Mer et Arm\u00e9e de l\u2019Air ont \u00e9t\u00e9 \u00e9tablies:<\/p>\n<p>&#8211; Volontaires sous contrat pendant un an (\u00e2ge maximum 25 ans);<\/p>\n<p>-Volontaires sous contrat pendant quatre ans (\u00e2ge maximum 30 ans).<\/p>\n<p>L\u2019embauche des volontaires survient par le biais d\u2019un avis d\u2019enr\u00f4lement \u00e9tabli par le Minist\u00e8re de la D\u00e9fense.<br \/>\nLa suspension de l\u2019obligation du service nationale n\u2019\u00e9tant pas une \u00ab\u00a0suppression\u00a0\u00bb, les Communes et les Autorit\u00e9s Diplomatiques ou Consulaires \u00e0 l\u2019\u00e9tranger continuent \u00e0 mener \u00e0 bien les activit\u00e9s de formation et de mise \u00e0 jour des listes de conscription.<\/p>\n<p>La suspension du service militaire obligatoire a impliqu\u00e9 l\u2019impossibilit\u00e9 d\u2019acqu\u00e9rir la nationalit\u00e9 italienne en le passant. En plus, les concitoyens qui entendent se rapatrier pour passer le service militaire volontaire ne pourront pas profiter des b\u00e9n\u00e9fices pr\u00e9c\u00e9demment pr\u00e9vus pour le rapatriement aux frais de l\u2019Etat pour l\u2019accomplissement des obligations du service national.<\/p>\n<p>Concernant l\u2019insoumission, la suspension de l\u2019obligation conscriptionnelle n\u2019implique pas la suppression du d\u00e9lit d\u2019insoumission et donc le manque des effets d\u00e9rivants de la non-suppression de la note d\u2019insoumission par voie administrative, ainsi que de la liste g\u00e9n\u00e9rale des insoumis. Par cons\u00e9quent, les citoyens italiens insoumis r\u00e9sidents \u00e0 l\u2019\u00e9tranger pourront se pr\u00e9senter aux Autorit\u00e9s Diplomatiques ou consulaires afin de r\u00e9gulariser leur position conscriptionnelle.<\/p>\n<p>Les Conventions internationales en mati\u00e8re de service militaire, ayant comme finalit\u00e9 d\u2019\u00e9viter que le jeune, en possession d\u2019une double nationalit\u00e9, ne doive passer le service militaire dans deux pays, ont en grande partie perdu leur vocation consid\u00e9rant le fait que dans la plupart des Etats adh\u00e9rents le service militaire a \u00e9t\u00e9 ou suspendu ou supprim\u00e9. Les Conventions pourront donc \u00eatre appliqu\u00e9es uniquement au profit de ceux qui \u00e9tant r\u00e9sidents en Italie, d\u00e9sirent b\u00e9n\u00e9ficier de la r\u00e9gularisation de leur positions vis-\u00e0-vis de nos Forces Arm\u00e9es afin de ne pas devoir passer le service militaire, s\u2019il est encore pr\u00e9vu, dans l\u2019autre pays dont ils sont citoyens.<\/p>\n","protected":false},"excerpt":{"rendered":"A partir du 1er\u00a0 janvier 2005, le service militaire obligatoire est suspendu. Il n\u2019est par cons\u00e9quent plus n\u00e9cessaire au citoyen r\u00e9sident \u00e0 l\u2019\u00e9tranger n\u00e9 apr\u00e8s le 31.12.1985 de r\u00e9gulariser sa position conscriptionnelle\u00a0 aupr\u00e8s des Repr\u00e9sentations consulaires. A partir de cette m\u00eame date, les cat\u00e9gories suivantes des engag\u00e9s volontaires au sein de l\u2019Arm\u00e9e, Arm\u00e9e de Mer [&hellip;]","protected":false},"author":4,"featured_media":0,"parent":200,"menu_order":70,"comment_status":"closed","ping_status":"closed","template":"","meta":{"footnotes":""},"class_list":["post-491","page","type-page","status-publish","hentry"],"_links":{"self":[{"href":"https:\/\/ambalgeri.esteri.it\/fr\/wp-json\/wp\/v2\/pages\/491","targetHints":{"allow":["GET"]}}],"collection":[{"href":"https:\/\/ambalgeri.esteri.it\/fr\/wp-json\/wp\/v2\/pages"}],"about":[{"href":"https:\/\/ambalgeri.esteri.it\/fr\/wp-json\/wp\/v2\/types\/page"}],"author":[{"embeddable":true,"href":"https:\/\/ambalgeri.esteri.it\/fr\/wp-json\/wp\/v2\/users\/4"}],"replies":[{"embeddable":true,"href":"https:\/\/ambalgeri.esteri.it\/fr\/wp-json\/wp\/v2\/comments?post=491"}],"version-history":[{"count":2,"href":"https:\/\/ambalgeri.esteri.it\/fr\/wp-json\/wp\/v2\/pages\/491\/revisions"}],"predecessor-version":[{"id":609,"href":"https:\/\/ambalgeri.esteri.it\/fr\/wp-json\/wp\/v2\/pages\/491\/revisions\/609"}],"up":[{"embeddable":true,"href":"https:\/\/ambalgeri.esteri.it\/fr\/wp-json\/wp\/v2\/pages\/200"}],"wp:attachment":[{"href":"https:\/\/ambalgeri.esteri.it\/fr\/wp-json\/wp\/v2\/media?parent=491"}],"curies":[{"name":"wp","href":"https:\/\/api.w.org\/{rel}","templated":true}]}}