{"id":510,"date":"2023-07-05T14:04:12","date_gmt":"2023-07-05T12:04:12","guid":{"rendered":"https:\/\/ambalgeri.esteri.it\/?page_id=510"},"modified":"2023-07-05T14:18:23","modified_gmt":"2023-07-05T12:18:23","slug":"mariage","status":"publish","type":"page","link":"https:\/\/ambalgeri.esteri.it\/fr\/servizi-consolari-e-visti\/servizi-per-il-cittadino-italiano\/stato-civile\/mariage\/","title":{"rendered":"Mariage"},"content":{"rendered":"<p>Informations sur la c\u00e9l\u00e9bration du mariage sont fournies ci-dessous.<br \/>\nOn peut distinguer le\u00a0<strong>mariage consulaire<\/strong>\u00a0(c\u00e9l\u00e9br\u00e9 devant l&#8217;autorit\u00e9 consulaire italienne en Alg\u00e9rie), le\u00a0<strong>mariage en Italie<\/strong>\u00a0par des citoyens r\u00e9sidant en Alg\u00e9rie et, enfin, le\u00a0<strong>mariage en Alg\u00e9rie<\/strong>, c&#8217;est-\u00e0-dire devant les autorit\u00e9s locales.<br \/>\nPour\u00a0<strong>toute information compl\u00e9mentaire<\/strong>, y compris des informations g\u00e9n\u00e9rales, veuillez consulter la page suivante du site Internet du <a href=\"https:\/\/www.esteri.it\/it\/servizi-consolari-e-visti\/italiani-all-estero\/stato-civile\/matrimonio_0\/\">Minist\u00e8re des Affaires Etrang\u00e8res et de la Coop\u00e9ration Internationale italien<\/a>.<\/p>\n<p><strong>A) MARIAGE \u00c0 C\u00c9L\u00c9BRER DEVANT L&#8217;AUTORIT\u00c9 CONSULAIRE ITALIENNE EN ALG\u00c9RIE DANS LES CAS PR\u00c9VUS PAR L&#8217;ARTICLE 12 DU D\u00c9CRET L\u00e9gislatif 71\/2011.<\/strong><br \/>\nArt. 12 du d\u00e9cret l\u00e9gislatif 71\/2011 \u00e9tablit que \u00ab\u00a0<em>Le chef du bureau consulaire c\u00e9l\u00e8bre un mariage entre citoyens ou entre un citoyen et un non-citoyen. La c\u00e9l\u00e9bration du mariage peut \u00eatre refus\u00e9e lorsque les lois locales s&#8217;y opposent ou lorsque les parties ne r\u00e9sident pas dans la circonscription consulaire &#8220;<\/em>.<br \/>\nNous vous informons que, conform\u00e9ment aux dispositions alg\u00e9riennes en vigueur,\u00a0<strong>le mariage consulaire entre un citoyen italien et un citoyenne alg\u00e9rienne ou entre une citoyenne italienne et un citoyen alg\u00e9rien\u00a0n&#8217;est pas reconnu par les autorit\u00e9s alg\u00e9riennes.<\/strong><\/p>\n<p><strong>B) MARIAGE EN ITALIE<\/strong><br \/>\nSi vous \u00eates\u00a0<strong>un r\u00e9sident italien \u00e0 l&#8217;\u00e9tranger<\/strong>\u00a0et que vous souhaitez vous marier en Italie, vous devez demander la publication des bans \u00e0 la Repr\u00e9sentation diplomatique ou consulaire italienne o\u00f9 vous \u00eates inscrit. La Repr\u00e9sentation consulaire, une fois les publications effectu\u00e9es, d\u00e9l\u00e8gue la commune italienne que vous avez indiqu\u00e9e \u00e0 la c\u00e9l\u00e9bration (conform\u00e9ment \u00e0 l&#8217;article 109 du Code civil italien).<\/p>\n<p><strong>La documentation \u00e0 soumettre pour demander des publications<\/strong><br \/>\nPour demander la publication d\u2019un ban de mariage, vous devez vous pr\u00e9sentez en personne au bureau consulaire avec une pi\u00e8ce d&#8217;identit\u00e9 en cours de validit\u00e9 (article 51, paragraphe 1, du D\u00e9cret Pr\u00e9sidentiel 396\/2000 &#8211; demande de publication).<br \/>\nSi vous ne pouvez pas vous pr\u00e9senter personnellement pour demander les publications, vous pouvez d\u00e9signer un tiers en utilisant une procuration sp\u00e9ciale r\u00e9dig\u00e9e sur papier libre et muni d&#8217;une copie de vos pi\u00e8ces d&#8217;identit\u00e9 en cours de validit\u00e9.<\/p>\n<p><strong>Si vous n&#8217;\u00eates pas citoyen italien<\/strong><br \/>\nSi vous n&#8217;\u00eates pas citoyen italien et vous souhaitez vous marier en Italie, vous devez aussi soumettre une \u00ab autorisation au mariage \u00bb (conform\u00e9ment \u00e0 l&#8217;article 116 du Code civil italien) d\u00e9livr\u00e9e par les autorit\u00e9s comp\u00e9tentes du pays dont vous \u00eates citoyen, d\u00fbment l\u00e9galis\u00e9 et traduit en italien ou un \u00ab certificat de capacit\u00e9 matrimoniale \u00bb si vous \u00eates citoyen de l&#8217;un des pays ayant ratifi\u00e9 la Convention de Munich du 5 septembre 1980.<br \/>\nSi vous \u00eates citoyen d&#8217;un pays n&#8217;appartenant pas \u00e0 l&#8217;Union europ\u00e9enne et que vous ne r\u00e9sidez pas en Italie, en plus de l&#8217;autorisation, vous devez \u00e9galement soumettre le reste des documents prouvant les exigences de l&#8217;art. 51 du D\u00e9cret Pr\u00e9sidentiel 396\/2000, car il s&#8217;agit de documents form\u00e9s \u00e0 l&#8217;\u00e9tranger non enregistr\u00e9s en Italie ou aupr\u00e8s d&#8217;une autorit\u00e9 consulaire italienne.<br \/>\nDe m\u00eame, les couples, dans les cas pr\u00e9vus par l&#8217;art. 52 du D\u00e9cret Pr\u00e9sidentiel 396\/2000, peuvent soumettre une copie de la disposition d&#8217;autorisation de mariage accord\u00e9e par le tribunal en pr\u00e9sence d&#8217;un emp\u00eachement au moment de la demande de publications ou bien l\u2019envoyer en suite par courrier ordinaire.<\/p>\n<p><strong>Les publications<\/strong><br \/>\nLes\u00a0<strong>publications<\/strong>\u00a0sont pr\u00e9vues tant dans le cas du\u00a0<strong>mariage consulaire<\/strong>\u00a0que dans le cas du\u00a0<strong>mariage en Italie<\/strong>.<br \/>\nEn Italie, la c\u00e9l\u00e9bration du mariage doit \u00eatre pr\u00e9c\u00e9d\u00e9e de publications faites par un officier d&#8217;\u00e9tat civil. Les publications restent affich\u00e9es sur le registre consulaire pendant au moins 8 jours. Vous pouvez vous marier dans les 3 jours suivant la publication et dans les 180 jours suivants.<br \/>\nSi vous ne pouvez pas vous pr\u00e9senter personnellement pour demander les publications, vous pouvez d\u00e9signer un tiers en utilisant une procuration sp\u00e9ciale r\u00e9dig\u00e9e sur papier libre et muni d&#8217;une copie de vos pi\u00e8ces d&#8217;identit\u00e9 en cours de validit\u00e9. Si vous n&#8217;\u00eates pas citoyen de l&#8217;Union europ\u00e9enne et que vous ne r\u00e9sidez pas en Italie, votre signature doit \u00eatre authentifi\u00e9e.<\/p>\n<ul>\n<li>Si vous \u00eates tous les deux citoyens italiens r\u00e9sidant \u00e0 l&#8217;\u00e9tranger, vous devez demander des bans de mariage \u00e0 la repr\u00e9sentation diplomatique o\u00f9 le mariage consulaire sera c\u00e9l\u00e9br\u00e9. Si vous r\u00e9sidez dans deux circonscriptions consulaires diff\u00e9rentes, les publications doivent \u00eatre effectu\u00e9es aupr\u00e8s des repr\u00e9sentations diplomatiques ou consulaires.<\/li>\n<li>Si l&#8217;un de vous (italien ou \u00e9tranger) r\u00e9side en Italie tandis que l&#8217;autre (citoyen italien) r\u00e9side \u00e0 l&#8217;\u00e9tranger, vous devez demander la publication de bans de mariage \u00e0 la repr\u00e9sentation diplomatique ou consulaire o\u00f9 le mariage consulaire sera c\u00e9l\u00e9br\u00e9, ce qu&#8217;il demandera \u00e0 son tour la municipalit\u00e9 de r\u00e9sidence en Italie pour l&#8217;ex\u00e9cuter. Les publications se feront donc dans les deux lieux de r\u00e9sidence des futurs \u00e9poux.<\/li>\n<li>\u2022 Si le conjoint italien r\u00e9side en Italie tandis que l&#8217;autre ressortissant \u00e9tranger r\u00e9side \u00e0 l&#8217;\u00e9tranger, vous avez deux possibilit\u00e9s: demander des publications \u00e0 la repr\u00e9sentation diplomatique ou consulaire ou \u00e0 la commune italienne de r\u00e9sidence, qui d\u00e9livrera une procuration \u00e0 la repr\u00e9sentation diplomatique ou consulaire pour la c\u00e9l\u00e9bration du mariage conform\u00e9ment \u00e0 l&#8217;art. 109 du Code civil italien.<\/li>\n<li>Si vous r\u00e9sidez tous les deux en Italie, vous devez demander la publication de bans de mariage \u00e0 votre commune de r\u00e9sidence. Si vous r\u00e9sidez dans deux communes diff\u00e9rentes, les publications seront faites dans les deux communes. La municipalit\u00e9 d\u00e9livrera une d\u00e9l\u00e9gation \u00e0 la repr\u00e9sentation diplomatique ou consulaire pour la c\u00e9l\u00e9bration du mariage conform\u00e9ment \u00e0 l&#8217;art. 109 du Code civil italien.<\/li>\n<\/ul>\n<p><strong>C) MARIAGE EN ALG\u00c9RIE<\/strong><br \/>\nEn Alg\u00e9rie, le mariage est r\u00e9gi par le\u00a0<strong>livre premier du code de la famille<\/strong>\u00a0(loi n \u00b0 84-11 du 9 juin 1984 relative au code de la famille modifi\u00e9e par l&#8217;ordonnance n \u00b0 05-02 du 27 f\u00e9vrier 2005).<br \/>\nParmi les conditions envisag\u00e9es pour obtenir l&#8217;autorisation de mariage entre \u00e9trangers et Alg\u00e9riens, il y a, entre autres, l&#8217;interdiction pour le citoyen alg\u00e9rien musulman d&#8217;\u00e9pouser un citoyen non musulman. En ce sens, une condition pr\u00e9alable \u00e0 la c\u00e9l\u00e9bration du mariage est la conversion \u00e0 la religion musulmane.<br \/>\nLes autorit\u00e9s locales o\u00f9 le mariage est c\u00e9l\u00e9br\u00e9 exigent un certificat d&#8217;absence d&#8217;emp\u00eachement pour se marier. Ce certificat de capacit\u00e9 matrimoniale doit \u00eatre demand\u00e9 \u00e0 la Repr\u00e9sentation diplomatique-consulaire italienne m\u00eame si vous r\u00e9sidez en Italie ou dans une autre circonscription \u00e9trang\u00e8re.<br \/>\nLa Repr\u00e9sentation diplomatique-consulaire ne peut d\u00e9livrer le document demand\u00e9 que sur la base du r\u00e9sultat positif des contr\u00f4les, apr\u00e8s avoir acquis les documents requis par la loi et ceux jug\u00e9s n\u00e9cessaires pour prouver l&#8217;inexistence d&#8217;obstacles.<br \/>\nLes citoyens italiens qui se marient en Alg\u00e9rie ne sont pas soumis \u00e0 la publication de bans de mariage.<br \/>\nPour toute information compl\u00e9mentaire sur les dispositions applicables aux mariages d&#8217;\u00e9trangers en Alg\u00e9rie, veuillez consulter la page internet suivante du minist\u00e8re alg\u00e9rien de l&#8217;Int\u00e9rieur:\u00a0<a href=\"https:\/\/www.interieur.gov.dz\/index.php\/fr\/%C3%A9trangers-en-alg%C3%A9rie\/mariage-mixte.html\">https:\/\/www.interieur.gov.dz\/index.php\/fr\/%C3%A9trangers-en-alg%C3%A9rie\/mariage-mixte.html<\/a><\/p>\n<p><strong>La transcription de l&#8217;acte de mariage<\/strong><br \/>\nPour \u00eatre valide en Italie, un mariage c\u00e9l\u00e9br\u00e9 \u00e0 l&#8217;\u00e9tranger doit \u00eatre enregistr\u00e9 aupr\u00e8s de la commune italienne comp\u00e9tente.<br \/>\nL&#8217;original de l&#8217;acte de mariage d\u00e9livr\u00e9 par l&#8217;Office d&#8217;\u00e9tat civil \u00e9tranger,\u00a0<strong>d\u00fbment l\u00e9galis\u00e9 et traduit<\/strong>, doit \u00eatre adress\u00e9 par les parties int\u00e9ress\u00e9es \u00e0 l&#8217;ambassade d&#8217;Italie \u00e0 Alger, qui se chargera de sa transmission en Italie aux fins de transcription dans les registres de l&#8217;\u00e9tat civil de la municipalit\u00e9 comp\u00e9tente.<br \/>\nAlternativement, vous pouvez soumettre l&#8217;acte, d\u00fbment l\u00e9galis\u00e9 et traduit, directement \u00e0 la commune italienne \u00e0 laquelle vous appartenez (conform\u00e9ment \u00e0 l&#8217;article 12, paragraphe 11, du d\u00e9cret pr\u00e9sidentiel 396\/2000).<\/p>\n<p>Si vous n\u00e9cessitez d&#8217;informations suppl\u00e9mentaires, vous pouvez \u00e9crire \u00e0 l&#8217;adresse e-mail:\u00a0<a href=\"mailto:anagrafe.algeri@esteri.it\">anagrafe.algeri@esteri.it<\/a>\u00a0.<\/p>\n","protected":false},"excerpt":{"rendered":"Informations sur la c\u00e9l\u00e9bration du mariage sont fournies ci-dessous. On peut distinguer le\u00a0mariage consulaire\u00a0(c\u00e9l\u00e9br\u00e9 devant l&#8217;autorit\u00e9 consulaire italienne en Alg\u00e9rie), le\u00a0mariage en Italie\u00a0par des citoyens r\u00e9sidant en Alg\u00e9rie et, enfin, le\u00a0mariage en Alg\u00e9rie, c&#8217;est-\u00e0-dire devant les autorit\u00e9s locales. Pour\u00a0toute information compl\u00e9mentaire, y compris des informations g\u00e9n\u00e9rales, veuillez consulter la page suivante du site Internet du [&hellip;]","protected":false},"author":4,"featured_media":0,"parent":194,"menu_order":0,"comment_status":"closed","ping_status":"closed","template":"","meta":{"footnotes":""},"class_list":["post-510","page","type-page","status-publish","hentry"],"_links":{"self":[{"href":"https:\/\/ambalgeri.esteri.it\/fr\/wp-json\/wp\/v2\/pages\/510","targetHints":{"allow":["GET"]}}],"collection":[{"href":"https:\/\/ambalgeri.esteri.it\/fr\/wp-json\/wp\/v2\/pages"}],"about":[{"href":"https:\/\/ambalgeri.esteri.it\/fr\/wp-json\/wp\/v2\/types\/page"}],"author":[{"embeddable":true,"href":"https:\/\/ambalgeri.esteri.it\/fr\/wp-json\/wp\/v2\/users\/4"}],"replies":[{"embeddable":true,"href":"https:\/\/ambalgeri.esteri.it\/fr\/wp-json\/wp\/v2\/comments?post=510"}],"version-history":[{"count":1,"href":"https:\/\/ambalgeri.esteri.it\/fr\/wp-json\/wp\/v2\/pages\/510\/revisions"}],"predecessor-version":[{"id":511,"href":"https:\/\/ambalgeri.esteri.it\/fr\/wp-json\/wp\/v2\/pages\/510\/revisions\/511"}],"up":[{"embeddable":true,"href":"https:\/\/ambalgeri.esteri.it\/fr\/wp-json\/wp\/v2\/pages\/194"}],"wp:attachment":[{"href":"https:\/\/ambalgeri.esteri.it\/fr\/wp-json\/wp\/v2\/media?parent=510"}],"curies":[{"name":"wp","href":"https:\/\/api.w.org\/{rel}","templated":true}]}}