{"id":522,"date":"2023-07-05T14:31:45","date_gmt":"2023-07-05T12:31:45","guid":{"rendered":"https:\/\/ambalgeri.esteri.it\/?page_id=522"},"modified":"2023-07-05T14:50:27","modified_gmt":"2023-07-05T12:50:27","slug":"deces","status":"publish","type":"page","link":"https:\/\/ambalgeri.esteri.it\/fr\/servizi-consolari-e-visti\/servizi-per-il-cittadino-italiano\/stato-civile\/deces\/","title":{"rendered":"D\u00e9c\u00e8s"},"content":{"rendered":"<p>Le d\u00e9c\u00e8s d\u2019un citoyen italien advenu \u00e0 l\u2019\u00e9tranger doit \u00eatre transcrit en Italie.<br \/>\nLes documents n\u00e9cessaires pour enregistrer le d\u00e9c\u00e8s sont:<\/p>\n<p>acte de d\u00e9c\u00e8s (en original) \u00e9mis par le Bureau de l\u2019Etat Civil comp\u00e9tent, d\u00fbment l\u00e9galis\u00e9 et traduit (voir section\u00a0<a href=\"https:\/\/ambalgeri.esteri.it\/fr\/servizi-consolari-e-visti\/servizi-per-il-cittadino-italiano\/traduzione-e-legalizzazione-dei-documenti\/\">Traduction et L\u00e9galisation des documents<\/a>);<br \/>\ndocumentation d\u00e9montrant la nationalit\u00e9 du d\u00e9funt (s\u2019il n\u2019est pas inscrit dans le registre consulaire).<br \/>\nAlternativement, on pourra pr\u00e9senter l\u2019acte, d\u00fbment l\u00e9galis\u00e9 et traduit, directement \u00e0 la Commune italien d\u2019appartenance (voir l&#8217;art. 12, alin\u00e9a 11 du D.P.R. 396\/2000).<\/p>\n","protected":false},"excerpt":{"rendered":"Le d\u00e9c\u00e8s d\u2019un citoyen italien advenu \u00e0 l\u2019\u00e9tranger doit \u00eatre transcrit en Italie. Les documents n\u00e9cessaires pour enregistrer le d\u00e9c\u00e8s sont: acte de d\u00e9c\u00e8s (en original) \u00e9mis par le Bureau de l\u2019Etat Civil comp\u00e9tent, d\u00fbment l\u00e9galis\u00e9 et traduit (voir section\u00a0Traduction et L\u00e9galisation des documents); documentation d\u00e9montrant la nationalit\u00e9 du d\u00e9funt (s\u2019il n\u2019est pas inscrit dans [&hellip;]","protected":false},"author":4,"featured_media":0,"parent":194,"menu_order":0,"comment_status":"closed","ping_status":"closed","template":"","meta":{"footnotes":""},"class_list":["post-522","page","type-page","status-publish","hentry"],"_links":{"self":[{"href":"https:\/\/ambalgeri.esteri.it\/fr\/wp-json\/wp\/v2\/pages\/522","targetHints":{"allow":["GET"]}}],"collection":[{"href":"https:\/\/ambalgeri.esteri.it\/fr\/wp-json\/wp\/v2\/pages"}],"about":[{"href":"https:\/\/ambalgeri.esteri.it\/fr\/wp-json\/wp\/v2\/types\/page"}],"author":[{"embeddable":true,"href":"https:\/\/ambalgeri.esteri.it\/fr\/wp-json\/wp\/v2\/users\/4"}],"replies":[{"embeddable":true,"href":"https:\/\/ambalgeri.esteri.it\/fr\/wp-json\/wp\/v2\/comments?post=522"}],"version-history":[{"count":1,"href":"https:\/\/ambalgeri.esteri.it\/fr\/wp-json\/wp\/v2\/pages\/522\/revisions"}],"predecessor-version":[{"id":523,"href":"https:\/\/ambalgeri.esteri.it\/fr\/wp-json\/wp\/v2\/pages\/522\/revisions\/523"}],"up":[{"embeddable":true,"href":"https:\/\/ambalgeri.esteri.it\/fr\/wp-json\/wp\/v2\/pages\/194"}],"wp:attachment":[{"href":"https:\/\/ambalgeri.esteri.it\/fr\/wp-json\/wp\/v2\/media?parent=522"}],"curies":[{"name":"wp","href":"https:\/\/api.w.org\/{rel}","templated":true}]}}