{"id":527,"date":"2023-07-05T14:34:43","date_gmt":"2023-07-05T12:34:43","guid":{"rendered":"https:\/\/ambalgeri.esteri.it\/?page_id=527"},"modified":"2023-07-05T14:35:58","modified_gmt":"2023-07-05T12:35:58","slug":"reconnaissance-dun-enfant-naturel","status":"publish","type":"page","link":"https:\/\/ambalgeri.esteri.it\/fr\/servizi-consolari-e-visti\/servizi-per-il-cittadino-italiano\/stato-civile\/reconnaissance-dun-enfant-naturel\/","title":{"rendered":"Reconnaissance d\u2019un enfant naturel"},"content":{"rendered":"<p>La reconnaissance peut \u00eatre effectu\u00e9e soit par jugement ou par une mesure administrative. La reconnaissance effectu\u00e9e \u00e0 l\u2019\u00e9tranger est valide en Italie aussi si elle respecte les conditions pr\u00e9vues par la loi italienne (art.250 du code civil).<br \/>\nAux fins de la transcription en Italie, c\u2019est une copie int\u00e9grale de l\u2019acte de naissance qui doit \u00eatre produite, avec les annotations marginales de la reconnaissance, d\u00fbment l\u00e9galis\u00e9e et traduite (voir section\u00a0<a href=\"https:\/\/ambalgeri.esteri.it\/fr\/servizi-consolari-e-visti\/servizi-per-il-cittadino-italiano\/traduzione-e-legalizzazione-dei-documenti\/\">Traduction et L\u00e9galisation des documents<\/a>), et non pas un simple certificat.<br \/>\nDans le cas o\u00f9 le syst\u00e8me \u00e9tranger ne pr\u00e9voit pas la d\u00e9livrance de la copie int\u00e9grale, un certificat qui contienne l\u2019annotation de la reconnaissance d\u00e9j\u00e0 effectu\u00e9e pr\u00e8s les Autorit\u00e9s locales.<\/p>\n","protected":false},"excerpt":{"rendered":"La reconnaissance peut \u00eatre effectu\u00e9e soit par jugement ou par une mesure administrative. La reconnaissance effectu\u00e9e \u00e0 l\u2019\u00e9tranger est valide en Italie aussi si elle respecte les conditions pr\u00e9vues par la loi italienne (art.250 du code civil). Aux fins de la transcription en Italie, c\u2019est une copie int\u00e9grale de l\u2019acte de naissance qui doit \u00eatre [&hellip;]","protected":false},"author":4,"featured_media":0,"parent":194,"menu_order":0,"comment_status":"closed","ping_status":"closed","template":"","meta":{"footnotes":""},"class_list":["post-527","page","type-page","status-publish","hentry"],"_links":{"self":[{"href":"https:\/\/ambalgeri.esteri.it\/fr\/wp-json\/wp\/v2\/pages\/527","targetHints":{"allow":["GET"]}}],"collection":[{"href":"https:\/\/ambalgeri.esteri.it\/fr\/wp-json\/wp\/v2\/pages"}],"about":[{"href":"https:\/\/ambalgeri.esteri.it\/fr\/wp-json\/wp\/v2\/types\/page"}],"author":[{"embeddable":true,"href":"https:\/\/ambalgeri.esteri.it\/fr\/wp-json\/wp\/v2\/users\/4"}],"replies":[{"embeddable":true,"href":"https:\/\/ambalgeri.esteri.it\/fr\/wp-json\/wp\/v2\/comments?post=527"}],"version-history":[{"count":1,"href":"https:\/\/ambalgeri.esteri.it\/fr\/wp-json\/wp\/v2\/pages\/527\/revisions"}],"predecessor-version":[{"id":528,"href":"https:\/\/ambalgeri.esteri.it\/fr\/wp-json\/wp\/v2\/pages\/527\/revisions\/528"}],"up":[{"embeddable":true,"href":"https:\/\/ambalgeri.esteri.it\/fr\/wp-json\/wp\/v2\/pages\/194"}],"wp:attachment":[{"href":"https:\/\/ambalgeri.esteri.it\/fr\/wp-json\/wp\/v2\/media?parent=527"}],"curies":[{"name":"wp","href":"https:\/\/api.w.org\/{rel}","templated":true}]}}