{"id":562,"date":"2023-07-09T18:47:14","date_gmt":"2023-07-09T16:47:14","guid":{"rendered":"https:\/\/ambalgeri.esteri.it\/?page_id=562"},"modified":"2023-07-09T18:48:17","modified_gmt":"2023-07-09T16:48:17","slug":"declarations-de-valeur","status":"publish","type":"page","link":"https:\/\/ambalgeri.esteri.it\/fr\/servizi-consolari-e-visti\/servizi-per-il-cittadino-straniero\/etudes\/declarations-de-valeur\/","title":{"rendered":"D\u00e9clarations de valeur"},"content":{"rendered":"<p>La dichiarazione di valore in loco \u00e8 un documento ufficiale in lingua italiana rilasciato dalle Rappresentanze diplomatiche italiane a coloro che, avendo conseguito un titolo di studio presso istituti di istruzione stranieri, desiderano proseguire gli studi in Italia o avviare le procedure di riconoscimento dei titoli di studio a fini professionali.<br \/>\nLa dichiarazione di valore non costituisce alcuna forma di riconoscimento del titolo in questione, ma \u00e8 un documento di natura informativa il cui scopo consiste nel descrivere il valore acquisito dal titolo di studio nel Paese di origine, in modo da consentire all\u2019Universit\u00e0 italiana o al Ministero competente di valutarlo rispettivamente ai fini del proseguimento degli studi in Italia (punto 1) o dell\u2019esercizio professionale (punto 2).<\/p>\n<p>Il deposito della documentazione solo a seguito di appuntamento da fissare mediante il sistema <a href=\"https:\/\/prenotami.esteri.it\">Prenot@mi<\/a>.<\/p>\n<p>1) Procedura da seguire e documentazione da presentare per l\u2019ottenimento di una dichiarazione di valore in loco di titoli di studio scolastici o universitari conseguiti in Algeria.<\/p>\n<p>Per la Scuola primaria (elementare) e scuola primaria di secondo grado (scuola media):<\/p>\n<ul>\n<li>Modulo di richiesta debitamente compilato e firmato (sotto riportato)<\/li>\n<li>Attestato\/diploma di conclusione del ciclo di studi.<\/li>\n<li>Pagella finale;<\/li>\n<li>Passaporto<\/li>\n<li>Pagamento percezioni consolari<\/li>\n<\/ul>\n<p>&nbsp;<\/p>\n<p>Insieme al modulo di richiesta e al passaporto (corredato da una sua fotocopia), il richiedente dovr\u00e0 presentarsi presso l\u2019Ufficio consolare munito della documentazione scolastica, per cui si richiede la dichiarazione di valore, preventivamente validata dal Ministero dell\u2019Educazione Nazionale e successivamente legalizzata dal Ministero degli Esteri algerino e tradotta in lingua italiana da un traduttore giurato (vedasi lista sotto riportata). L\u2019Ufficio consolare provveder\u00e0 alla verifica della documentazione presentata e al perfezionamento della pratica, previa riscossione dei diritti consolari applicabili.<\/p>\n<p>Per il Diploma di scuola media di secondo grado (maturit\u00e0):<\/p>\n<ul>\n<li>Modulo di richiesta debitamente compilato e firmato (sotto riportato)<\/li>\n<li>Diploma di maturit\u00e0;<\/li>\n<li>Pagella dell\u2019esame di Maturit\u00e0 o Certificato Scolastico dello stesso anno;<\/li>\n<li>Passaporto<\/li>\n<li>Pagamento percezioni consolari<\/li>\n<\/ul>\n<p>&nbsp;<\/p>\n<p>Insieme al modulo di richiesta e al passaporto (corredato da una sua fotocopia), il richiedente dovr\u00e0 presentarsi presso l\u2019Ufficio consolare munito della documentazione scolastica, per cui si richiede la dichiarazione di valore, preventivamente validata dal Ministero dell\u2019Educazione Nazionale e successivamente legalizzata dal Ministero degli Esteri algerino e tradotta in lingua italiana da un traduttore giurato (vedasi lista sotto riportata). L\u2019Ufficio consolare provveder\u00e0 alla verifica della documentazione presentata e al perfezionamento della pratica, previa riscossione dei diritti consolari applicabili.<\/p>\n<p>Per il Diploma di laurea:<\/p>\n<ul>\n<li>Modulo di richiesta debitamente compilato e firmato (sotto riportato)<\/li>\n<li>Il Diploma di Laurea<\/li>\n<li>Gli elenchi dei voti di ogni anno universitario<\/li>\n<li>Passaporto<\/li>\n<li>Pagamento percezioni consolari<\/li>\n<\/ul>\n<p>&nbsp;<\/p>\n<p>Insieme al modulo di richiesta e al passaporto (corredato da una sua fotocopia), il richiedente dovr\u00e0 presentarsi presso l\u2019Ufficio consolare munito della documentazione scolastica, per cui si richiede la dichiarazione di valore, preventivamente validata dal Ministero dell\u2019Insegnamento Superiore e della Ricerca Scientifica e successivamente legalizzata dal Ministero degli Esteri algerino e tradotta in lingua italiana da un traduttore giurato (vedasi lista sotto riportata). L\u2019Ufficio consolare provveder\u00e0 alla verifica della documentazione presentata e al perfezionamento della pratica, previa riscossione dei diritti consolari applicabili.<\/p>\n<p>Per il Master\/ Magister\/ Dottorato:<\/p>\n<ul>\n<li>Modulo di richiesta debitamente compilato e firmato (sotto riportato)<\/li>\n<li>Diplomi di tutto il percorso universitario insieme agli elenchi dei voti di ogni anno e di ogni titolo di studio.<\/li>\n<li>Passaporto<\/li>\n<li>Pagamento percezioni consolari<\/li>\n<\/ul>\n<p>&nbsp;<\/p>\n<p>Insieme al modulo di richiesta e al passaporto (corredato da una sua fotocopia), il richiedente dovr\u00e0 presentarsi presso l\u2019Ufficio consolare munito della documentazione scolastica, per cui si richiede la dichiarazione di valore, preventivamente validata dal Ministero dell\u2019Insegnamento Superiore e della Ricerca Scientifica e successivamente legalizzata dal Ministero degli Esteri algerino e tradotta in lingua italiana da un traduttore giurato (vedasi lista sotto riportata). L\u2019Ufficio consolare provveder\u00e0 alla verifica della documentazione presentata e al perfezionamento della pratica, previa riscossione dei diritti consolari applicabili.<\/p>\n<p>Per il diploma o l\u2019attestazione rilasciati da istituti di formazione professionale:<\/p>\n<ul>\n<li>Modulo di richiesta debitamente compilato e firmato (modulo sotto riportato)<\/li>\n<li>Diploma o attestazione<\/li>\n<li>Elenchi dei voti per ogni anno di formazione<\/li>\n<li>Passaporto<\/li>\n<li>Pagamento percezioni consolari<\/li>\n<\/ul>\n<p>&nbsp;<\/p>\n<p>Insieme al modulo di richiesta e al passaporto (corredato da una sua fotocopia), il richiedente dovr\u00e0 presentarsi presso l\u2019Ufficio consolare munito della documentazione scolastica, per cui si richiede la dichiarazione di valore, preventivamente validata dal Ministero algerino competente (principalmente il Ministero della Formazione e dell&#8217;Insegnamento Professionale) e successivamente legalizzata dal Ministero degli Esteri algerino e tradotta in lingua italiana da un traduttore giurato (vedasi lista sotto riportata). L\u2019Ufficio consolare provveder\u00e0 alla verifica della documentazione presentata e al perfezionamento della pratica, previa riscossione dei diritti consolari applicabili.<\/p>\n<p>Relativamente ai titoli di studio universitari e ad alcuni Attestati di Formazione Professionale, si informa che, oltre alla Dichiarazione di Valore, alcune Universit\u00e0 italiane possono richiedere anche il programma di studi universitario. Quest\u2019ultimo, contrariamente agli elenchi dei voti e titoli, viene legalizzato solamente presso il Ministero dell\u2019Insegnamento Superiore e della Ricerca Scientifica, per essere successivamente legalizzata dal Ministero degli Esteri algerino e tradotta in lingua italiana da un traduttore giurato.<\/p>\n<p><a href=\"https:\/\/ambalgeri.esteri.it\/wp-content\/uploads\/2023\/06\/richiesta_dichiarazione_valore.pdf\">Modulo richiesta dichiarazione di valore<\/a><br \/>\n<a href=\"https:\/\/ambalgeri.esteri.it\/wp-content\/uploads\/2023\/07\/AMBALGERI_elenco-traduttori-giurati.pdf\">Lista traduttori giurati<\/a><\/p>\n<p>Delega di una terza persona<\/p>\n<p>Se l\u2019intestatario della documentazione algerina \u00e8 impossibilitato a presentarsi personalmente, potr\u00e0 delegare una terza persona al suo posto.<br \/>\nA tal fine, il delegato dovr\u00e0 presentarsi allo sportello consolare munito oltre che della documentazione necessaria previste nelle istruzioni sopra riportate di:<\/p>\n<ol>\n<li>apposita delega\/procura predisposta dal delegante intestatario dei documenti algerini, nella quale andranno riportate le generalit\u00e0 della persona autorizzata\/delegata (dati anagrafici e residenza) unitamente agli estremi del documento d\u2019identit\u00e0 di quest\u2019ultima;<\/li>\n<li>proprio documento d\u2019identit\u00e0 in corso di validit\u00e0 (preferibilmente passaporto o carta d\u2019identit\u00e0);<\/li>\n<li>copia del documento d\u2019identit\u00e0 del delegante, intestatario dei documenti algerini, in corso di validit\u00e0 (preferibilmente passaporto o carta di identit\u00e0). Se questi \u00e8 un cittadino algerino residente stabilmente in Italia, titolare di un permesso di soggiorno, dovranno essere altres\u00ec consegnati la copia del permesso di soggiorno in corso di validit\u00e0, e copia della carta d\u2019identit\u00e0 rilasciata dal competente Comune italiano.<\/li>\n<\/ol>\n<p>Nota Bene:<br \/>\nLa dichiarazione di valore in loco viene rilasciata gratuitamente solo per comprovati motivi di studio. In questo caso, per il perfezionamento della pratica sar\u00e0 ad ogni modo percepito il pagamento dei diritti consolari relativo alla legalizzazione delle firme apposte sui documenti presentati.<\/p>\n<p>AVVISO IMPORTANTE: l\u2019Ambasciata d\u2019Italia ad Algeri non \u00e8 responsabile del servizio prestato dai traduttori ufficiali. Al contempo, in base alla legge vigente, gli atti non possono essere legalizzati ove venga accertata la non conformit\u00e0 della traduzione degli stessi. Per tale ragione, si invitano i gentili utenti a prestare massima attenzione alla qualit\u00e0 dei servizi richiesti ai traduttori ufficiali.<\/p>\n<p>2) Riconoscimento di titoli abilitanti all\u2019esercizio professionale conseguiti in Paesi non UE<\/p>\n<p>In Italia le autorit\u00e0 competenti nel procedimento di riconoscimento delle professioni corrispondenti per i lavoratori autonomi o dipendenti, sono i Ministeri vigilanti sulle rispettive professioni.<\/p>\n<ol>\n<li>l\u2019attivit\u00e0 cui l\u2019interessato finalizza la domanda di riconoscimento deve configurarsi in Italia quale attivit\u00e0 o professione regolamentata, cio\u00e8 tale che, sulla base di una previsione normativa, possa\u2019 essere esercitata soltanto con specifici titoli o requisiti formativi;<\/li>\n<li>se la stessa professione \u00e8 regolamentata, nel senso sopra indicato, anche nel Paese di origine, l\u2019interessato deve documentare di aver soddisfatto tutte le 4 condizioni formative previste dalla legge locale (possesso del titolo di studio, eventuali tirocini, esami abilitanti ecc.);<\/li>\n<li>se trattasi invece di professione non regolamentata in tale Paese (cio\u00e8 di attivit\u00e0 che pu\u00f2 essere esercitata liberamente e legittimamente anche senza il possesso obbligatorio di un titolo), l\u2019interessato potr\u00e0 ugualmente chiedere il riconoscimento in Italia per l\u2019esercizio della professione cui si riferisce il suo titolo di formazione, purch\u00e9\u2019 in possesso dei seguenti requisiti:\n<ol>\n<li>titolo di formazione universitaria o superiore-di durata almeno triennale (nel caso delle professioni indicate nel D. Lgs. 115\/92), o di livello inferiore (per le professioni indicate nel D. Lgs. 319\/94)<\/li>\n<li>e aver svolto l\u2019attivit\u00e0 professionale nel Paese per almeno due anni.<\/li>\n<\/ol>\n<\/li>\n<\/ol>\n<p>Le domande di riconoscimento professionale possono essere inoltrate direttamente dagli interessati ai Ministeri italiani preposti dopo aver richiesto e acquisito la dichiarazione di valore in loco e le legalizzazioni prescritte.<\/p>\n<p>Dichiarazione di valore per il riconoscimento delle qualifiche professionali<\/p>\n<ul>\n<li>Modulo di richiesta debitamente compilato e firmato<\/li>\n<li>Titolo di studio o professionale<\/li>\n<li>Certificato di formazione e abilitazione professionale<\/li>\n<li>Elenchi dei voti per ogni anno di formazione<\/li>\n<li>Passaporto<\/li>\n<li>Pagamento percezioni consolari<\/li>\n<\/ul>\n<p>&nbsp;<\/p>\n<p>Insieme al modulo di richiesta e al passaporto (corredato da una sua fotocopia), il richiedente dovr\u00e0 presentarsi presso l\u2019Ufficio consolare munito della documentazione sopra elencata, preventivamente validata dal Ministero algerino competente (principalmente il Ministero della Formazione e dell&#8217;Insegnamento Professionale) e successivamente legalizzata dal Ministero degli Esteri algerino e tradotta in lingua italiana da un traduttore giurato (vedasi lista sotto riportata). L\u2019Ufficio consolare provveder\u00e0 alla verifica della documentazione presentata e al perfezionamento della pratica, previa riscossione dei diritti consolari applicabili.<\/p>\n<p><a href=\"https:\/\/ambalgeri.esteri.it\/wp-content\/uploads\/2023\/06\/richiesta_dichiarazione_valore.pdf\">Modulo richiesta dichiarazione di valore<\/a><br \/>\n<a href=\"https:\/\/ambalgeri.esteri.it\/wp-content\/uploads\/2023\/07\/AMBALGERI_elenco-traduttori-giurati.pdf\">Lista traduttori giurati<\/a><\/p>\n<p>Delega di una terza persona<\/p>\n<p>Se l\u2019intestatario della documentazione algerina \u00e8 impossibilitato a presentarsi personalmente, potr\u00e0 delegare una terza persona al suo posto.<br \/>\nA tal fine, il delegato dovr\u00e0 presentarsi allo sportello consolare munito oltre che della documentazione necessaria previste nelle istruzioni sopra riportate di:<\/p>\n<ol>\n<li>apposita delega\/procura predisposta dal delegante intestatario dei documenti algerini, nella quale andranno riportate le generalit\u00e0 della persona autorizzata\/delegata (dati anagrafici e residenza) unitamente agli estremi del documento d\u2019identit\u00e0 di quest\u2019ultima;<\/li>\n<li>proprio documento d\u2019identit\u00e0 in corso di validit\u00e0 (preferibilmente passaporto o carta d\u2019identit\u00e0);<\/li>\n<li>copia del documento d\u2019identit\u00e0 del delegante, intestatario dei documenti algerini, in corso di validit\u00e0 (preferibilmente passaporto o carta di identit\u00e0). Se questi \u00e8 un cittadino algerino residente stabilmente in Italia, titolare di un permesso di soggiorno, dovranno essere altres\u00ec consegnati la copia del permesso di soggiorno in corso di validit\u00e0, e copia della carta d\u2019identit\u00e0 rilasciata dal competente Comune italiano.<\/li>\n<\/ol>\n<p>AVVISO IMPORTANTE: l\u2019Ambasciata d\u2019Italia ad Algeri non \u00e8 responsabile del servizio prestato dai traduttori ufficiali. Al contempo, in base alla legge vigente, gli atti non possono essere legalizzati ove venga accertata la non conformit\u00e0 della traduzione degli stessi. Per tale ragione, si invitano i gentili utenti a prestare massima attenzione alla qualit\u00e0 dei servizi richiesti ai traduttori ufficiali.<\/p>\n<p class=\"boxLevel03\">\n","protected":false},"excerpt":{"rendered":"La dichiarazione di valore in loco \u00e8 un documento ufficiale in lingua italiana rilasciato dalle Rappresentanze diplomatiche italiane a coloro che, avendo conseguito un titolo di studio presso istituti di istruzione stranieri, desiderano proseguire gli studi in Italia o avviare le procedure di riconoscimento dei titoli di studio a fini professionali. La dichiarazione di valore [&hellip;]","protected":false},"author":4,"featured_media":0,"parent":544,"menu_order":10,"comment_status":"closed","ping_status":"closed","template":"","meta":{"footnotes":""},"class_list":["post-562","page","type-page","status-publish","hentry"],"_links":{"self":[{"href":"https:\/\/ambalgeri.esteri.it\/fr\/wp-json\/wp\/v2\/pages\/562","targetHints":{"allow":["GET"]}}],"collection":[{"href":"https:\/\/ambalgeri.esteri.it\/fr\/wp-json\/wp\/v2\/pages"}],"about":[{"href":"https:\/\/ambalgeri.esteri.it\/fr\/wp-json\/wp\/v2\/types\/page"}],"author":[{"embeddable":true,"href":"https:\/\/ambalgeri.esteri.it\/fr\/wp-json\/wp\/v2\/users\/4"}],"replies":[{"embeddable":true,"href":"https:\/\/ambalgeri.esteri.it\/fr\/wp-json\/wp\/v2\/comments?post=562"}],"version-history":[{"count":1,"href":"https:\/\/ambalgeri.esteri.it\/fr\/wp-json\/wp\/v2\/pages\/562\/revisions"}],"predecessor-version":[{"id":563,"href":"https:\/\/ambalgeri.esteri.it\/fr\/wp-json\/wp\/v2\/pages\/562\/revisions\/563"}],"up":[{"embeddable":true,"href":"https:\/\/ambalgeri.esteri.it\/fr\/wp-json\/wp\/v2\/pages\/544"}],"wp:attachment":[{"href":"https:\/\/ambalgeri.esteri.it\/fr\/wp-json\/wp\/v2\/media?parent=562"}],"curies":[{"name":"wp","href":"https:\/\/api.w.org\/{rel}","templated":true}]}}