{"id":574,"date":"2023-07-12T10:32:21","date_gmt":"2023-07-12T08:32:21","guid":{"rendered":"https:\/\/ambalgeri.esteri.it\/?page_id=574"},"modified":"2023-07-14T18:34:44","modified_gmt":"2023-07-14T16:34:44","slug":"prise-de-rendez-vous-a-la-chancellerie-consulaire-pour-la-demande-de-services-consulaires-le-portail-prenotmi","status":"publish","type":"page","link":"https:\/\/ambalgeri.esteri.it\/fr\/news\/multimedia\/prise-de-rendez-vous-a-la-chancellerie-consulaire-pour-la-demande-de-services-consulaires-le-portail-prenotmi\/","title":{"rendered":"Prise de rendez-vous \u00e0 la Chancellerie consulaire pour la demande de services consulaires: le portail \u201cPrenot@Mi\u201d"},"content":{"rendered":"<div>\n<p><strong>Acc\u00e9dez au portail \u201cPrenot@Mi\u201d &#8211;&gt; <a href=\"https:\/\/prenotami.esteri.it\/\">https:\/\/prenotami.esteri.it\/<\/a><\/strong><\/p>\n<p>\u201c<strong>Prenot@Mi<\/strong>\u201d est le nouveau portail pour la prise de <strong>rendez-vous<\/strong> \u00e0 la Chancellerie consulaire, rapide et enti\u00e8rement num\u00e9rique.<\/p>\n<p>Le service ne concerne pas les demandes de visas d&#8217;entr\u00e9e, pour lesquelles il faut se r\u00e9f\u00e9rer \u00e0 la page d\u00e9di\u00e9e du site: <a href=\"https:\/\/ambalgeri.esteri.it\/fr\/servizi-consolari-e-visti\/servizi-per-il-cittadino-straniero\/visti\/\">https:\/\/ambalgeri.esteri.it\/fr\/servizi-consolari-e-visti\/servizi-per-il-cittadino-straniero\/visti\/<\/a><\/p>\n<p><strong>Avant de prendre rendez-vous, consultez les informations en ligne<br \/>\n<\/strong><\/p>\n<p>Avant de prendre rendez-vous, <strong>veuillez consulter attentivement le site Internet de l&#8217;Ambassade<\/strong>\u00a0pour toutes informations relatives aux <a href=\"https:\/\/ambalgeri.esteri.it\/fr\/servizi-consolari-e-visti\/\">services consulaires<\/a> (<a href=\"https:\/\/ambalgeri.esteri.it\/fr\/servizi-consolari-e-visti\/servizi-per-il-cittadino-italiano\/traduzione-e-legalizzazione-dei-documenti\/\">l\u00e9galisations<\/a>, <a href=\"https:\/\/ambalgeri.esteri.it\/fr\/servizi-consolari-e-visti\/servizi-per-il-cittadino-italiano\/documenti-di-viaggio\/\">passeports et documents de voyage,<\/a>\u00a0<a href=\"https:\/\/ambalgeri.esteri.it\/fr\/servizi-consolari-e-visti\/servizi-per-il-cittadino-italiano\/stato-civile\/\">\u00e9tat civil<\/a>, <a href=\"https:\/\/ambalgeri.esteri.it\/fr\/servizi-consolari-e-visti\/servizi-per-il-cittadino-italiano\/stabilimento-e-soggiorno-in-algeria-e-anagrafe-degli-italiani-residenti-allestero\/\">\u00e9tablissement en Alg\u00e9rie<\/a>, <a href=\"https:\/\/ambalgeri.esteri.it\/fr\/servizi-consolari-e-visti\/servizi-per-il-cittadino-italiano\/autoveicoli-e-patenti-di-guida\/\">permis de conduire,<\/a> <a href=\"https:\/\/ambalgeri.esteri.it\/fr\/servizi-consolari-e-visti\/servizi-per-il-cittadino-italiano\/servizi-notarili\/\">actes notari\u00e9s<\/a>, <a href=\"https:\/\/ambalgeri.esteri.it\/fr\/servizi-consolari-e-visti\/servizi-per-il-cittadino-straniero\/studio\/dichiarazioni-di-valore-in-loco\/\">d\u00e9clarations de valeur<\/a>, etc.). Nous vous invitons \u00e0 consulter aussi la section <a href=\"https:\/\/ambalgeri.esteri.it\/fr\/news\/multimedia\/modulistica\/\">formulaires<\/a>.<\/p>\n<p><strong>Comment fonctionne Prenot@Mi ?<\/strong><\/p>\n<p><a href=\"https:\/\/prenotami.esteri.it\/\">Prenot@Mi<\/a> est un syst\u00e8me de r\u00e9servation des services consulaires enti\u00e8rement automatis\u00e9 o\u00f9 <strong>l&#8217;utilisateur peut g\u00e9rer son compte et ses rendez-vous \u00e0 la chancellerie consulaire<\/strong>.<br \/>\nPour acc\u00e9der au service la premi\u00e8re fois,\u00a0<strong>l&#8217;utilisateur doit s&#8217;inscrire <\/strong>dans la page &#8220;Register Your Account&#8221;, en saisissant toutes les donn\u00e9es requises.<br \/>\nUne fois les\u00a0<strong>identifiants d\u2019acc\u00e8s<\/strong>\u00a0re\u00e7us, l&#8217;utilisateur peut acc\u00e9der au syst\u00e8me \u00e0 l&#8217;aide de son utilisateur \/ mot de passe, en cliquant sur \u00abAccess\u00bb.<\/p>\n<p><strong>R\u00e9servez votre rendez-vous !<\/strong><\/p>\n<p>Une fois les identifiants re\u00e7us, l&#8217;utilisateur peut acc\u00e9der au portail et choisir le jour et l&#8217;heure de son rendez-vous, en fonction du service demand\u00e9 et de la disponibilit\u00e9 du service.<br \/>\nIl est important de se rappeler d&#8217;imprimer la fiche de r\u00e9servation et de la pr\u00e9senter \u00e0 l&#8217;entr\u00e9e le jour du rendez-vous.<\/p>\n<p><strong>Acc\u00e9dez au portail &#8220;Prenot@Mi&#8221;<\/strong>\u00a0&#8211;&gt;\u00a0<a href=\"https:\/\/prenotami.esteri.it\/\">https:\/\/prenotami.esteri.it\/<\/a><\/p>\n<\/div>\n","protected":false},"excerpt":{"rendered":"Acc\u00e9dez au portail \u201cPrenot@Mi\u201d &#8211;&gt; https:\/\/prenotami.esteri.it\/ \u201cPrenot@Mi\u201d est le nouveau portail pour la prise de rendez-vous \u00e0 la Chancellerie consulaire, rapide et enti\u00e8rement num\u00e9rique. Le service ne concerne pas les demandes de visas d&#8217;entr\u00e9e, pour lesquelles il faut se r\u00e9f\u00e9rer \u00e0 la page d\u00e9di\u00e9e du site: https:\/\/ambalgeri.esteri.it\/fr\/servizi-consolari-e-visti\/servizi-per-il-cittadino-straniero\/visti\/ Avant de prendre rendez-vous, consultez les informations en [&hellip;]","protected":false},"author":4,"featured_media":0,"parent":217,"menu_order":0,"comment_status":"closed","ping_status":"closed","template":"","meta":{"footnotes":""},"class_list":["post-574","page","type-page","status-publish","hentry"],"_links":{"self":[{"href":"https:\/\/ambalgeri.esteri.it\/fr\/wp-json\/wp\/v2\/pages\/574","targetHints":{"allow":["GET"]}}],"collection":[{"href":"https:\/\/ambalgeri.esteri.it\/fr\/wp-json\/wp\/v2\/pages"}],"about":[{"href":"https:\/\/ambalgeri.esteri.it\/fr\/wp-json\/wp\/v2\/types\/page"}],"author":[{"embeddable":true,"href":"https:\/\/ambalgeri.esteri.it\/fr\/wp-json\/wp\/v2\/users\/4"}],"replies":[{"embeddable":true,"href":"https:\/\/ambalgeri.esteri.it\/fr\/wp-json\/wp\/v2\/comments?post=574"}],"version-history":[{"count":3,"href":"https:\/\/ambalgeri.esteri.it\/fr\/wp-json\/wp\/v2\/pages\/574\/revisions"}],"predecessor-version":[{"id":627,"href":"https:\/\/ambalgeri.esteri.it\/fr\/wp-json\/wp\/v2\/pages\/574\/revisions\/627"}],"up":[{"embeddable":true,"href":"https:\/\/ambalgeri.esteri.it\/fr\/wp-json\/wp\/v2\/pages\/217"}],"wp:attachment":[{"href":"https:\/\/ambalgeri.esteri.it\/fr\/wp-json\/wp\/v2\/media?parent=574"}],"curies":[{"name":"wp","href":"https:\/\/api.w.org\/{rel}","templated":true}]}}