{"id":739,"date":"2023-09-10T18:06:48","date_gmt":"2023-09-10T16:06:48","guid":{"rendered":"https:\/\/ambalgeri.esteri.it\/?page_id=739"},"modified":"2023-09-10T18:07:44","modified_gmt":"2023-09-10T16:07:44","slug":"normes-et-facilitations","status":"publish","type":"page","link":"https:\/\/ambalgeri.esteri.it\/fr\/italia-e-algeria\/diplomazia-economica\/fare-affari-in-italia\/normes-et-facilitations\/","title":{"rendered":"Normes et facilitations"},"content":{"rendered":"<p class=\"boxLevel03\"><img decoding=\"async\" src=\"https:\/\/ambalgeri.esteri.it\/resource\/2005\/03\/58_f_amb61item0993.gif\" alt=\"\" border=\"0\" \/> <a href=\"http:\/\/www.invitalia.it\/on-line\/eng\/Home.html\" target=\"_blank\" rel=\"noopener\"><strong>Invitalia website<\/strong><\/a><\/p>\n<p><strong><br \/>\n<\/strong>L\u2019Italie a r\u00e9cemment introduit d\u2019importantes r\u00e9formes sur le march\u00e9 du travail, du cr\u00e9dit, de l\u2019\u00e9nergie, de l\u2019Administration Publique. Le file conducteur des interventions a \u00e9t\u00e9 l\u2019adaptation des r\u00e8gles \u00e0 celles des Pays les plus avanc\u00e9s, afin de rendre le Syst\u00e8me Italie plus attrayant pour les op\u00e9rateurs \u00e9conomiques et plus comp\u00e9titif dans le contexte international. Le site\u00a0<a href=\"http:\/\/www.invitalia.it\/on-line\/eng\/Home.html\" target=\"_blank\" rel=\"noopener\"><strong><u>Invitalia<\/u><\/strong><\/a>\u00a0offre des informations pr\u00e9cises, en deux langues, sur les opportunit\u00e9s pour faire entreprise et produire en Italie \u00e0 la lumi\u00e8re des r\u00e9centes r\u00e9formes \u00e9conomiques r\u00e9alis\u00e9es.<\/p>\n","protected":false},"excerpt":{"rendered":"Invitalia website L\u2019Italie a r\u00e9cemment introduit d\u2019importantes r\u00e9formes sur le march\u00e9 du travail, du cr\u00e9dit, de l\u2019\u00e9nergie, de l\u2019Administration Publique. Le file conducteur des interventions a \u00e9t\u00e9 l\u2019adaptation des r\u00e8gles \u00e0 celles des Pays les plus avanc\u00e9s, afin de rendre le Syst\u00e8me Italie plus attrayant pour les op\u00e9rateurs \u00e9conomiques et plus comp\u00e9titif dans le contexte [&hellip;]","protected":false},"author":4,"featured_media":0,"parent":240,"menu_order":0,"comment_status":"closed","ping_status":"closed","template":"","meta":{"footnotes":""},"class_list":["post-739","page","type-page","status-publish","hentry"],"_links":{"self":[{"href":"https:\/\/ambalgeri.esteri.it\/fr\/wp-json\/wp\/v2\/pages\/739","targetHints":{"allow":["GET"]}}],"collection":[{"href":"https:\/\/ambalgeri.esteri.it\/fr\/wp-json\/wp\/v2\/pages"}],"about":[{"href":"https:\/\/ambalgeri.esteri.it\/fr\/wp-json\/wp\/v2\/types\/page"}],"author":[{"embeddable":true,"href":"https:\/\/ambalgeri.esteri.it\/fr\/wp-json\/wp\/v2\/users\/4"}],"replies":[{"embeddable":true,"href":"https:\/\/ambalgeri.esteri.it\/fr\/wp-json\/wp\/v2\/comments?post=739"}],"version-history":[{"count":1,"href":"https:\/\/ambalgeri.esteri.it\/fr\/wp-json\/wp\/v2\/pages\/739\/revisions"}],"predecessor-version":[{"id":740,"href":"https:\/\/ambalgeri.esteri.it\/fr\/wp-json\/wp\/v2\/pages\/739\/revisions\/740"}],"up":[{"embeddable":true,"href":"https:\/\/ambalgeri.esteri.it\/fr\/wp-json\/wp\/v2\/pages\/240"}],"wp:attachment":[{"href":"https:\/\/ambalgeri.esteri.it\/fr\/wp-json\/wp\/v2\/media?parent=739"}],"curies":[{"name":"wp","href":"https:\/\/api.w.org\/{rel}","templated":true}]}}