{"id":743,"date":"2023-09-10T18:09:52","date_gmt":"2023-09-10T16:09:52","guid":{"rendered":"https:\/\/ambalgeri.esteri.it\/?page_id=743"},"modified":"2023-09-10T18:11:18","modified_gmt":"2023-09-10T16:11:18","slug":"opportunites-commerciales","status":"publish","type":"page","link":"https:\/\/ambalgeri.esteri.it\/fr\/italia-e-algeria\/diplomazia-economica\/fare-affari-in-italia\/opportunites-commerciales\/","title":{"rendered":"Opportunit\u00e9s commerciales"},"content":{"rendered":"<p class=\"boxLevel03\"><img decoding=\"async\" src=\"https:\/\/ambalgeri.esteri.it\/resource\/2005\/03\/66_f_amb61item099993.gif\" alt=\"\" border=\"0\" \/> \u00a0<a title=\"Vai al sito web di Italtrade - attenzione! questo link apre un sito esterno\" href=\"http:\/\/www.italtrade.com\/\"><strong>Italtrade website<\/strong><\/a><\/p>\n<p><span id=\"Testo_pag_int\"><strong><br \/>\n<\/strong><\/span>L\u2019acquisition d\u2019informations concernant le march\u00e9 italien et les opportunit\u00e9s de business avec l\u2019Italie est le premier pas que les op\u00e9rateurs \u00e9trangers doivent accomplir afin d\u2019identifier des domaines et des formes d\u2019investissement en Italie. Italtrade constitue l\u2019acc\u00e8s imm\u00e9diat \u00e0 toutes les informations sur le march\u00e9 italien dans la langue d\u2019affaires des op\u00e9rateurs \u00e9trangers.<\/p>\n","protected":false},"excerpt":{"rendered":"\u00a0Italtrade website L\u2019acquisition d\u2019informations concernant le march\u00e9 italien et les opportunit\u00e9s de business avec l\u2019Italie est le premier pas que les op\u00e9rateurs \u00e9trangers doivent accomplir afin d\u2019identifier des domaines et des formes d\u2019investissement en Italie. Italtrade constitue l\u2019acc\u00e8s imm\u00e9diat \u00e0 toutes les informations sur le march\u00e9 italien dans la langue d\u2019affaires des op\u00e9rateurs \u00e9trangers.","protected":false},"author":4,"featured_media":0,"parent":240,"menu_order":0,"comment_status":"closed","ping_status":"closed","template":"","meta":{"footnotes":""},"class_list":["post-743","page","type-page","status-publish","hentry"],"_links":{"self":[{"href":"https:\/\/ambalgeri.esteri.it\/fr\/wp-json\/wp\/v2\/pages\/743","targetHints":{"allow":["GET"]}}],"collection":[{"href":"https:\/\/ambalgeri.esteri.it\/fr\/wp-json\/wp\/v2\/pages"}],"about":[{"href":"https:\/\/ambalgeri.esteri.it\/fr\/wp-json\/wp\/v2\/types\/page"}],"author":[{"embeddable":true,"href":"https:\/\/ambalgeri.esteri.it\/fr\/wp-json\/wp\/v2\/users\/4"}],"replies":[{"embeddable":true,"href":"https:\/\/ambalgeri.esteri.it\/fr\/wp-json\/wp\/v2\/comments?post=743"}],"version-history":[{"count":1,"href":"https:\/\/ambalgeri.esteri.it\/fr\/wp-json\/wp\/v2\/pages\/743\/revisions"}],"predecessor-version":[{"id":744,"href":"https:\/\/ambalgeri.esteri.it\/fr\/wp-json\/wp\/v2\/pages\/743\/revisions\/744"}],"up":[{"embeddable":true,"href":"https:\/\/ambalgeri.esteri.it\/fr\/wp-json\/wp\/v2\/pages\/240"}],"wp:attachment":[{"href":"https:\/\/ambalgeri.esteri.it\/fr\/wp-json\/wp\/v2\/media?parent=743"}],"curies":[{"name":"wp","href":"https:\/\/api.w.org\/{rel}","templated":true}]}}