{"id":748,"date":"2023-09-10T18:12:57","date_gmt":"2023-09-10T16:12:57","guid":{"rendered":"https:\/\/ambalgeri.esteri.it\/?page_id=748"},"modified":"2023-09-10T18:14:51","modified_gmt":"2023-09-10T16:14:51","slug":"opportunites-dinvestissement","status":"publish","type":"page","link":"https:\/\/ambalgeri.esteri.it\/fr\/italia-e-algeria\/diplomazia-economica\/fare-affari-in-italia\/opportunites-dinvestissement\/","title":{"rendered":"Opportunit\u00e9s d\u2019investissement"},"content":{"rendered":"<p class=\"boxLevel03\"><img decoding=\"async\" src=\"https:\/\/ambalgeri.esteri.it\/resource\/2005\/03\/75_f_amb61item095.gif\" alt=\"\" border=\"0\" \/>\u00a0<a href=\"http:\/\/www.invitalia.it\/on-line\/eng\/Home.html\" target=\"_blank\" rel=\"noopener\"><strong> Invitalia website<\/strong><\/a><\/p>\n<p><strong><br \/>\n<\/strong>Invitalia agit sur mandat du Gouvernement avec le but de promouvoir des opportunit\u00e9s d\u2019entreprenariat int\u00e9ressantes. Il repr\u00e9sente la r\u00e9f\u00e9rence unique pour les investisseurs \u00e9tranger qui d\u00e9sirent cr\u00e9er ou d\u00e9velopper son entreprise en Italie, en fournissant une large gamme de services dans chaque phase de l\u2019investissement.<\/p>\n<p>Sur le site de Invitalia les investisseurs \u00e9trangers peuvent trouver toutes les informations utiles pour recueillir les opportunit\u00e9s d\u2019investissement les plus avantageuses ou d\u00e9velopper la propre entreprise en Italie<strong>.<\/strong><\/p>\n","protected":false},"excerpt":{"rendered":"\u00a0 Invitalia website Invitalia agit sur mandat du Gouvernement avec le but de promouvoir des opportunit\u00e9s d\u2019entreprenariat int\u00e9ressantes. Il repr\u00e9sente la r\u00e9f\u00e9rence unique pour les investisseurs \u00e9tranger qui d\u00e9sirent cr\u00e9er ou d\u00e9velopper son entreprise en Italie, en fournissant une large gamme de services dans chaque phase de l\u2019investissement. Sur le site de Invitalia les investisseurs [&hellip;]","protected":false},"author":4,"featured_media":0,"parent":240,"menu_order":0,"comment_status":"closed","ping_status":"closed","template":"","meta":{"footnotes":""},"class_list":["post-748","page","type-page","status-publish","hentry"],"_links":{"self":[{"href":"https:\/\/ambalgeri.esteri.it\/fr\/wp-json\/wp\/v2\/pages\/748","targetHints":{"allow":["GET"]}}],"collection":[{"href":"https:\/\/ambalgeri.esteri.it\/fr\/wp-json\/wp\/v2\/pages"}],"about":[{"href":"https:\/\/ambalgeri.esteri.it\/fr\/wp-json\/wp\/v2\/types\/page"}],"author":[{"embeddable":true,"href":"https:\/\/ambalgeri.esteri.it\/fr\/wp-json\/wp\/v2\/users\/4"}],"replies":[{"embeddable":true,"href":"https:\/\/ambalgeri.esteri.it\/fr\/wp-json\/wp\/v2\/comments?post=748"}],"version-history":[{"count":1,"href":"https:\/\/ambalgeri.esteri.it\/fr\/wp-json\/wp\/v2\/pages\/748\/revisions"}],"predecessor-version":[{"id":749,"href":"https:\/\/ambalgeri.esteri.it\/fr\/wp-json\/wp\/v2\/pages\/748\/revisions\/749"}],"up":[{"embeddable":true,"href":"https:\/\/ambalgeri.esteri.it\/fr\/wp-json\/wp\/v2\/pages\/240"}],"wp:attachment":[{"href":"https:\/\/ambalgeri.esteri.it\/fr\/wp-json\/wp\/v2\/media?parent=748"}],"curies":[{"name":"wp","href":"https:\/\/api.w.org\/{rel}","templated":true}]}}