{"id":752,"date":"2023-09-10T18:16:42","date_gmt":"2023-09-10T16:16:42","guid":{"rendered":"https:\/\/ambalgeri.esteri.it\/?page_id=752"},"modified":"2023-09-10T18:44:04","modified_gmt":"2023-09-10T16:44:04","slug":"quadro-macroeconomico","status":"publish","type":"page","link":"https:\/\/ambalgeri.esteri.it\/fr\/italia-e-algeria\/diplomazia-economica\/fare-affari-in-italia\/quadro-macroeconomico\/","title":{"rendered":"Cadre macro\u00e9conomique"},"content":{"rendered":"<p class=\"boxLevel03\"><strong><img decoding=\"async\" src=\"https:\/\/ambalgeri.esteri.it\/resource\/2005\/03\/79_f_amb61item0991.gif\" alt=\"\" border=\"0\" \/>\u00a0<a href=\"http:\/\/www.bancaditalia.it\/\" target=\"_blank\" rel=\"noopener\">Banca d\u2019Italia website<\/a><\/strong><\/p>\n<p><strong><br \/>\n<\/strong>Dans la homepage du site de la Banca d&#8217;Italia est pr\u00e9sent le lien \u00e0 la section publicisation \u00e0 travers le quel on acc\u00e8de aux services \u00e0 caract\u00e8re \u00e9conomique et statistique et de politique mon\u00e9taire sur l\u2019Italie.<br \/>\nD\u2019int\u00e9r\u00eat particulier aux fins d\u2019une analyse pr\u00e9cise et mise \u00e0 jour sur le cadre \u00e9conomique national, on signale dans cette section, le Bulletin Economique qui est mis \u00e0 jour par l\u2019Institut \u00e0 novembre et \u00e0 mars de chaque ann\u00e9e.<\/p>\n","protected":false},"excerpt":{"rendered":"\u00a0Banca d\u2019Italia website Dans la homepage du site de la Banca d&#8217;Italia est pr\u00e9sent le lien \u00e0 la section publicisation \u00e0 travers le quel on acc\u00e8de aux services \u00e0 caract\u00e8re \u00e9conomique et statistique et de politique mon\u00e9taire sur l\u2019Italie. D\u2019int\u00e9r\u00eat particulier aux fins d\u2019une analyse pr\u00e9cise et mise \u00e0 jour sur le cadre \u00e9conomique national, [&hellip;]","protected":false},"author":4,"featured_media":0,"parent":240,"menu_order":0,"comment_status":"closed","ping_status":"closed","template":"","meta":{"footnotes":""},"class_list":["post-752","page","type-page","status-publish","hentry"],"_links":{"self":[{"href":"https:\/\/ambalgeri.esteri.it\/fr\/wp-json\/wp\/v2\/pages\/752","targetHints":{"allow":["GET"]}}],"collection":[{"href":"https:\/\/ambalgeri.esteri.it\/fr\/wp-json\/wp\/v2\/pages"}],"about":[{"href":"https:\/\/ambalgeri.esteri.it\/fr\/wp-json\/wp\/v2\/types\/page"}],"author":[{"embeddable":true,"href":"https:\/\/ambalgeri.esteri.it\/fr\/wp-json\/wp\/v2\/users\/4"}],"replies":[{"embeddable":true,"href":"https:\/\/ambalgeri.esteri.it\/fr\/wp-json\/wp\/v2\/comments?post=752"}],"version-history":[{"count":2,"href":"https:\/\/ambalgeri.esteri.it\/fr\/wp-json\/wp\/v2\/pages\/752\/revisions"}],"predecessor-version":[{"id":760,"href":"https:\/\/ambalgeri.esteri.it\/fr\/wp-json\/wp\/v2\/pages\/752\/revisions\/760"}],"up":[{"embeddable":true,"href":"https:\/\/ambalgeri.esteri.it\/fr\/wp-json\/wp\/v2\/pages\/240"}],"wp:attachment":[{"href":"https:\/\/ambalgeri.esteri.it\/fr\/wp-json\/wp\/v2\/media?parent=752"}],"curies":[{"name":"wp","href":"https:\/\/api.w.org\/{rel}","templated":true}]}}