{"id":101,"date":"2023-04-11T18:24:57","date_gmt":"2023-04-11T16:24:57","guid":{"rendered":"https:\/\/ambasciatapraga.esteri.it\/?page_id=101"},"modified":"2023-09-10T19:03:16","modified_gmt":"2023-09-10T17:03:16","slug":"lingua-e-cultura-italiana","status":"publish","type":"page","link":"https:\/\/ambalgeri.esteri.it\/it\/italia-e-algeria\/diplomazia-culturale\/lingua-e-cultura-italiana\/","title":{"rendered":"Lingua e Cultura italiana"},"content":{"rendered":"<p><strong>\u2022 La Promozione e diffusione dell\u2019Insegnamento della lingua italiana:<\/strong><br \/>\nLa diffusione della lingua italiana sostenuta dal MAECI, sin dal 2004, grazie ad un programma di contributi e di borse che ha permesso d\u2019insegnare la lingua in 27 scuole algerine tra Scuole Medie e Licei, ha raggiunto un ottimo traguardo nel corso dell\u2019a.s. 2013\/2014, con l\u2019introduzione della lingua italiana tra le materie curricolari nei licei algerini, come LV3, al pari della lingua spagnola e tedesca. Dai recenti sondaggi effettuati si evince che circa 4449 studenti hanno iniziato nel 2013 lo studio della lingua italiana in 143 licei algerini con una forte concentrazione nelle regioni ad est di Algeri.<br \/>\nLo studio della lingua italiana \u00e8 presente altres\u00ec nelle Universit\u00e0 di Algeri, Blida e Annaba con tre Dipartimenti di lingua e cultura italiana, con corsi di studio di tre anni (laurea breve LMD), di master e dottorato.<\/p>\n<p><strong>\u2022 La Certificazione dell\u2019Italiano come Lingua Straniera (CILS):<\/strong><br \/>\nLe Certificazioni di Italiano sono titoli che dichiarano il grado di competenza comunicativa in italiano come lingua straniera. I destinatari sono tutti i cittadini stranieri, i cittadini italiani residenti all\u2019estero (discendenti di emigrati italiani) e gli immigrati stranieri in Italia.<br \/>\nPer sostenere le prove non \u00e8 necessario possedere titoli di studio particolari.<br \/>\nPer la somministrazione delle prove all\u2019estero tramite gli Istituti Italiani di Cultura, il Ministero degli Affari Esteri e della Cooperazione Internazionale ha stipulato convenzioni con le seguenti Istituzioni:<br \/>\nIstituzione &#8211; Certificazione<br \/>\nUniversit\u00e0 per Stranieri di Perugia &#8211; (CELI \u2013 CIC)\u00a0<a href=\"http:\/\/www.cvcl.it\/home.aspx\">http:\/\/www.cvcl.it\/home.aspx<\/a><br \/>\nUniversit\u00e0 per Stranieri di Siena &#8211; (CILS)\u00a0<a href=\"http:\/\/www.unistrasi.it\/\">http:\/\/www.unistrasi.it\/<\/a><br \/>\nUniversit\u00e0 degli Studi Roma Tre (IT &#8211; ele.IT)\u00a0<a href=\"http:\/\/host.uniroma3.it\/\">http:\/\/host.uniroma3.it\/<\/a><br \/>\nSociet\u00e0 Dante Alighieri http:\/\/www.plida.it (PLIDA)\u00a0<a href=\"http:\/\/ladante.it\/\">http:\/\/ladante.it\/<\/a><\/p>\n<p>Le iscrizioni agli esami CILS si chiudono di norma 40 gg prima della data prevista per ciascuna sessione presso l\u2019Istituto Italiano di Cultura di Algeri.<br \/>\nL\u2019Istituto Italiano di Cultura a Algeri organizza dei corsi di lingua corrispondenti ai livelli A1 e A2. Il livello A2 \u00e8 necessario per i cittadini stranieri che intendano trasferirsi in Italia per soggiorni di lunga durata.<\/p>\n","protected":false},"excerpt":{"rendered":"\u2022 La Promozione e diffusione dell\u2019Insegnamento della lingua italiana: La diffusione della lingua italiana sostenuta dal MAECI, sin dal 2004, grazie ad un programma di contributi e di borse che ha permesso d\u2019insegnare la lingua in 27 scuole algerine tra Scuole Medie e Licei, ha raggiunto un ottimo traguardo nel corso dell\u2019a.s. 2013\/2014, con l\u2019introduzione [&hellip;]","protected":false},"author":1,"featured_media":0,"parent":44,"menu_order":0,"comment_status":"closed","ping_status":"closed","template":"","meta":{"footnotes":""},"class_list":["post-101","page","type-page","status-publish","hentry"],"_links":{"self":[{"href":"https:\/\/ambalgeri.esteri.it\/it\/wp-json\/wp\/v2\/pages\/101","targetHints":{"allow":["GET"]}}],"collection":[{"href":"https:\/\/ambalgeri.esteri.it\/it\/wp-json\/wp\/v2\/pages"}],"about":[{"href":"https:\/\/ambalgeri.esteri.it\/it\/wp-json\/wp\/v2\/types\/page"}],"author":[{"embeddable":true,"href":"https:\/\/ambalgeri.esteri.it\/it\/wp-json\/wp\/v2\/users\/1"}],"replies":[{"embeddable":true,"href":"https:\/\/ambalgeri.esteri.it\/it\/wp-json\/wp\/v2\/comments?post=101"}],"version-history":[{"count":3,"href":"https:\/\/ambalgeri.esteri.it\/it\/wp-json\/wp\/v2\/pages\/101\/revisions"}],"predecessor-version":[{"id":764,"href":"https:\/\/ambalgeri.esteri.it\/it\/wp-json\/wp\/v2\/pages\/101\/revisions\/764"}],"up":[{"embeddable":true,"href":"https:\/\/ambalgeri.esteri.it\/it\/wp-json\/wp\/v2\/pages\/44"}],"wp:attachment":[{"href":"https:\/\/ambalgeri.esteri.it\/it\/wp-json\/wp\/v2\/media?parent=101"}],"curies":[{"name":"wp","href":"https:\/\/api.w.org\/{rel}","templated":true}]}}