{"id":14,"date":"2023-04-11T17:08:52","date_gmt":"2023-04-11T15:08:52","guid":{"rendered":"https:\/\/ambasciatapraga.esteri.it\/?page_id=14"},"modified":"2025-09-22T14:15:51","modified_gmt":"2025-09-22T12:15:51","slug":"italia-e-algeria","status":"publish","type":"page","link":"https:\/\/ambalgeri.esteri.it\/it\/italia-e-algeria\/","title":{"rendered":"Italia e Algeria"},"content":{"rendered":"<p><span style=\"text-decoration: underline;\"><strong>LE RELAZIONI POLITICHE TRA ITALIA E ALGERIA<\/strong><\/span><\/p>\n<p><strong><span lang=\"IT\"><span lang=\"FR\"><a class=\"focus--mouse\" href=\"https:\/\/www.governo.it\/it\" data-focus-mouse=\"true\">Sito web del Governo italiano<\/a>\u00a0<\/span><\/span><\/strong><\/p>\n<p style=\"text-align: justify;\">L\u2019Algeria costituisce un <strong>partner strategico per l\u2019Italia<\/strong>, non soltanto in considerazione del partenariato energetico tra i due Paesi, ma soprattutto per la condivisione di obiettivi prioritari come la creazione di un\u2019area di sicurezza e prosperit\u00e0 nel Mediterraneo, la lotta contro il terrorismo internazionale e la criminalit\u00e0 organizzata e il contrasto all\u2019immigrazione clandestina. Proprio per questi motivi la cooperazione politica ed economia tra i due Paesi \u00e8 sempre stata operante, anche durante gli anni pi\u00f9 difficili per l\u2019Algeria della lotta al terrorismo interno di matrice islamista (la <em>d\u00e9cennie noire<\/em> degli anni \u201990).<\/p>\n<p style=\"text-align: justify;\">\u00a0 \u00a0 \u00a0 \u00a0La tradizionale eccellenza delle relazioni politiche tra Algeria ed Italia &#8211; caratterizzate da una sostanziale convergenza di vedute sui principali dossier dell\u2019agenda regionale (Maghreb e Sahel) e internazionale \u2013 \u00e8 stata sancita <strong>dalla firma nel 2003 del Trattato di Amicizia, Cooperazione e Buon Vicinato<\/strong>, che prevede, tra l\u2019altro, la realizzazione di consultazioni periodiche, alternativamente in Italia ed in Algeria, al pi\u00f9 alto livello politico ed istituzionale. Determinante per rafforzare le relazioni bilaterali \u00e8 stato il Primo Vertice intergovernativo, svoltosi ad Alghero nel novembre del 2007 e presieduto congiuntamente dal Presidente del Consiglio Romano Prodi e dal Presidente della Repubblica algerino Abdelaziz Bouteflika. Il 14 novembre 2012 si \u00e8 tenuto ad Algeri il Secondo Vertice, presieduto congiuntamente dal Presidente Bouteflika e da Presidente del Consiglio Mario Monti. Il Terzo Vertice, presieduto dai due Capi di Governo Matteo Renzi e Abdelmalek Sellal, si \u00e8 tenuto il 27 maggio 2015 a Roma, in un clima di amicizia e comprensione reciproca.<\/p>\n<p style=\"text-align: justify;\">\u00a0 \u00a0 \u00a0 \u00a0Un ulteriore slancio del partenariato bilaterale tra Italia e Algeria si \u00e8 avuto con la <strong>Visita di Stato del Signor Presidente della Repubblica Sergio Mattarella ad Algeri e Annaba il 6 e 7 novembre 2021<\/strong>, alla quale \u00e8 seguita una visita in Italia del Presidente algerino Abdelmadjid Tebboune nel maggio 2022. Da allora si sono susseguite missioni in questo Paese di numerosi membri di governo, rappresentanti istituzionali e parlamentari, nonch\u00e9 delegazioni imprenditoriali.<\/p>\n<p style=\"text-align: justify;\">\u00a0 \u00a0 \u00a0 \u00a0 \u00a0Un\u2019 occasione per fare il punto sui rapporti tra i due Paesi nel settore politico, economico e culturale \u00e8 stata costituita dalla tenuta del <strong>il Quarto Vertice Intergovernativo ad Algeri il 18 luglio 2022, che \u00e8 stato co-presieduto dal Presidente del Consiglio Draghi e dal Presidente Tebboune.<\/strong> In tale occasione sono state firmate Intese in settori prioritari nelle relazioni tra i due Paesi ed \u00e8 stato riaffermato l\u2019impegno all\u2019approfondimento di un dialogo ad alto livello e ad un partenariato politico ed economico strategico per entrambi i Paesi. Soddisfazione \u00e8 stata espressa per la collaborazione in materia di difesa, sicurezza ed antiterrorismo, come anche nel settore della cultura, degli scambi universitari, della cooperazione scientifica e tecnologica, del turismo, dello sport, e della pesca. Italia ed Algeria si sono anche impegnate a sviluppare una cooperazione economica ed industriale a mutuo beneficio, dando un carattere prioritario a tre settori importanti: agricoltura, energie rinnovabili, infrastrutture e PMI.<\/p>\n<p style=\"text-align: justify;\">\u00a0 \u00a0 \u00a0Altro strumento di fondamentale importanza per lo sviluppo delle relazioni bilaterali e <strong>il Dialogo strategico sulle relazioni bilaterali e le questioni politiche e di sicurezza globale tra i due Paesi<\/strong>, la cui ultima sessione si \u00e8 tenuta a Roma il 5 agosto 2024 ed \u00e8 stata co-presieduta dai Segretari Generali del Ministero degli Esteri italiano e di quello algerino.<\/p>\n<p style=\"text-align: justify;\">\u00a0 \u00a0 \u00a0 \u00a0 \u00a0Con il lancio del <strong>Piano Mattei per l\u2019Africa<\/strong> da parte del Primo Ministro Giorgia Meloni in occasione della Conferenza Italia-Africa del gennaio 2024, l\u2019Algeria \u00e8 stata individuata come uno dei Paesi prioritari per la realizzazione di progetti comuni in tale quadro. <strong>I settori al momento individuati sono quelli dell\u2019agricoltura e della formazione.<\/strong><\/p>\n<p>&nbsp;<\/p>\n<p><strong>STRUTTURA ISTITUZIONALE E DATI DI BASE<\/strong><\/p>\n<ul>\n<li><strong>Superficie<\/strong>: 2.381.741 kmq<\/li>\n<li><strong>Capitale<\/strong>: Algeri<\/li>\n<li><strong>Principali citt\u00e0<\/strong>: Orano, Costantina, Annaba<\/li>\n<li><strong>Nome Ufficiale<\/strong>: Repubblica Algerina Democratica e Popolare<\/li>\n<li><strong>Forma di Governo<\/strong>: Repubblica presidenziale sul modello francese<\/li>\n<li><strong>Capo dello Stato<\/strong>: Abdelmadjid TEBBOUNE<\/li>\n<li><strong>Primo Ministro<\/strong>: Sifi GHRIEB<\/li>\n<li><strong>Ministro degli Esteri<\/strong>: Ahmed ATTAF<\/li>\n<li><strong>Sistema legislativo<\/strong>: Parlamento bicamerale<\/li>\n<li><strong>Sistema legale<\/strong>: Fondato sul diritto francese ed islamico;<\/li>\n<li><strong>Suffragio<\/strong>: 18 anni, universale<\/li>\n<li><strong>Partecipazione a Organizzazioni Internazionali<\/strong>: ONU, UNCTAD, OIL, FMI, UNESCO, UMA, Lega Araba, UNIDO, OAS (osservatore), G15, G19, G24, G77, OPEC, BIRS, Interpol, ecc.<\/li>\n<\/ul>\n<p><strong>POPOLAZIONE ED INDICATORI SOCIALI<\/strong><\/p>\n<ul>\n<li><strong>Popolazione<\/strong>: 46 milioni (36,6% sotto i 20 anni; il 54,9% nella fascia da 20 a 59 anni; l\u20198,5% ha pi\u00f9 di 60 anni); 73,7% urbanizzata; tasso di espansione annuo 1,9%)<\/li>\n<li><strong>Gruppi etnici<\/strong>: Arabi 75%; berberi 24%, europei 1%<\/li>\n<li><strong>Religioni<\/strong>: Musulmana sunnita (religione di stato) 99%; cristiana ed ebraica 1%<\/li>\n<li><strong>Lingue<\/strong>: Arabo (lingua ufficiale), francese, berbero.<\/li>\n<\/ul>\n<p>&nbsp;<\/p>\n<p><span style=\"text-decoration: underline;\"><strong>IL SISTEMA POLITICO ALGERINO<\/strong><\/span><\/p>\n<p style=\"text-align: justify;\"><strong><u>Il Presidente della Repubblica<\/u><\/strong><strong>. <\/strong>Il Presidente della Repubblica \u00e8 il capo dello Stato, <strong>eletto a suffragio universale diretto e segreto per un mandato di cinque anni rinnovabile una volta<\/strong>. Il Presidente \u00e8 il capo dell&#8217;Alto Consiglio di sicurezza. \u00c8 anche il Capo supremo delle Forze armate, \u00e8 responsabile della difesa nazionale, decide e conduce la politica estera della nazione, presiede il Consiglio dei ministri, nomina il Primo ministro e pone fine alle sue funzioni, firma i decreti presidenziali, ha il diritto di grazia, il diritto di remissione o di commutazione della pena. Pu\u00f2 anche organizzare referendum, assegnare decorazioni e concludere e ratificare trattati internazionali. <strong>Abdelamdjid Tebboune, attuale Capo dello Stato algerino (e Ministro della Difesa), \u00e8 stato eletto come indipendente nel dicembre 2019<\/strong>. Nel marzo del 2024 egli ha deciso la convocazione anticipata delle<strong> elezioni presidenziali che si sono svolte il 7 settembre 2024<\/strong>. <strong>In tale occasione egli \u00e8 stato rieletto con l\u201984,3% dei voti.<\/strong><\/p>\n<p style=\"text-align: justify;\"><strong><u>I partiti politici<\/u><\/strong><strong>. <\/strong>Il multipartitismo in Algeria \u00e8 stato introdotto nel 1988<strong>. <u>L\u2019articolo 57<\/u> della Costituzione del 2020 riconosce e garantisce il diritto di creare partiti politici<\/strong>, purch\u00e9 essi non siano fondati su basi religiose, linguistiche, raziali, di genere, corporative o regionali. Le formazioni politiche, inoltre, non possono essere costituite con il fine di attentare alle libert\u00e0 fondamentali del cittadino, \u201c<em>ai valori e alle componenti fondamentali dell\u2019identit\u00e0 nazionale, all\u2019unit\u00e0 nazionale, alla sicurezza e all\u2019integrit\u00e0 del territorio nazionale, all\u2019indipendenza del Paese e alla sovranit\u00e0 del popolo, nonch\u00e9 al carattere repubblicano e democratico dello Stato<\/em>\u201d. Il medesimo articolo stabilisce che i partiti politici non possano \u201cobbedire\u201d, in qualsiasi forma, ad interessi stranieri. Per svolgere le loro attivit\u00e0 essi devono ottenere un <em>agrement <\/em>del Ministero dell\u2019Interno e possono essere sciolti solo in virt\u00f9 di una decisione giudiziaria. <strong>Il successivo <u>articolo 58<\/u> statuisce che i partiti \u201criconosciuti\u201d beneficiano dei seguenti diritti<\/strong>: 1. libert\u00e0 di espressione, di riunione e di manifestazione pacifica; 2. uno spazio negli organi di informazione proporzionale alla loro rappresentativit\u00e0 a livello nazionale; 3. Un finanziamento pubblico proporzionale alla loro rappresentativit\u00e0.<\/p>\n<p style=\"text-align: justify;\"><strong><u>Il Consiglio della Nazione<\/u><\/strong>. Il Consiglio della Nazione (CN) \u00e8 la Camera alta del Parlamento algerino e <strong>condivide in maniera eguale con l\u2019Assemblea Popolare Nazionale la potest\u00e0 legislativa. <\/strong>Esso \u00e8 stato creato dalla Costituzione dell\u20198 dicembre. Il Consiglio della Nazione \u00e8 composto di 174 seggi, rinnovati per met\u00e0 ogni tre anni per mandati complessivi di sei anni. <strong>I due terzi dei membri (116 seggi)<\/strong> sono eletti, due per ciascuna wilaya, a <strong>scrutinio indiretto maggioritario<\/strong> da un collegio elettorale composto dai membri delle Assemblee popolari delle 58 wilaya e dai membri delle Assemblee popolari comunali presenti in ciascuna di esse (in totale circa 15.000 elettori). Possono essere eletti <strong>i cittadini algerini che abbiano almeno 35 anni<\/strong> e siano membri delle citate Assemblee. <strong>I restanti membri (58 seggi) sono nominati dal Presidente della Repubblica<\/strong> in ragione delle loro competenze nei campi scientifico, culturale, economico e sociale. L\u2019attuale Presidente del Consiglio della Nazione \u00e8 <strong>Salah Goudjil<\/strong>, membro del FLN, eletto il 24 febbraio 2021 e successivamente il 24 febbraio 2022.<\/p>\n<p style=\"text-align: justify;\">Quanto ai <strong>gruppi politici presenti nel CN<\/strong>, la maggioranza che appoggia il governo Larbaoui \u00e8 costituita dal FLN (54 membri), dal <em>Rassemblement National D\u00e9mocratique <\/em>(22)<em>, <\/em>dal <em>Front El Moustakbal<\/em> (7), da <em>El Bina <\/em>(5) e dal <em>Rassemblement de l\u2019Espoir pour l\u2019Algerie <\/em>(TAJ nell\u2019acronimo arabo) (1). L\u2019opposizione \u00e8 formata dal <em>Front des Forces Socialistes<\/em> (4), dal Partito <em>Voix du Peuple<\/em> (2), dal Partito <em>Nouvelle Aube <\/em>(PFJ nell\u2019acronimo arabo) (2) e il <em>Mouvement de la Societ\u00e9 pour la Paix<\/em> (1). A tutti questi si aggiungono 18 indipendenti e i gi\u00e0 citati 58 membri di nomina presidenziale.<\/p>\n<p style=\"text-align: justify;\"><strong><u>L\u2019Assemblea Popolare Nazionale<\/u><\/strong>. L\u2019APN \u00e8 la Camera bassa del Parlamento algerino ed \u00e8 composta da 407 seggi. <strong>I suoi membri sono eletti con voto proporzionale plurinominale per cinque anni in 59 circoscrizioni corrispondenti alle 58 <em>wilayas<\/em><\/strong> del Paese pi\u00f9 una circoscrizione che rappresenta i residenti all\u2019estero. Alle elezioni legislative del 12 giugno del 2021 hanno votato 5,622,401 algerini pari al 23% degli aventi diritto. Il FNL, con il RND, il FM e il Bina, che insieme detengono la maggioranza assoluta dei seggi (243), sostengono il Governo. L\u2019attuale Presidente dell\u2019APN \u00e8 Ibrahim Boughali.<\/p>\n<p style=\"text-align: justify;\"><strong><u>Partiti politici rappresentati nell\u2019APN<\/u><\/strong>. Front de Lib\u00e9ration National (FLN)\u00a0; Mouvement de la Soci\u00e9t\u00e9 pour la Paix (MSP)\u00a0; Rassemblement Nationale D\u00e9mocratique (RND)\u00a0; Front des Forces Socialistes (FFS)\u00a0; Front El Moustakbal (Avvenire- FM)\u00a0; Mouvement El \u2013 Bina (Costruzione)\u00a0; Parti La Voix du Peuple (PVP)\u00a0; Parti de la Libert\u00e9 et de la Justice (PLJ)\u00a0; Parti de la Libert\u00e9 et de la Justice (PLJ)\u00a0; Front de l\u2019Alg\u00e9rie Nouvelle (FAN)\u00a0; Front de la Justice et du D\u00e9veloppement (FJD)\u00a0; El Fadjir El Djadid (Nuova Alba)\u00a0; El Karama (Dignit\u00e0)\u00a0; Front de la Bonne Gouvernance (FBG)\u00a0; Jil Jadid\u00a0; Front National Alg\u00e9rien (FNA)\u00a0; Union pour le Changement et le Progr\u00e8s (UCP).<\/p>\n","protected":false},"excerpt":{"rendered":"LE RELAZIONI POLITICHE TRA ITALIA E ALGERIA Sito web del Governo italiano\u00a0 L\u2019Algeria costituisce un partner strategico per l\u2019Italia, non soltanto in considerazione del partenariato energetico tra i due Paesi, ma soprattutto per la condivisione di obiettivi prioritari come la creazione di un\u2019area di sicurezza e prosperit\u00e0 nel Mediterraneo, la lotta contro il terrorismo internazionale [&hellip;]","protected":false},"author":1,"featured_media":0,"parent":0,"menu_order":4,"comment_status":"closed","ping_status":"closed","template":"","meta":{"footnotes":""},"class_list":["post-14","page","type-page","status-publish","hentry"],"_links":{"self":[{"href":"https:\/\/ambalgeri.esteri.it\/it\/wp-json\/wp\/v2\/pages\/14","targetHints":{"allow":["GET"]}}],"collection":[{"href":"https:\/\/ambalgeri.esteri.it\/it\/wp-json\/wp\/v2\/pages"}],"about":[{"href":"https:\/\/ambalgeri.esteri.it\/it\/wp-json\/wp\/v2\/types\/page"}],"author":[{"embeddable":true,"href":"https:\/\/ambalgeri.esteri.it\/it\/wp-json\/wp\/v2\/users\/1"}],"replies":[{"embeddable":true,"href":"https:\/\/ambalgeri.esteri.it\/it\/wp-json\/wp\/v2\/comments?post=14"}],"version-history":[{"count":7,"href":"https:\/\/ambalgeri.esteri.it\/it\/wp-json\/wp\/v2\/pages\/14\/revisions"}],"predecessor-version":[{"id":2086,"href":"https:\/\/ambalgeri.esteri.it\/it\/wp-json\/wp\/v2\/pages\/14\/revisions\/2086"}],"wp:attachment":[{"href":"https:\/\/ambalgeri.esteri.it\/it\/wp-json\/wp\/v2\/media?parent=14"}],"curies":[{"name":"wp","href":"https:\/\/api.w.org\/{rel}","templated":true}]}}