{"id":308,"date":"2023-06-20T15:46:08","date_gmt":"2023-06-20T13:46:08","guid":{"rendered":"https:\/\/ambalgeri.esteri.it\/?page_id=308"},"modified":"2024-01-31T16:00:11","modified_gmt":"2024-01-31T15:00:11","slug":"stabilimento-e-soggiorno-in-algeria-e-anagrafe-degli-italiani-residenti-allestero","status":"publish","type":"page","link":"https:\/\/ambalgeri.esteri.it\/it\/servizi-consolari-e-visti\/servizi-per-il-cittadino-italiano\/stabilimento-e-soggiorno-in-algeria-e-anagrafe-degli-italiani-residenti-allestero\/","title":{"rendered":"Stabilimento e soggiorno in Algeria e Anagrafe degli Italiani Residenti all&#8217;Estero"},"content":{"rendered":"<p>I connazionali che arrivano e\/o si stabiliscono in Algeria sono tenuti a segnalare la propria presenza all\u2019Ambasciata d\u2019Italia in modi diversi a seconda del tipo di soggiorno.<\/p>\n<p>Per soggiorni di <strong>breve durata (fino a 90 giorni)<\/strong>, ad esempio nei casi di turismo, visite familiari o viaggi d\u2019affari, si consiglia di consultare il sito <a href=\"http:\/\/www.viaggiaresicuri.it\">Viaggiare Sicuri <\/a>e di registrare il proprio viaggio su <a href=\"http:\/\/www.dovesiamonelmondo.it\">Dove Siamo nel Mondo<\/a>, scaricando, ove possibile, la APP dell\u2019Unit\u00e0 di Crisi della Farnesina sul proprio smart phone.<\/p>\n<p>Per soggiorni di <strong>media durata (da 90 giorni fino a un anno)<\/strong>, si richiede l\u2019iscrizione presso l\u2019anagrafe consolare ai sensi dell\u2019art. 8 del D. Lgs. 71\/2011.<\/p>\n<p>Infine, per soggiorni di <strong>lunga durata (oltre un anno)<\/strong>, \u00e8 prevista l\u2019iscrizione all\u2019Anagrafe degli Italiani Residenti all\u2019Estero (A.I.R.E.). I cittadini italiani che trasferiscono la loro residenza da un comune italiano all&#8217;estero devono farne dichiarazione alla Cancelleria consolare entro novanta giorni dalla\u00a0data di trasferimento.<\/p>\n<p>Anche nei casi di soggiorno di media durata e di lunga durata si raccomanda di consultare il sito\u00a0<a href=\"http:\/\/www.viaggiaresicuri.it\">Viaggiare Sicuri <\/a>e di registrare la propria presenza anche sul sito <a href=\"http:\/\/www.dovesiamonelmondo.it\">Dove Siamo nel Mondo<\/a>.<\/p>\n<p>Infine, per ogni eventuale informazione sulle condizioni che regolano la presenza degli stranieri in Algeria, si rinvia alla sezione a ci\u00f2 dedicata del sito internet del <a href=\"http:\/\/www.interieur.gov.dz\/index.php\/fr\/%C3%A9trangers-en-alg%C3%A9rie.html\">Ministero dell\u2019Interno e delle Collettivit\u00e0 locali della Repubblica Algerina Democratica e Popolare<\/a>.<\/p>\n<p>&nbsp;<\/p>\n<p><span style=\"text-decoration: underline;\"><strong>ISCRIZIONE TEMPORANEA ALL\u2019ANAGRAFE CONSOLARE (schedario consolare)<\/strong><\/span><br \/>\nL\u2019iscrizione temporanea presso l\u2019anagrafe consolare (schedario consolare) ai sensi dell\u2019art. 8 del D. Lgs. 71\/2011, \u00e8 prevista per coloro che si trovano in Algeria per un periodo che va da tre mesi (90 giorni) ad un anno.<\/p>\n<p>Tale iscrizione viene formalizzata mediante la compilazione del modulo di richiesta di iscrizione anagrafica (<a href=\"https:\/\/ambalgeri.esteri.it\/it\/news\/multimedia\/modulistica\/\">sezione modulistica<\/a>) al quale vanno allegati i seguenti documenti:<\/p>\n<ul>\n<li>Copia del passaporto italiano.<\/li>\n<li>Copia del permesso di soggiorno o del visto d&#8217;ingresso algerino in corso di validit\u00e0, ove non ancora in possesso del permesso di soggiorno.<\/li>\n<li>Documentazione comprovante il proprio soggiorno in Algeria e il periodo di permanenza\u00a0(ad es.,\u00a0lettera del datore di lavoro attestante la motivazione della presenza in Algeria per motivi di lavoro).<\/li>\n<\/ul>\n<p>Nel modulo di richiesta occorre indicare l\u2019indirizzo di residenza in Italia ed \u00e8 necessario selezionare la voce \u201cai fini dell\u2019iscrizione temporanea\u201d avendo cura di indicare le date del periodo previsto del soggiorno in Algeria. La richiesta del certificato di iscrizione presso l\u2019anagrafe consolare (schedario consolare) va formulata utilizzando l\u2019apposito modulo di richiesta (<a href=\"https:\/\/ambalgeri.esteri.it\/it\/news\/multimedia\/modulistica\/\">sezione modulistica<\/a>).<\/p>\n<p>E&#8217; importante che il connazionale comunichi il proprio indirizzo in modo chiaro e completo aggiornando i propri contatti (telefonici e di posta elettronica) ed eventuali spostamenti comunicandoli via e-mail a: <a href=\"mailto:anagrafe.algeri@esteri.it\">anagrafe.algeri@esteri.it<\/a> e a <a href=\"mailto:connazionali.algeri@esteri.it\">connazionali.algeri@esteri.it<\/a><br \/>\nIl richiedente l\u2019iscrizione temporanea potr\u00e0 presentare la documentazione di cui sopra personalmente presso lo sportello dell\u2019Ufficio Servizi Consolari nei giorni e nell\u2019<a href=\"https:\/\/ambalgeri.esteri.it\/it\/chi-siamo\/gli-uffici\/\">orario di ricezione al pubblico<\/a>, oppure potr\u00e0 inviare la richiesta e la relativa documentazione via e-mail ad <a href=\"mailto:anagrafe.algeri@esteri.it\">anagrafe.algeri@esteri.it<\/a>, utilizzando il proprio indirizzo di posta elettronica o quello della Ditta\/Societ\u00e0 ove lavora.<br \/>\nL\u2019iscrizione temporanea \u00e8 gratuita e non comporta la contestuale cancellazione dall\u2019Anagrafe della Popolazione Residente (A.P.R.) del Comune di provenienza. Parimenti, l\u2019iscrizione temporanea non comporta la possibilit\u00e0 di fruire dei medesimi diritti degli italiani iscritti all\u2019AIRE.<\/p>\n<p>&nbsp;<\/p>\n<p><span style=\"text-decoration: underline;\"><strong>ISCRIZIONE ALL\u2019ANAGRAFE ITALIANI RESIDENTI ALL&#8217;ESTERO (A.I.R.E.)<\/strong><\/span><\/p>\n<p>Per soggiorni di <strong>lunga durata (oltre un anno)<\/strong>, \u00e8 prevista l\u2019iscrizione all\u2019Anagrafe degli Italiani Residenti all\u2019Estero (A.I.R.E.).<br \/>\nL\u2019Anagrafe degli Italiani Residenti all\u2019Estero (A.I.R.E.) \u00e8 stata istituita con legge 27 ottobre 1988, n. 470 e contiene i dati dei cittadini italiani che intendono risiedere all\u2019estero per un periodo superiore ai dodici mesi. Essa \u00e8 gestita dai Comuni sulla base dei dati e delle informazioni provenienti dalle Rappresentanze consolari all\u2019estero.<\/p>\n<p><strong>L\u2019iscrizione all\u2019A.I.R.E. \u00e8 un diritto-dovere del cittadino<\/strong> (art. 6 legge 470\/1988) e costituisce il presupposto per usufruire di una serie di servizi forniti dall\u2019Ambasciata d\u2019Italia ad Algeri, nonch\u00e9 per l\u2019esercizio di importanti diritti, quali per esempio:<\/p>\n<ul>\n<li>la possibilit\u00e0 di votare per corrispondenza alle elezioni politiche e referendum;<\/li>\n<li>la possibilit\u00e0 di ottenere il rilascio o rinnovo di documenti di identit\u00e0 e di viaggio, nonch\u00e9 certificazioni;<\/li>\n<li>la possibilit\u00e0 di rinnovare la patente di guida.<\/li>\n<\/ul>\n<p>Devono iscriversi all\u2019A.I.R.E.:<\/p>\n<ul>\n<li>i cittadini che trasferiscono la propria residenza all\u2019estero per periodi superiori a 12 mesi;<\/li>\n<li>quelli che gi\u00e0 vi risiedono, sia perch\u00e9 nati all\u2019estero che per successivo acquisto della cittadinanza italiana a qualsiasi titolo.<\/li>\n<\/ul>\n<p>Non devono &#8211; per contro &#8211; iscriversi all\u2019A.I.R.E.:<\/p>\n<ul>\n<li>le persone che si recano all\u2019estero per un periodo di tempo inferiore ad un anno;<\/li>\n<li>i lavoratori stagionali;<\/li>\n<li>i dipendenti di ruolo dello Stato in servizio all\u2019estero, che siano notificati ai sensi delle Convenzioni di Vienna sulle relazioni diplomatiche e sulle relazioni consolari rispettivamente del 1961 e del 1963;<\/li>\n<li>i militari italiani in servizio presso gli uffici e le strutture della NATO dislocate all\u2019estero.<\/li>\n<\/ul>\n<p>L\u2019iscrizione all\u2019A.I.R.E. comporta la contestuale cancellazione dall\u2019Anagrafe della Popolazione Residente (A.P.R.) del Comune di provenienza.<\/p>\n<p>Si informa che, a seguito della recente entrata in vigore dell\u2019art. 1 comma 242 della <a href=\"https:\/\/www.gazzettaufficiale.it\/eli\/gu\/2023\/12\/30\/303\/so\/40\/sg\/pdf\">Legge n. 213 del 30 dicembre 2023<\/a>, \u00e8 prevista una <strong>sanzione pecuniaria fino a 1.000 Euro<\/strong> per ogni anno di mancata iscrizione all\u2019A.I.R.E., per un massimo di 5 anni.<br \/>\nIn proposito, si fa presente che:<\/p>\n<ul>\n<li>la normativa in parola e le sanzioni da essa previste si applicano esclusivamente ai cittadini italiani iscritti nell\u2019Anagrafe della Popolazione Residente di un Comune in Italia che si trasferiscono all\u2019estero e non ottemperano agli obblighi di iscrizione all\u2019A.I.R.E. previsti dai commi 1 e 4 dell\u2019art. 6 della Legge 470\/1988. L\u2019accertamento di eventuali violazioni in materia di iscrizione anagrafica e l\u2019irrogazione di eventuali sanzioni rimangono di competenza esclusiva dei Comuni in Italia.<\/li>\n<li>le sanzioni in parola non si applicano alle iscrizioni anagrafiche effettuate ai sensi dei commi c) \u201ca seguito della registrazione dell\u2019atto di nascita\u201d e d) \u201cper acquisizione della cittadinanza italiana da parte di persona residente all\u2019estero\u201d dell\u2019art. 2 della menzionata Legge 470\/88, poich\u00e9 esse non sono effettuate per trasferimento della residenza da un Comune italiano all\u2019estero.<\/li>\n<\/ul>\n<p><strong><span style=\"text-decoration: underline;\">ATTENZIONE<\/span>: Nei casi previsti dalla Legge, l\u2019iscrizione all&#8217;A.I.R.E.\u00a0pu\u00f2 anche avvenire d\u2019ufficio<\/strong>, sulla base di informazioni di cui l\u2019Ufficio consolare sia venuto a conoscenza. Infatti, ai sensi dell&#8217;art. 6, comma 9, della legge 470\/1988, <strong>gli uffici consolari <span style=\"text-decoration: underline;\">sono tenuti<\/span> a provvedere alla <span style=\"text-decoration: underline;\">iscrizione d&#8217;ufficio all&#8217;A.I.R.E.<\/span> ogniqualvolta un cittadino italiano residente all&#8217;estero che non abbia provveduto ad effettuare la propria dichiarazione di iscrizione\u00a0all&#8217;A.I.R.E. faccia richiesta alla Cancelleria Consolare di atti, documenti o certificati<\/strong>.<\/p>\n<p>&nbsp;<\/p>\n<p><span style=\"text-decoration: underline;\"><strong>Modalit\u00e0 di iscrizione all\u2019A.I.R.E.<\/strong><\/span><\/p>\n<p>L\u2019iscrizione all\u2019A.I.R.E. \u00e8 effettuata a seguito di dichiarazione resa dall\u2019interessato all\u2019Ufficio consolare competente per territorio, entro 90 giorni dal trasferimento della residenza.<\/p>\n<p>Tale dichiarazione deve essere trasmessa, in via prevalente, tramite il <a href=\"https:\/\/ambalgeri.esteri.it\/it\/servhttps:\/\/ambalgeri.esteri.it\/it\/news\/multimedia\/fast-it\/\">portale FAST-IT<\/a>. Tale modalit\u00e0 consente il vantaggio e la possibilit\u00e0, tra le altre cose, di non doversi recare personalmente al Consolato.<\/p>\n<p>In alternativa, la richiesta di iscrizione all\u2019A.I.R.E. pu\u00f2 essere trasmessa <strong>via mail<\/strong> all\u2019indirizzo <a href=\"mailto:anagrafe.algeri@esteri.it\">anagrafe.algeri@esteri.it<\/a> oppure presentata <strong>di persona<\/strong> in Cancelleria Consolare negli orari di apertura al pubblico.<\/p>\n<p>Per iscriversi all\u2019AIRE occorre:<\/p>\n<ol>\n<li>Utilizzare in via prioritaria il <strong><a href=\"https:\/\/ambalgeri.esteri.it\/it\/news\/multimedia\/fast-it\/\">portale FAST-IT<\/a>.<\/strong><\/li>\n<li>In alternativa, ove non sia possibile usare il portale FAST-IT, compilare il formulario disponibile nella <a href=\"https:\/\/ambalgeri.esteri.it\/it\/news\/multimedia\/modulistica\/\">sezione modulistica<\/a>;<\/li>\n<li>Disporre di un <strong>documento che provi l\u2019effettivo domicilio nella circoscrizione consolare<\/strong> (permesso di lavoro, carta di soggiorno, carta di identit\u00e0 straniera, bollette, contratto di affitto,\u00a0ecc.). \u00c8 importante che il connazionale comunichi il proprio indirizzo in modo corretto e completo indicando il codice postale algerino. Eventuali documenti in lingua araba devono essere accompagnati da una <strong>traduzione in lingua italiana<\/strong> effettuata da un traduttore giurato (<a href=\"https:\/\/ambalgeri.esteri.it\/it\/news\/multimedia\/modulistica\/\">sezione modulistica<\/a>).<\/li>\n<li>Preparare una <strong>foto<\/strong> e una <strong>fotocopia del passaporto<\/strong> o della <strong>carta d\u2019identit\u00e0<\/strong>.<\/li>\n<\/ol>\n<p>In caso di presentazione della domanda di iscrizione <strong>via mail<\/strong>, allegare i documenti di cui ai punti 2, 3 e 4 e scrivere ad <a href=\"mailto:anagrafe.algeri@esteri.it\">anagrafe.algeri@esteri.it<\/a>.\u00a0In caso di iscrizione <strong>di persona<\/strong>, portare tali documenti in Cancelleria Consolare nei giorni e negli orari di apertura.<\/p>\n<p>L&#8217;iscrizione all&#8217;A.I.R.E. \u00e8 <strong>gratuita <\/strong>e decorre dalla data di presentazione della domanda, purch\u00e9 completa<strong>.<\/strong><\/p>\n<p>&nbsp;<\/p>\n<p><span style=\"text-decoration: underline;\"><strong>Aggiornamento dell\u2019A.I.R.E.<\/strong><\/span><\/p>\n<p>L&#8217;aggiornamento dell&#8217;A.I.R.E. dipende dal cittadino. Per questo, \u00e8 molto importante che l&#8217;interessato deve tempestivamente comunicare, attraverso il portale Fast-IT,\u00a0all\u2019ufficio consolare:<\/p>\n<ul>\n<li>il <strong>trasferimento<\/strong> della propria residenza o abitazione (per variazioni all&#8217;interno della circoscrizione consolare dell&#8217;Algeria, utilizzare o Fast-IT o il modulo nella sezione modulistica; per trasferimenti in altro Paese estero utilizzare FAST-IT o\u00a0contattare l&#8217;Ambasciata\/Consolato italiano di riferimento);<\/li>\n<li>le <strong>modifiche dello stato civile<\/strong> anche per l\u2019eventuale trascrizione in Italia degli atti stranieri (matrimonio, nascita, divorzio, morte, ecc.;<\/li>\n<li>il <strong>rientro definitivo in Italia<\/strong> (comunicare direttamente al Comune in Italia);<\/li>\n<li>la <strong>perdita della cittadinanza italiana<\/strong>.<\/li>\n<\/ul>\n<p>Il mancato aggiornamento delle informazioni, in particolare di quelle riguardanti il cambio di indirizzo, rende impossibile, tra l\u2019altro, il contatto con il cittadino e il ricevimento della cartolina o del plico elettorale in caso di votazioni.<br \/>\nPer tale ragione, <strong>si raccomanda l\u2019utilizzo del portale FAST-IT<\/strong>, che agevola molto le modalit\u00e0 di variazione dei propri dati.<\/p>\n<p><span style=\"text-decoration: underline;\"><strong><br \/>\nCancellazione dell\u2019A.I.R.E.<\/strong><\/span><\/p>\n<p>La cancellazione dall&#8217;A.I.R.E. avviene:<\/p>\n<ul>\n<li>per iscrizione nell\u2019Anagrafe della Popolazione Residente (A.P.R.) di un Comune italiano a seguito di trasferimento dall&#8217;estero o rimpatrio;<\/li>\n<li>per morte, compresa la morte presunta giudizialmente dichiarata;<\/li>\n<li>per irreperibilit\u00e0 presunta, salvo prova contraria, trascorsi cento anni dalla nascita o dopo la effettuazione di due successive rilevazioni, oppure quando risulti non pi\u00f9 valido l\u2019indirizzo all\u2019estero comunicato in precedenza e non sia possibile acquisire quello nuovo;<\/li>\n<li>per perdita della cittadinanza italiana;<\/li>\n<li>per trasferimento nell\u2019A.I.R.E. di un altro Comune italiano.<\/li>\n<\/ul>\n<p><span style=\"text-decoration: underline;\"><strong><br \/>\nRientro definitivo in Italia &#8211; Agevolazioni doganali<\/strong><\/span><\/p>\n<p>Il cittadino italiano residente all\u2019estero da almeno 12 mesi che trasferisce la propria residenza in Italia ha diritto ad agevolazioni doganali e &#8211; a seconda delle normative regionali, provinciali o comunali &#8211; a eventuali contributi finanziari.<\/p>\n<p>Le esenzioni doganali si applicano alle masserizie possedute e usate dal richiedente e destinate ad uso personale oltre che all\u2019autovettura posseduta da almeno 6 mesi.<\/p>\n<p>Il rientro delle masserizie deve avvenire entro 12 mesi dalla data dichiarata come ultimo giorno di residenza all\u2019estero.<\/p>\n<p>Per i dettagli si rimanda al <a href=\"https:\/\/www.adm.gov.it\/portale\/\">sito web dell\u2019Agenzia delle Dogane e dei Monopoli<\/a>.<\/p>\n<p>Al fine di ottenere le esenzioni doganali di cui sopra, \u00e8 necessario sottoscrivere e presentare alla Cancelleria Consolare, unitamente al proprio Passaporto, una Dichiarazione di rimpatrio consistente in un\u2019autocertificazione con la quale il richiedente dichiara di essere residente all\u2019estero da almeno 12 mesi e indica la data di partenza dalla circoscrizione consolare, nonch\u00e9 il Comune italiano e l\u2019indirizzo completo presso il quale ha eletto la propria residenza. A tale dichiarazione dovr\u00e0 essere allegata la lista delle masserizie che saranno trasportate in Italia, firmata dal richiedente in ogni sua pagina.<\/p>\n<p>Il modello di autodichiarazione \u00e8 disponibile nella sezione modulistica del sito internet.<\/p>\n<p>La Cancelleria Consolare, dopo aver autenticato la firma del richiedente sulla dichiarazione di rimpatrio e vidimato la lista delle masserizie (originale pi\u00f9 due copie), provveder\u00e0 al rilascio della certificazione consolare per l\u2019esenzione doganale (in duplice copia).<\/p>\n<hr \/>\n<div class=\"row\"><\/div>\n","protected":false},"excerpt":{"rendered":"I connazionali che arrivano e\/o si stabiliscono in Algeria sono tenuti a segnalare la propria presenza all\u2019Ambasciata d\u2019Italia in modi diversi a seconda del tipo di soggiorno. Per soggiorni di breve durata (fino a 90 giorni), ad esempio nei casi di turismo, visite familiari o viaggi d\u2019affari, si consiglia di consultare il sito Viaggiare Sicuri [&hellip;]","protected":false},"author":4,"featured_media":0,"parent":47,"menu_order":75,"comment_status":"closed","ping_status":"closed","template":"","meta":{"footnotes":""},"class_list":["post-308","page","type-page","status-publish","hentry"],"_links":{"self":[{"href":"https:\/\/ambalgeri.esteri.it\/it\/wp-json\/wp\/v2\/pages\/308","targetHints":{"allow":["GET"]}}],"collection":[{"href":"https:\/\/ambalgeri.esteri.it\/it\/wp-json\/wp\/v2\/pages"}],"about":[{"href":"https:\/\/ambalgeri.esteri.it\/it\/wp-json\/wp\/v2\/types\/page"}],"author":[{"embeddable":true,"href":"https:\/\/ambalgeri.esteri.it\/it\/wp-json\/wp\/v2\/users\/4"}],"replies":[{"embeddable":true,"href":"https:\/\/ambalgeri.esteri.it\/it\/wp-json\/wp\/v2\/comments?post=308"}],"version-history":[{"count":6,"href":"https:\/\/ambalgeri.esteri.it\/it\/wp-json\/wp\/v2\/pages\/308\/revisions"}],"predecessor-version":[{"id":1463,"href":"https:\/\/ambalgeri.esteri.it\/it\/wp-json\/wp\/v2\/pages\/308\/revisions\/1463"}],"up":[{"embeddable":true,"href":"https:\/\/ambalgeri.esteri.it\/it\/wp-json\/wp\/v2\/pages\/47"}],"wp:attachment":[{"href":"https:\/\/ambalgeri.esteri.it\/it\/wp-json\/wp\/v2\/media?parent=308"}],"curies":[{"name":"wp","href":"https:\/\/api.w.org\/{rel}","templated":true}]}}