{"id":324,"date":"2023-06-21T17:40:58","date_gmt":"2023-06-21T15:40:58","guid":{"rendered":"https:\/\/ambalgeri.esteri.it\/?page_id=324"},"modified":"2023-09-10T19:38:24","modified_gmt":"2023-09-10T17:38:24","slug":"adozioni-internazionali","status":"publish","type":"page","link":"https:\/\/ambalgeri.esteri.it\/it\/servizi-consolari-e-visti\/servizi-per-il-cittadino-italiano\/adozioni-internazionali\/","title":{"rendered":"Adozioni Internazionali"},"content":{"rendered":"<p class=\"boxLevel03\">L&#8217;adozione internazionale \u00e8 l&#8217;adozione di un minore di cittadinanza non italiana, dichiarato adottabile dalle autorit\u00e0 del suo Paese. L&#8217;adozione viene perci\u00f2 fatta davanti alle autorit\u00e0 dello Stato di nazionalit\u00e0 dell\u2019adottando e secondo le leggi nazionali ed internazionali col\u00e0 vigenti.<\/p>\n<p>Poich\u00e9 l\u2019articolo 46 del codice della famiglia algerino statuisce che l\u2019adozione (Tabanni) \u00e8 proibita dalla Charia e dalla legge , non \u00e8 attualmente possibile adottare un minore di nazionalit\u00e0 algerina.<\/p>\n<p>&nbsp;<\/p>\n<p class=\"boxLevel03\"><img decoding=\"async\" src=\"https:\/\/ambalgeri.esteri.it\/resource\/2012\/05\/56969_f_amb61item01.gif\" alt=\"freccetta\" border=\"0\" \/> Per saperne di pi\u00f9: <a href=\"https:\/\/www.esteri.it\/it\/servizi-consolari-e-visti\/italiani-all-estero\/adozioni-internazionali\/\">Adozioni Internazionali \u2013 Ministero degli Affari Esteri e della Cooperazione Internazionale<\/a><\/p>\n<p class=\"boxLevel03\">\n","protected":false},"excerpt":{"rendered":"L&#8217;adozione internazionale \u00e8 l&#8217;adozione di un minore di cittadinanza non italiana, dichiarato adottabile dalle autorit\u00e0 del suo Paese. L&#8217;adozione viene perci\u00f2 fatta davanti alle autorit\u00e0 dello Stato di nazionalit\u00e0 dell\u2019adottando e secondo le leggi nazionali ed internazionali col\u00e0 vigenti. Poich\u00e9 l\u2019articolo 46 del codice della famiglia algerino statuisce che l\u2019adozione (Tabanni) \u00e8 proibita dalla Charia [&hellip;]","protected":false},"author":4,"featured_media":0,"parent":47,"menu_order":5,"comment_status":"closed","ping_status":"closed","template":"","meta":{"footnotes":""},"class_list":["post-324","page","type-page","status-publish","hentry"],"_links":{"self":[{"href":"https:\/\/ambalgeri.esteri.it\/it\/wp-json\/wp\/v2\/pages\/324","targetHints":{"allow":["GET"]}}],"collection":[{"href":"https:\/\/ambalgeri.esteri.it\/it\/wp-json\/wp\/v2\/pages"}],"about":[{"href":"https:\/\/ambalgeri.esteri.it\/it\/wp-json\/wp\/v2\/types\/page"}],"author":[{"embeddable":true,"href":"https:\/\/ambalgeri.esteri.it\/it\/wp-json\/wp\/v2\/users\/4"}],"replies":[{"embeddable":true,"href":"https:\/\/ambalgeri.esteri.it\/it\/wp-json\/wp\/v2\/comments?post=324"}],"version-history":[{"count":2,"href":"https:\/\/ambalgeri.esteri.it\/it\/wp-json\/wp\/v2\/pages\/324\/revisions"}],"predecessor-version":[{"id":344,"href":"https:\/\/ambalgeri.esteri.it\/it\/wp-json\/wp\/v2\/pages\/324\/revisions\/344"}],"up":[{"embeddable":true,"href":"https:\/\/ambalgeri.esteri.it\/it\/wp-json\/wp\/v2\/pages\/47"}],"wp:attachment":[{"href":"https:\/\/ambalgeri.esteri.it\/it\/wp-json\/wp\/v2\/media?parent=324"}],"curies":[{"name":"wp","href":"https:\/\/api.w.org\/{rel}","templated":true}]}}