{"id":331,"date":"2023-06-25T16:21:59","date_gmt":"2023-06-25T14:21:59","guid":{"rendered":"https:\/\/ambalgeri.esteri.it\/?page_id=331"},"modified":"2023-07-12T16:56:46","modified_gmt":"2023-07-12T14:56:46","slug":"fast-it","status":"publish","type":"page","link":"https:\/\/ambalgeri.esteri.it\/it\/news\/multimedia\/fast-it\/","title":{"rendered":"Fast It"},"content":{"rendered":"<p><img loading=\"lazy\" decoding=\"async\" class=\"img-fluid alignnone wp-image-332 size-full\" src=\"https:\/\/ambalgeri.esteri.it\/wp-content\/uploads\/2023\/06\/fast_it.png\" alt=\"Fast It\" width=\"715\" height=\"332\" srcset=\"https:\/\/ambalgeri.esteri.it\/wp-content\/uploads\/2023\/06\/fast_it.png 715w, https:\/\/ambalgeri.esteri.it\/wp-content\/uploads\/2023\/06\/fast_it-300x139.png 300w\" sizes=\"auto, (max-width: 715px) 100vw, 715px\" \/><\/p>\n<p><strong>Fast It<\/strong>\u00a0(Farnesina-servizi telematici per Italiani all\u2019estero) \u00e8 il canale digitale privilegiato di contatto tra i connazionali e l\u2019Ambasciata d\u2019Italia in Algeri, in progressiva sostituzione dei mezzi di comunicazione tradizionali (email, posta, fax, ecc.).<br \/>\nE\u2019 possibile accedere al portale tramite il link\u00a0<a href=\"https:\/\/serviziconsolarionline.esteri.it\/\">https:\/\/serviziconsolarionline.esteri.it<\/a>\u00a0.<br \/>\nIl portale \u2013 disponibile anche in modalit\u00e0 mobile-friendly \u2013 oltre ad alcune sezioni informative, offre, ad oggi, i primi di una serie di servizi interattivi che verranno presto realizzati: la procedura di iscrizione all\u2019AIRE, la variazione dell\u2019indirizzo di residenza, la visualizzazione della scheda anagrafica.<\/p>\n<p><strong>Iscrizione al portale Fast It<\/strong><br \/>\n1) Collegarsi al portale:\u00a0<a href=\"https:\/\/serviziconsolarionline.esteri.it\/\">https:\/\/serviziconsolarionline.esteri.it<\/a><br \/>\n2) Registrarsi:<br \/>\nSi dovr\u00e0 confermare il possesso della cittadinanza italiana. Sar\u00e0 necessario indicare anche un indirizzo mail e una password.<br \/>\n3) Attivare l&#8217;account:<br \/>\nSi ricever\u00e0 una mail all\u2019indirizzo indicato, chiedendo di attivare l\u2019account (cliccare sul link di ATTIVAZIONE UTENZA).<br \/>\nQualora l\u2019account non dovesse essere attivo entro 72 ore, dovr\u00e0 essere richiesto un nuovo codice di attivazione (INVIO NUOVO CODICE DI ATTIVAZIONE).<br \/>\nSi prega di prestare attenzione al fatto che la mail potrebbe essere spostata nella casella di SPAM del proprio account di posta elettronica<br \/>\n<strong>4) Possibilit\u00e0 di accedere ai servizi consolari online con le credenziali del Sistema Pubblico di Identit\u00e0 Digitale (SPID)<\/strong><br \/>\nLe credenziali SPID possono essere utilizzate per accedere anche ai servizi consolari online sul portale \u201cFast It\u201d. Per maggiori informazioni su come ottenere le credenziali SPID, consultare <a href=\"https:\/\/www.spid.gov.it\/\">https:\/\/www.spid.gov.it\/<\/a>.<br \/>\n<a href=\"https:\/\/ambalgeri.esteri.it\/wp-content\/uploads\/2023\/07\/qa_spid_e_fast_it.pdf\">Si possono leggere qui le domande pi\u00f9 frequenti FAST IT \u2013 SPID<\/a>.<\/p>\n<p><strong>Iscrizione all\u2019AIRE<\/strong><br \/>\n<strong>1-<\/strong>\u00a0Dopo aver effettuato l\u2019iscrizione al portale Fast IT, \u00e8 possibile richiedere l\u2019iscrizione all\u2019AIRE (Anagrafe degli Italiani Residenti all\u2019Estero) all\u2019interno della categoria \u201cAnagrafe consolare e AIRE\u201d, accedendo al servizio \u201cRichiedi l\u2019iscrizione all\u2019AIRE\u201d.<br \/>\n<strong>2-<\/strong>\u00a0Sar\u00e0 poi necessario compilare i campi previsti, effettuare la stampa del relativo modulo, firmarlo e caricarlo sul portale, insieme a copia del proprio documento uno dei seguenti documenti comprovanti la residenza: copia contratto di lavoro o attestazione del datore di lavoro, certificato di residenza, copia permesso di soggiorno algerino, ultima fattura utenze energia, gas, telefono ( n.b.: i documenti in lingua araba dovranno essere accompagnati da traduzione in lingua italiana eseguita da un traduttore giurato) in un procedimento guidato ed intuitivo.<br \/>\n<em>ATTENZIONE: In fase di iscrizione anagrafica di minori occorre allegare il certificato di iscrizione presso un locale Istituto Scolastico. n.b.: i documenti in lingua araba dovranno essere accompagnati da traduzione in lingua italiana eseguita da un traduttore giurato<\/em><\/p>\n<p><em>I figli maggiorenni conviventi con i genitori allo stesso indirizzo dovranno procedere alla propria iscrizione come descritto ai punti 1 e 2 caricando sul portale il modulo firmato unitamente ad uno dei seguenti documenti comprovanti la residenza nominativa: certificato di residenza o certificato scolastico. n.b.: i documenti in lingua araba dovranno essere accompagnati da traduzione in lingua italiana eseguita da un traduttore giurato:\u00a0<\/em><a href=\"https:\/\/ambalgeri.esteri.it\/wp-content\/uploads\/2023\/07\/AMBALGERI_elenco-traduttori-giurati.pdf\">Lista dei traduttori ufficiali in lingua italiana<\/a><\/p>\n<p>Al termine della procedura, la richiesta verr\u00e0 inoltrata alla Cancelleria Consolare: un operatore prender\u00e0 in carico la domanda d&#8217;iscrizione e provveder\u00e0, una volta controllato che sia completa, ad inoltrarla al Comune di provenienza in Italia (l\u2019AIRE \u00e8 infatti tenuta per legge dai Comuni italiani). In attesa della risposta dal Comune si viene comunque iscritti d&#8217;ufficio negli Schedari consolari del Consolato di competenza. Lo status di &#8220;iscritto all&#8217;AIRE&#8221; si ottiene per\u00f2 una volta che il Consolato ha ricevuto dal Comune la conferma dell\u2019iscrizione all\u2019AIRE. Durante tutto il corso del procedimento, l\u2019utente \u00e8 avvisato dei progressi della pratica sia mediante comunicazioni sulla sua pagina personale del portale, sia tramite e-mail. Nel caso in cui la pratica risulti carente di informazioni o documenti, o per le necessarie correzioni o integrazioni, verr\u00e0 restituita all\u2019utente.<\/p>\n<p><strong>Variazione indirizzo di residenza<\/strong><br \/>\nDopo aver effettuato l\u2019iscrizione al portale Fast It, \u00e8 possibile, se si \u00e8 gi\u00e0 iscritti all\u2019AIRE, comunicare il nuovo indirizzo di residenza. La richiesta verr\u00e0 inoltrata alla nostra Cancelleria Consolare che effettuer\u00e0 le modifiche richieste e comunicher\u00e0 l\u2019aggiornamento dei dati al proprio Comune di iscrizione AIRE. Si prega di comunicare il proprio indirizzo in modo corretto e completo, attenendosi alle istruzioni indicate qua sotto.\u00a0<span style=\"text-decoration: underline;\">Ricordiamo che il mancato aggiornamento delle informazioni relative all\u2019indirizzo rende impossibile il contatto con il cittadino e il ricevimento della cartolina o del plico elettorale in caso di votazioni.<\/span><\/p>\n<p><strong>Visualizzazione della scheda anagrafica<\/strong><br \/>\nIl servizio \u00a8Visualizzazione della Scheda Anagrafica&#8221;, che espone una sintesi dei dati memorizzati nella scheda anagrafica contenuta nello Schedario consolare della nostra Cancelleria Consolare, permette all\u2019utente di verificare la coerenza dei dati con la sua situazione reale. In caso di incongruenza dell&#8217;indirizzo di residenza l\u2019utente potr\u00e0 richiedere una correzione mediante il &#8220;Servizio di Variazione Residenza&#8221;, tramite portale &#8220;Fast-It&#8221;.<\/p>\n<p><strong>Per l\u2019aggiornamento dello stato civile<\/strong>: richiesta di trascrizione di atti di nascita, matrimonio, invio sentenze di divorzio, cambio\/rettifica del nome e cognome, invio atti di decesso.<br \/>\nIn caso di incongruenza tra i nominativi della propria famiglia anagrafica , ad esempio, non compaiano i nomi del coniuge e\/o dei figli, si dovr\u00e0 provvedere alla registrazione degli eventuali atti (nascita, matrimonio, divorzio)<br \/>\nGli utenti che hanno presentato la richiesta di iscrizione all\u2019AIRE tramite il Portale sono automaticamente utenti associati. Per chi invece ha presentato la richiesta di iscrizione all\u2019AIRE mediante altra via (ad esempio per e-mail o direttamente allo sportello) e vorr\u00e0 creare un profilo associato, dopo essersi registrato sul Portale, potr\u00e0 essere identificato inviando tramite Fast It una copia\/scansione di un documento di identit\u00e0 in corso di validit\u00e0. Per l\u2019operatore consolare si attiver\u00e0 una pratica di associazione online con la quale l\u2019account dell\u2019utenza sul Portale sar\u00e0 collegata alla scheda anagrafica registrata nello Schedario anagrafico consolare.<\/p>\n","protected":false},"excerpt":{"rendered":"Fast It\u00a0(Farnesina-servizi telematici per Italiani all\u2019estero) \u00e8 il canale digitale privilegiato di contatto tra i connazionali e l\u2019Ambasciata d\u2019Italia in Algeri, in progressiva sostituzione dei mezzi di comunicazione tradizionali (email, posta, fax, ecc.). E\u2019 possibile accedere al portale tramite il link\u00a0https:\/\/serviziconsolarionline.esteri.it\u00a0. Il portale \u2013 disponibile anche in modalit\u00e0 mobile-friendly \u2013 oltre ad alcune sezioni informative, [&hellip;]","protected":false},"author":4,"featured_media":0,"parent":77,"menu_order":0,"comment_status":"closed","ping_status":"closed","template":"","meta":{"footnotes":""},"class_list":["post-331","page","type-page","status-publish","hentry"],"_links":{"self":[{"href":"https:\/\/ambalgeri.esteri.it\/it\/wp-json\/wp\/v2\/pages\/331","targetHints":{"allow":["GET"]}}],"collection":[{"href":"https:\/\/ambalgeri.esteri.it\/it\/wp-json\/wp\/v2\/pages"}],"about":[{"href":"https:\/\/ambalgeri.esteri.it\/it\/wp-json\/wp\/v2\/types\/page"}],"author":[{"embeddable":true,"href":"https:\/\/ambalgeri.esteri.it\/it\/wp-json\/wp\/v2\/users\/4"}],"replies":[{"embeddable":true,"href":"https:\/\/ambalgeri.esteri.it\/it\/wp-json\/wp\/v2\/comments?post=331"}],"version-history":[{"count":6,"href":"https:\/\/ambalgeri.esteri.it\/it\/wp-json\/wp\/v2\/pages\/331\/revisions"}],"predecessor-version":[{"id":474,"href":"https:\/\/ambalgeri.esteri.it\/it\/wp-json\/wp\/v2\/pages\/331\/revisions\/474"}],"up":[{"embeddable":true,"href":"https:\/\/ambalgeri.esteri.it\/it\/wp-json\/wp\/v2\/pages\/77"}],"wp:attachment":[{"href":"https:\/\/ambalgeri.esteri.it\/it\/wp-json\/wp\/v2\/media?parent=331"}],"curies":[{"name":"wp","href":"https:\/\/api.w.org\/{rel}","templated":true}]}}