{"id":39,"date":"2023-04-11T17:55:33","date_gmt":"2023-04-11T15:55:33","guid":{"rendered":"https:\/\/ambasciatapraga.esteri.it\/?page_id=39"},"modified":"2023-10-24T16:07:07","modified_gmt":"2023-10-24T14:07:07","slug":"la-sede","status":"publish","type":"page","link":"https:\/\/ambalgeri.esteri.it\/it\/chi-siamo\/la-sede\/","title":{"rendered":"La Sede"},"content":{"rendered":"<p><img decoding=\"async\" style=\"max-width: 75%;\" src=\"https:\/\/ambalgeri.esteri.it\/ambasciata_algeri\/resource\/img\/2017\/05\/parco_naif_2.jpg\" alt=\"parco naif 2\" \/><\/p>\n<p>L\u2019Ambasciata d\u2019Italia ad Algeri e\u2019 situata nel quartiere di El Biar e si estende su una superficie di 1,6 ettari circa. Lo Stato Italiano acquist\u00f2 la propriet\u00e0 nel 1953, da una famiglia francese, per farne sede dell\u2019allora Consolato Generale, nonch\u00e9 di un centro culturale e ricreativo per la comunit\u00e0 italiana.<\/p>\n<p>La propriet\u00e0 comprende la Cancelleria diplomatica, la Cancelleria consolare,\u00a0la Residenza dell\u2019Ambasciatore (una villa di fine \u2018800 di impronta coloniale, ma con significativi tratti d\u2019ispirazione moresca e ottomana) e\u00a0un Teatro (costruito alla met\u00e0 degli anni \u201950 come sede del centro culturale e ricreativo).<\/p>\n<p>Nel corso del 2010 sono state realizzate importanti opere, tra cui il ripristino del Teatro, che ha ripreso, dopo quasi vent\u2019anni, la propria attivit\u00e0, in occasione della Festa delle Forze Armate e dell\u2019Unit\u00e0 Nazionale, il 4 novembre 2010. Vi sono state ospitate in seguito numerose manifestazioni di carattere culturale, economico, scientifico.<\/p>\n<p><strong>La cancelleria diplomatica<\/strong><\/p>\n<p><img decoding=\"async\" style=\"max-width: 75%;\" src=\"https:\/\/ambalgeri.esteri.it\/wp-content\/uploads\/2023\/10\/aaa_8091.jpg\" \/><\/p>\n<p><strong>L&#8217;ingresso della Residenza<\/strong><\/p>\n<p><img decoding=\"async\" style=\"max-width: 75%;\" src=\"https:\/\/ambalgeri.esteri.it\/wp-content\/uploads\/2023\/10\/fullsizerender_121.jpg\" \/><\/p>\n<p><strong>Cancello<\/strong><\/p>\n<p><img decoding=\"async\" style=\"max-width: 75%;\" src=\"https:\/\/ambalgeri.esteri.it\/wp-content\/uploads\/2023\/10\/img_0834e.jpg\" \/><\/p>\n<p><strong>Il parco e la Residenza<\/strong><\/p>\n<p><img decoding=\"async\" style=\"max-width: 75%;\" src=\"https:\/\/ambalgeri.esteri.it\/wp-content\/uploads\/2023\/10\/img_4032.jpg\" \/><\/p>\n<p><strong>Il parco e il porticato della Residenza<\/strong><\/p>\n<p><img decoding=\"async\" style=\"max-width: 75%;\" src=\"https:\/\/ambalgeri.esteri.it\/wp-content\/uploads\/2023\/10\/fullsizerendera.jpg\" \/><\/p>\n<p><strong>L&#8217;ingresso del teatro<\/strong><\/p>\n<p><strong><img decoding=\"async\" style=\"max-width: 75%;\" src=\"https:\/\/ambalgeri.esteri.it\/wp-content\/uploads\/2023\/10\/53209_f_amb61Teatro1.jpg\" \/><\/strong><\/p>\n<p><strong>L&#8217;interno del teatro<\/strong><\/p>\n<p><strong><img decoding=\"async\" style=\"max-width: 75%;\" src=\"https:\/\/ambalgeri.esteri.it\/wp-content\/uploads\/2023\/10\/53210_f_amb61Teatro.jpg\" \/><\/strong><\/p>\n<p><strong>Il giardino e la residenza<\/strong><\/p>\n<p><strong><img decoding=\"async\" style=\"max-width: 75%;\" src=\"https:\/\/ambalgeri.esteri.it\/wp-content\/uploads\/2023\/10\/53211_f_amb61Giardino1.jpg\" \/><\/strong><\/p>\n<p><strong>Il portico<\/strong><\/p>\n<p><strong><img decoding=\"async\" style=\"max-width: 75%;\" src=\"https:\/\/ambalgeri.esteri.it\/wp-content\/uploads\/2023\/10\/portico.jpg\" \/><\/strong><\/p>\n<p><strong>Veduta del giardino<\/strong><\/p>\n<p><img decoding=\"async\" style=\"max-width: 75%;\" src=\"https:\/\/ambalgeri.esteri.it\/wp-content\/uploads\/2023\/10\/53212_f_amb61Giardino.jpg\" \/><\/p>\n<p>&nbsp;<\/p>\n","protected":false},"excerpt":{"rendered":"L\u2019Ambasciata d\u2019Italia ad Algeri e\u2019 situata nel quartiere di El Biar e si estende su una superficie di 1,6 ettari circa. Lo Stato Italiano acquist\u00f2 la propriet\u00e0 nel 1953, da una famiglia francese, per farne sede dell\u2019allora Consolato Generale, nonch\u00e9 di un centro culturale e ricreativo per la comunit\u00e0 italiana. La propriet\u00e0 comprende la Cancelleria [&hellip;]","protected":false},"author":1,"featured_media":0,"parent":13,"menu_order":2,"comment_status":"closed","ping_status":"closed","template":"","meta":{"footnotes":""},"class_list":["post-39","page","type-page","status-publish","hentry"],"_links":{"self":[{"href":"https:\/\/ambalgeri.esteri.it\/it\/wp-json\/wp\/v2\/pages\/39","targetHints":{"allow":["GET"]}}],"collection":[{"href":"https:\/\/ambalgeri.esteri.it\/it\/wp-json\/wp\/v2\/pages"}],"about":[{"href":"https:\/\/ambalgeri.esteri.it\/it\/wp-json\/wp\/v2\/types\/page"}],"author":[{"embeddable":true,"href":"https:\/\/ambalgeri.esteri.it\/it\/wp-json\/wp\/v2\/users\/1"}],"replies":[{"embeddable":true,"href":"https:\/\/ambalgeri.esteri.it\/it\/wp-json\/wp\/v2\/comments?post=39"}],"version-history":[{"count":6,"href":"https:\/\/ambalgeri.esteri.it\/it\/wp-json\/wp\/v2\/pages\/39\/revisions"}],"predecessor-version":[{"id":1249,"href":"https:\/\/ambalgeri.esteri.it\/it\/wp-json\/wp\/v2\/pages\/39\/revisions\/1249"}],"up":[{"embeddable":true,"href":"https:\/\/ambalgeri.esteri.it\/it\/wp-json\/wp\/v2\/pages\/13"}],"wp:attachment":[{"href":"https:\/\/ambalgeri.esteri.it\/it\/wp-json\/wp\/v2\/media?parent=39"}],"curies":[{"name":"wp","href":"https:\/\/api.w.org\/{rel}","templated":true}]}}