{"id":43,"date":"2023-04-11T18:10:30","date_gmt":"2023-04-11T16:10:30","guid":{"rendered":"https:\/\/ambasciatapraga.esteri.it\/?page_id=43"},"modified":"2024-10-08T18:34:04","modified_gmt":"2024-10-08T16:34:04","slug":"diplomazia-economica","status":"publish","type":"page","link":"https:\/\/ambalgeri.esteri.it\/it\/italia-e-algeria\/diplomazia-economica\/","title":{"rendered":"Diplomazia economica"},"content":{"rendered":"<article id=\"articolo_centro\" class=\"col-md-19 col-sm-19 padding_articolo item-page\" role=\"main\" aria-label=\"articolo\">\n<div>\n<p style=\"text-align: justify;\">L\u2019Algeria rappresenta un mercato strategico per l\u2019Italia nel Mediterraneo. La collaborazione bilaterale, rafforzatasi nell\u2019ultimo biennio, potr\u00e0 essere ulteriormente valorizzata nel quadro del Piano Mattei per l\u2019Africa che vede nell\u2019Algeria un \u201cPaese pilota\u201d, ossia un partner prioritario in diversi settori.<\/p>\n<p style=\"text-align: justify;\">L\u2019Italia \u00e8 il terzo partner commerciale dell\u2019Algeria a livello globale, ricoprendo la posizione di primo cliente e terzo fornitore. L\u2019Algeria \u00e8 il primo partner commerciale dell\u2019Italia nel continente africano ed \u00e8 diventato il primo fornitore di gas naturale dell\u2019Italia a livello globale. Le voci principali delle nostre esportazioni riguardano: autoveicoli, macchinari, prodotti derivanti dalla raffinazione del petrolio. Le importazioni sono composte prevalentemente da gas naturale (87%), prodotti derivanti dalla raffinazione del petrolio e petrolio greggio.<\/p>\n<p style=\"text-align: justify;\">Oltre che dagli scambi commerciali, il partenariato economico fra Italia e Algeria \u00e8 costituito anche da una solida presenza di aziende italiane in Algeria, in particolare nei settori dell\u2019energia, delle infrastrutture e delle costruzioni, a cui si affiancano numerosi altri settori, quali quello della difesa e dell\u2019agro-industria.<\/p>\n<\/div>\n<p style=\"text-align: justify;\">L\u2019Ufficio economico-commerciale dell\u2019Ambasciata \u00e8 incaricato di seguire e favorire le relazioni economiche e commerciali tra i due Paesi, nonch\u00e9 monitorare l\u2019andamento dell\u2019economia algerina. A tal fine intrattiene rapporti diretti con le Autorit\u00e0 politico-economiche algerine, con le pi\u00f9 autorevoli organizzazioni imprenditoriali locali e con gli esponenti della business community algerina ed italiana. Per la promozione dei rapporti commerciali, l\u2019Ufficio commerciale si avvale della collaborazione\u00a0dell\u2019Ufficio dell\u2019Agenzia ICE ad Algeri <a href=\"https:\/\/www.ice.it\/it\/mercati\/algeria\/algeri\">https:\/\/www.ice.it\/it\/mercati\/algeria\/algeri<\/a><\/p>\n<div><\/div>\n<\/article>\n<p style=\"text-align: justify;\">Per tutte le informazioni relative alle relazioni economico-commerciali tra Italia ed Algeria, nonch\u00e9 alle opportunit\u00e0 di commercio e investimenti offerte dal Paese, \u00e8 possibile consultare &#8220;<strong>InfoMercatiEsteri<\/strong>&#8220;, il portale del Ministero degli Affari Esteri e della Cooperazione Internazionale, aggiornato dall&#8217;Ufficio commerciale dell&#8217;Ambasciata d&#8217;Italia ad Algeri e dall&#8217;Ufficio ICE ad Algeri:\u00a0 \u00a0\u00a0 \u00a0\u00a0 \u00a0\u00a0 \u00a0\u00a0 \u00a0\u00a0 \u00a0\u00a0 \u00a0\u00a0 \u00a0\u00a0 \u00a0<a href=\"http:\/\/www.infomercatiesteri.it\/paese.php?id_paesi=98\">InfoMercatiEsteri &#8211; Algeria<\/a><\/p>\n<article id=\"articolo_centro\" class=\"col-md-19 col-sm-19 padding_articolo item-page\" role=\"main\" aria-label=\"articolo\">\n<div>\n<p><a href=\"http:\/\/www.infomercatiesteri.it\/paese.php?id_paesi=98\"><img loading=\"lazy\" decoding=\"async\" src=\"https:\/\/ambalgeri.esteri.it\/wp-content\/uploads\/2023\/10\/infomercatiesteri-logo.jpg\" alt=\"infomercatiesteri logo\" width=\"794\" height=\"129\" \/><\/a><\/p>\n<p>&nbsp;<\/p>\n<p>Le imprese italiane che desiderano entrare in contatto con l&#8217;Ufficio Commerciale dell&#8217;Ambasciata possono utilizzare\u00a0l&#8217;applicativo\u00a0<strong>Nexus\u00a0<\/strong>compilando un breve formulario:\u00a0<a href=\"https:\/\/nexus.esteri.it\/\">Nexus &#8211; Richieste di assistenza delle imprese italiane all&#8217;estero<\/a><\/p>\n<p>&nbsp;<\/p>\n<p><a href=\"https:\/\/nexus.esteri.it\/\"><img loading=\"lazy\" decoding=\"async\" src=\"https:\/\/ambalgeri.esteri.it\/wp-content\/uploads\/2023\/10\/nexus.jpg\" alt=\"nexus\" width=\"127\" height=\"55\" \/><\/a><\/p>\n<\/div>\n<hr \/>\n<div class=\"row\"><\/div>\n<\/article>\n<p><span class=\"testobianco\">27<\/span><\/p>\n","protected":false},"excerpt":{"rendered":"L\u2019Algeria rappresenta un mercato strategico per l\u2019Italia nel Mediterraneo. La collaborazione bilaterale, rafforzatasi nell\u2019ultimo biennio, potr\u00e0 essere ulteriormente valorizzata nel quadro del Piano Mattei per l\u2019Africa che vede nell\u2019Algeria un \u201cPaese pilota\u201d, ossia un partner prioritario in diversi settori. L\u2019Italia \u00e8 il terzo partner commerciale dell\u2019Algeria a livello globale, ricoprendo la posizione di primo cliente [&hellip;]","protected":false},"author":1,"featured_media":0,"parent":14,"menu_order":0,"comment_status":"closed","ping_status":"closed","template":"","meta":{"footnotes":""},"class_list":["post-43","page","type-page","status-publish","hentry"],"_links":{"self":[{"href":"https:\/\/ambalgeri.esteri.it\/it\/wp-json\/wp\/v2\/pages\/43","targetHints":{"allow":["GET"]}}],"collection":[{"href":"https:\/\/ambalgeri.esteri.it\/it\/wp-json\/wp\/v2\/pages"}],"about":[{"href":"https:\/\/ambalgeri.esteri.it\/it\/wp-json\/wp\/v2\/types\/page"}],"author":[{"embeddable":true,"href":"https:\/\/ambalgeri.esteri.it\/it\/wp-json\/wp\/v2\/users\/1"}],"replies":[{"embeddable":true,"href":"https:\/\/ambalgeri.esteri.it\/it\/wp-json\/wp\/v2\/comments?post=43"}],"version-history":[{"count":6,"href":"https:\/\/ambalgeri.esteri.it\/it\/wp-json\/wp\/v2\/pages\/43\/revisions"}],"predecessor-version":[{"id":1719,"href":"https:\/\/ambalgeri.esteri.it\/it\/wp-json\/wp\/v2\/pages\/43\/revisions\/1719"}],"up":[{"embeddable":true,"href":"https:\/\/ambalgeri.esteri.it\/it\/wp-json\/wp\/v2\/pages\/14"}],"wp:attachment":[{"href":"https:\/\/ambalgeri.esteri.it\/it\/wp-json\/wp\/v2\/media?parent=43"}],"curies":[{"name":"wp","href":"https:\/\/api.w.org\/{rel}","templated":true}]}}