{"id":441,"date":"2023-07-05T10:53:44","date_gmt":"2023-07-05T08:53:44","guid":{"rendered":"https:\/\/ambalgeri.esteri.it\/?page_id=441"},"modified":"2024-06-20T12:19:32","modified_gmt":"2024-06-20T10:19:32","slug":"passaporti","status":"publish","type":"page","link":"https:\/\/ambalgeri.esteri.it\/it\/servizi-consolari-e-visti\/servizi-per-il-cittadino-italiano\/documenti-di-viaggio\/passaporti\/","title":{"rendered":"Passaporti"},"content":{"rendered":"<p style=\"text-align: justify;\">Ai sensi della normativa in vigore, la domanda di rilascio del passaporto deve essere presentata all\u2019Ufficio competente territorialmente in base alla residenza del richiedente, in Italia o all\u2019estero.<\/p>\n<p style=\"text-align: justify;\">Per potere richiedere il rilascio del passaporto in Algeria, <strong>i connazionali devono essere iscritti<\/strong> presso l\u2019anagrafe della cancelleria consolare dell\u2019Ambasciata d\u2019Italia ad Algeri e registrati <strong>nell\u2019Anagrafe degli Italiani Residenti all\u2019Estero (AIRE)<\/strong> del comune di riferimento in Italia. Per maggiori informazioni al riguardo, si invita a consultare la sezione \u201c<a href=\"https:\/\/ambalgeri.esteri.it\/it\/servizi-consolari-e-visti\/servizi-per-il-cittadino-italiano\/stabilimento-e-soggiorno-in-algeria-e-anagrafe-degli-italiani-residenti-allestero\/\">Anagrafe degli Italiani residenti all\u2019estero (AIRE)<\/a>\u201d.<\/p>\n<p style=\"text-align: justify;\">Solo per <strong>comprovati motivi di urgenza e necessit\u00e0<\/strong>, i <strong>cittadini italiani <span style=\"text-decoration: underline;\">non<\/span> iscritti all\u2019AIRE<\/strong> possono chiedere il rilascio del passaporto all\u2019Ambasciata d\u2019Italia ad Algeri. In tali casi, l\u2019Ambasciata d\u2019Italia ad Algeri dovr\u00e0 acquisire preventivamente la delega dell\u2019Ufficio (Questura o Consolato) competente per residenza, circostanza che pu\u00f2 comportare, in taluni casi, un allungamento dei tempi del rilascio del passaporto.<\/p>\n<p style=\"text-align: justify;\">Al fine del rilascio del passaporto i cittadini italiani che abbiano compiuto pi\u00f9 di 12 anni devono presentarsi presso l\u2019Ufficio consolare, <strong>previo necessario appuntamento da prendere tramite il Portale <a href=\"https:\/\/prenotami.esteri.it\/\">Prenot@Mi<\/a><\/strong>.<\/p>\n<p style=\"text-align: justify;\">Il giorno dell\u2019appuntamento, oltre a sottoporsi alla <strong>rilevazione delle impronte digitali<\/strong> e all\u2019<strong>apposizione della firma digitale<\/strong>, il richiedente dovr\u00e0 presentare la documentazione di seguito descritta e corrispondere il pagamento dei diritti consolari relativi al rilascio del passaporto italiano.<br \/>\nI <strong>minori di 12 anni<\/strong> sono <strong>esentati<\/strong> dalla rilevazione delle impronte digitali e dall\u2019apposizione della firma digitale. Per i maggiori di 12 anni, \u00e8 possibile l\u2019esenzione dalla rilevazione delle impronte digitali e dall\u2019apposizione della firma digitale solo in casi particolari di comprovata impossibilit\u00e0 temporanea o permanente.<\/p>\n<p>&nbsp;<\/p>\n<p><strong>DOCUMENTAZIONE NECESSARIA DA PRESENTARE AI FINI DEL RILASCIO DEL PASSAPORTO ORDINARIO<\/strong><\/p>\n<ul>\n<li>formulario di richiesta del passaporto, debitamente compilato e sottoscritto dall&#8217;interessato (il formulario \u00e8 disponibile nella <a href=\"https:\/\/ambalgeri.esteri.it\/it\/news\/multimedia\/modulistica\/\">sezione modulistica);<\/a><\/li>\n<li>documento di riconoscimento italiano ai sensi del D.P.R. 445\/2000, oppure il passaporto scaduto;<\/li>\n<li>2 fotografie recenti (uguali, frontali, a colori formato 35 x 40 mm);<\/li>\n<li style=\"text-align: justify;\">nel caso in cui il richiedente abbia figli minori di anni 18, atto di assenso al rilascio da parte dell\u2019altro genitore, a prescindere dallo stato civile del richiedente (celibe\/nubile, convivente, coniugato, separato o divorziato). Il modulo \u00e8 disponibile nella <a href=\"https:\/\/ambalgeri.esteri.it\/it\/news\/multimedia\/modulistica\/\">sezione modulistica<\/a>;<\/li>\n<li>nel caso in cui il richiedente sia un minore di anni 18, atto di assenso di entrambi genitori; (il formulario \u00e8 disponibile nella <a href=\"https:\/\/ambalgeri.esteri.it\/it\/news\/multimedia\/modulistica\/\">sezione modulistica<\/a>);<\/li>\n<li style=\"text-align: justify;\">nel caso in cui il richiedente sia un minore di anni 18 e sia nato all&#8217;estero, \u00e8 necessario presentare l\u2019atto di nascita trascritto presso l\u2019Ufficio di stato civile del comune in Italia. Ove la registrazione della nascita in Italia non sia ancora avvenuta, i genitori devono presentare la richiesta di trascrizione dell&#8217;atto di nascita del minore presso la cancelleria consolare dell\u2019Ambasciata (si prega di fare riferimento alla sezione <a href=\"https:\/\/ambalgeri.esteri.it\/it\/servizi-consolari-e-visti\/servizi-per-il-cittadino-italiano\/stato-civile\/\">stato civile<\/a>). Si ricorda che i minori che hanno meno di 12 anni NON devono essere presenti per la rilevazione delle impronte digitali;<\/li>\n<li>nel caso in cui il richiedente sia anche cittadino algerino, \u00e8 necessario presentare il passaporto algerino in corso di validit\u00e0;<\/li>\n<li>pagamento della tariffa consolare di 116 euro nel controvalore di dinari algerini. La tariffa \u00e8 soggetta a revisione con una cadenza trimestrale.<\/li>\n<\/ul>\n<p>&nbsp;<\/p>\n<p><strong>ATTO DI ASSENSO<\/strong><\/p>\n<p style=\"text-align: justify;\">L&#8217;atto di assenso \u00e8 una dichiarazione personale che il genitore pu\u00f2 sottoscrivere utilizzando l&#8217;apposito modulo disponibile nella <a href=\"https:\/\/ambalgeri.esteri.it\/it\/news\/multimedia\/modulistica\/\">sezione modulistica<\/a>.<br \/>\nIl modulo pu\u00f2 essere utilizzato nel caso di impossibilita da parte di un genitore di sottoscrivere l\u2019assenso sul modulo di richiesta del passaporto a favore di un minorenne.<\/p>\n<p>All&#8217;atto di assenso va allegata una fotocopia del proprio documento di identit\u00e0. La firma del genitore non cittadino dell\u2019Unione Europea va autenticata dall\u2019Ufficio consolare.<br \/>\nIn caso di decesso di uno dei genitori, \u00e8 necessario presentare l\u2019atto di morte dello stesso.<\/p>\n<p>Per il rilascio del passaporto ad un minorenne, in assenza dell\u2019assenso dell\u2019altro genitore, il Capo della Cancelleria consolare, nella sua veste di Giudice Tutelare dei minori residenti nella circoscrizione pu\u00f2, dopo aver effettuato gli accertamenti di rito, autorizzare il rilascio del passaporto al richiedente con apposito Decreto consolare.<\/p>\n<p>&nbsp;<\/p>\n<p><strong>DICHIARAZIONE DI ACCOMPAGNAMENTO PER MINORI DI 14 ANNI<\/strong><\/p>\n<p style=\"text-align: justify;\">Nel caso in cui un minore di quattordici anni viaggi fuori dal Paese di residenza non accompagnato dai genitori o da chi ne fa le veci \u00e8 necessario presentare in Consolato una dichiarazione che indichi la o le persone che accompagnano il minore.<br \/>\nAlla dichiarazione di accompagnamento, sottoscritta da entrambi i genitori o dagli esercenti la responsabilit\u00e0 tutoria (art. 14, comma 2 della legge 21 novembre 1967, n. 1185) devono essere allegati i seguenti documenti:<\/p>\n<ul>\n<li>copia del documento d&#8217;identit\u00e0 che il minore utilizzer\u00e0 per il viaggio;<\/li>\n<li>copia dei documenti d&#8217;identit\u00e0 dei genitori (o esercenti potest\u00e0 tutoria);<\/li>\n<li>copia dei documenti d&#8217;identit\u00e0 degli accompagnatori;<\/li>\n<li>prenotazione o biglietto di viaggio (con indicazione dell&#8217;itinerario).<\/li>\n<\/ul>\n<p>La dichiarazione \u00e8 gratuita e di norma valida per un solo viaggio (da intendersi come andata e\/o ritorno), con destinazione determinata. Il termine massimo di validit\u00e0 della dichiarazione (entro cui devono essere ricomprese la data di partenza e di rientro) \u00e8 di 6 mesi. La validit\u00e0 non pu\u00f2 comunque superare la data di scadenza del passaporto del minore.<br \/>\nLa dichiarazione di accompagnamento \u00e8 disponibile nella <a href=\"https:\/\/ambalgeri.esteri.it\/it\/news\/multimedia\/modulistica\/\">sezione modulistica<\/a>.<\/p>\n","protected":false},"excerpt":{"rendered":"Ai sensi della normativa in vigore, la domanda di rilascio del passaporto deve essere presentata all\u2019Ufficio competente territorialmente in base alla residenza del richiedente, in Italia o all\u2019estero. Per potere richiedere il rilascio del passaporto in Algeria, i connazionali devono essere iscritti presso l\u2019anagrafe della cancelleria consolare dell\u2019Ambasciata d\u2019Italia ad Algeri e registrati nell\u2019Anagrafe degli [&hellip;]","protected":false},"author":4,"featured_media":0,"parent":49,"menu_order":0,"comment_status":"closed","ping_status":"closed","template":"","meta":{"footnotes":""},"class_list":["post-441","page","type-page","status-publish","hentry"],"_links":{"self":[{"href":"https:\/\/ambalgeri.esteri.it\/it\/wp-json\/wp\/v2\/pages\/441","targetHints":{"allow":["GET"]}}],"collection":[{"href":"https:\/\/ambalgeri.esteri.it\/it\/wp-json\/wp\/v2\/pages"}],"about":[{"href":"https:\/\/ambalgeri.esteri.it\/it\/wp-json\/wp\/v2\/types\/page"}],"author":[{"embeddable":true,"href":"https:\/\/ambalgeri.esteri.it\/it\/wp-json\/wp\/v2\/users\/4"}],"replies":[{"embeddable":true,"href":"https:\/\/ambalgeri.esteri.it\/it\/wp-json\/wp\/v2\/comments?post=441"}],"version-history":[{"count":3,"href":"https:\/\/ambalgeri.esteri.it\/it\/wp-json\/wp\/v2\/pages\/441\/revisions"}],"predecessor-version":[{"id":1634,"href":"https:\/\/ambalgeri.esteri.it\/it\/wp-json\/wp\/v2\/pages\/441\/revisions\/1634"}],"up":[{"embeddable":true,"href":"https:\/\/ambalgeri.esteri.it\/it\/wp-json\/wp\/v2\/pages\/49"}],"wp:attachment":[{"href":"https:\/\/ambalgeri.esteri.it\/it\/wp-json\/wp\/v2\/media?parent=441"}],"curies":[{"name":"wp","href":"https:\/\/api.w.org\/{rel}","templated":true}]}}