{"id":485,"date":"2023-07-05T13:13:54","date_gmt":"2023-07-05T11:13:54","guid":{"rendered":"https:\/\/ambalgeri.esteri.it\/?page_id=485"},"modified":"2023-07-14T18:44:29","modified_gmt":"2023-07-14T16:44:29","slug":"notifiche-allestero","status":"publish","type":"page","link":"https:\/\/ambalgeri.esteri.it\/it\/servizi-consolari-e-visti\/servizi-per-il-cittadino-italiano\/notifiche-allestero\/","title":{"rendered":"Notifiche all&#8217;estero"},"content":{"rendered":"<p class=\"boxLevel03\">L&#8217;<strong>attivit\u00e0 di notificazione<\/strong>\u00a0\u00e8 una fase fondamentale dei processi civili, penali, tributari, amministrativi, fallimentari e del lavoro, nonch\u00e9 di alcune fasi pre-processuali o amministrative, che d\u00e0 la conoscenza legale di un provvedimento mediante la consegna di un atto, giudiziario o extragiudiziario, da parte di un particolare soggetto notificatore, secondo precise modalit\u00e0.<\/p>\n<p class=\"boxLevel03\">Si distingue tra\u00a0<strong>notifiche a soggetti italiani (persone fisiche o giuridiche)<\/strong>\u00a0residenti all\u2019estero e\u00a0<strong>notifiche a soggetti stranieri (persone fisiche o giuridiche)<\/strong>\u00a0residenti all\u2019estero.<\/p>\n<p class=\"boxLevel03\">Per la circoscrizione consolare della\u00a0<strong>Repubblica Algerina Democratica e Popolare<\/strong>\u00a0vale quanto di seguito indicato.<\/p>\n<p>&nbsp;<\/p>\n<p><strong>NOTIFICHE A SOGGETTI ITALIANI (PERSONE FISICHE O GIURIDICHE) RESIDENTI IN ALGERIA<\/strong><\/p>\n<p>Ai sensi dell\u2019art. 37 del D. Lgs. 71\/2011, l\u2019<strong>ufficio consolare<\/strong>\u00a0provvede, direttamente o tramite le autorit\u00e0 locali, in conformit\u00e0 alle disposizioni in materia di cooperazione giudiziaria dell\u2019Unione europea, alle convenzioni internazionali e alle leggi dello Stato di residenza, alla\u00a0<strong>notificazione degli atti ad esso rimessi a norma delle vigenti disposizioni<\/strong>.<\/p>\n<p>In caso di notifica a destinatari che abbiano la sola cittadinanza italiana non \u00e8 necessaria la traduzione degli atti da notificare.<\/p>\n<p>La richiesta di notifica deve essere trasmessa all\u2019Ambasciata (PEO:\u00a0<a href=\"mailto:anagrafe.algeri@esteri.it\">anagrafe.algeri@esteri.it<\/a>; PEC:\u00a0<a href=\"mailto:amb.algeri.pass@cert.esteri.it\">amb.algeri.pass@cert.esteri.it<\/a>) a cura dell\u2019Autorit\u00e0 giudiziaria italiana competente (o di uno studio legale a ci\u00f2 autorizzato) e deve contenere: numero di protocollo; data, timbro e firma del richiedente; PEC oppure e-mail dell\u2019Ufficio richiedente; copia degli atti da notificare.<\/p>\n<p>Secondo le disposizioni vigenti, l\u2019ufficio consolare provveder\u00e0 ad effettuare la notifica sulla base delle coordinate (anagrafiche, indirizzo di residenza, contatti) in sua conoscenza o forniti dal soggetto richiedente, al quale sar\u00e0 comunicato, una volta terminata l\u2019istruttoria, l\u2019esito della notifica.<\/p>\n<p>&nbsp;<\/p>\n<p><strong>NOTIFICHE A SOGGETTI STRANIERI (PERSONE FISICHE O GIURIDICHE) RESIDENTI IN ALGERIA<\/strong><\/p>\n<p>Ai sensi dell\u2019art. 142 c.p.c., le\u00a0<strong>Convenzioni internazionali<\/strong>\u00a0in materia prevalgono rispetto alla disciplina codicistica. Tra Italia e Algeria sono vigenti le seguenti Convenzioni bilaterali, firmate il 22 luglio 2003:<\/p>\n<ul>\n<li><strong>Convenzione in materia di assistenza giudiziaria civile e commerciale<\/strong> tra il Governo della Repubblica italiana ed il Governo della Repubblica Algerina Democratica e Popolare (consultabile <a href=\"https:\/\/ambalgeri.esteri.it\/wp-content\/uploads\/2023\/07\/57503_f_amb61Convenzione_Assistenza_Giudiziaria_Civile_Commerci.pdf\">qui<\/a>);<\/li>\n<li><strong>Convenzione in materia di assistenza giudiziaria penale<\/strong>\u00a0tra il Governo della Repubblica italiana ed il Governo della Repubblica Algerina Democratica e Popolare (consultabile\u00a0<a href=\"https:\/\/ambalgeri.esteri.it\/wp-content\/uploads\/2023\/07\/57502_f_amb61convenzione_assistenza_giudiziaria_penale.pdf\">qui<\/a>) .<\/li>\n<\/ul>\n<p>I testi delle due Convenzioni bilaterali sono consultabili in francese sulla Gazzetta Ufficiale algerina a\u00a0<a href=\"https:\/\/ambalgeri.esteri.it\/wp-content\/uploads\/2023\/07\/convenzioni_bilaterali_cooperazione_giudiziaria_tra_italia_e_algeria_fr.pdf\">questo link<\/a>. Si segnala che la Convenzione bilaterale in materia di estradizione non \u00e8 ancora entrata in vigore.<\/p>\n<p>In\u00a0<strong>materia civile e commerciale<\/strong>, la Convenzione prevede (art. 12) che gli atti giudiziari ed extra giudiziari da notificare vengono\u00a0<strong>trasmessi direttamente<\/strong>\u00a0dalle autorit\u00e0 centrali competenti (Ministero della Giustizia) di ciascuna delle Parti. In base alla prassi, \u00e8 comunque possibile la\u00a0<strong>trasmissione per via diplomatica<\/strong>. Anche in\u00a0<strong>materia penale<\/strong>\u00a0la Convenzione stabilisce che la trasmissione avvenga tra Ministeri della Giustizia oppure per via diplomatica.<\/p>\n<p>In tal caso, essa ha luogo per il tramite dell\u2019Ambasciata d\u2019Italia ad Algeri attraverso le competenti autorit\u00e0 locali. In questa circostanza, l\u2019atto da notificare deve essere trasmesso all\u2019Ambasciata d\u2019Italia ad Algeri dall\u2019Autorit\u00e0 giudiziaria competente o dal Ministero della Giustizia italiano. L\u2019Ambasciata d\u2019Italia ad Algeri cura, quindi, l\u2019inoltro per via diplomatica alle autorit\u00e0 algerine competenti.<\/p>\n<p>La\u00a0<strong>prova dell\u2019avvenuta consegna<\/strong>\u00a0\u00e8 data da una ricevuta datata e firmata dal destinatario o da un\u2019attestazione dell\u2019autorit\u00e0 richiesta dalla quale risultino l\u2019atto, la modalit\u00e0 e la data di consegna.<\/p>\n<p>In ogni caso, \u00e8 obbligatorio che\u00a0<strong>tanto l\u2019atto di notifica quanto gli atti da notificare<\/strong>\u00a0siano muniti di una\u00a0<strong>traduzione in francese<\/strong>. Si richiede, inoltre, che la domanda di notificazione sia trasmessa con\u00a0<strong>ragionevole anticipo<\/strong>\u00a0rispetto alla data utile per la notificazione della stessa, soprattutto in caso di notifica per via diplomatica, in considerazione dei tempi che pu\u00f2 prendere tale procedura.<\/p>\n<p>&nbsp;<\/p>\n<p><strong>APPROFONDIMENTI<\/strong><\/p>\n<p>Per\u00a0<strong>maggiori informazioni sulle notifiche all\u2019estero<\/strong>, si invita a consultare il sito internet del Ministero degli affari esteri e della cooperazione internazionale a\u00a0<a href=\"https:\/\/www.esteri.it\/it\/servizi-consolari-e-visti\/italiani-all-estero\/notifiche_estero\/\">questa pagina<\/a>.<\/p>\n<p>Per\u00a0<strong>maggiori informazioni sulle modalit\u00e0 di cooperazione giudiziaria internazionale tra Italia e Algeria<\/strong>\u00a0si invita a consultare le Convenzioni bilaterali o, eventualmente, a contattare l\u2019Ambasciata d\u2019Italia ad Algeri.<\/p>\n","protected":false},"excerpt":{"rendered":"L&#8217;attivit\u00e0 di notificazione\u00a0\u00e8 una fase fondamentale dei processi civili, penali, tributari, amministrativi, fallimentari e del lavoro, nonch\u00e9 di alcune fasi pre-processuali o amministrative, che d\u00e0 la conoscenza legale di un provvedimento mediante la consegna di un atto, giudiziario o extragiudiziario, da parte di un particolare soggetto notificatore, secondo precise modalit\u00e0. Si distingue tra\u00a0notifiche a soggetti [&hellip;]","protected":false},"author":4,"featured_media":0,"parent":47,"menu_order":45,"comment_status":"closed","ping_status":"closed","template":"","meta":{"footnotes":""},"class_list":["post-485","page","type-page","status-publish","hentry"],"_links":{"self":[{"href":"https:\/\/ambalgeri.esteri.it\/it\/wp-json\/wp\/v2\/pages\/485","targetHints":{"allow":["GET"]}}],"collection":[{"href":"https:\/\/ambalgeri.esteri.it\/it\/wp-json\/wp\/v2\/pages"}],"about":[{"href":"https:\/\/ambalgeri.esteri.it\/it\/wp-json\/wp\/v2\/types\/page"}],"author":[{"embeddable":true,"href":"https:\/\/ambalgeri.esteri.it\/it\/wp-json\/wp\/v2\/users\/4"}],"replies":[{"embeddable":true,"href":"https:\/\/ambalgeri.esteri.it\/it\/wp-json\/wp\/v2\/comments?post=485"}],"version-history":[{"count":3,"href":"https:\/\/ambalgeri.esteri.it\/it\/wp-json\/wp\/v2\/pages\/485\/revisions"}],"predecessor-version":[{"id":594,"href":"https:\/\/ambalgeri.esteri.it\/it\/wp-json\/wp\/v2\/pages\/485\/revisions\/594"}],"up":[{"embeddable":true,"href":"https:\/\/ambalgeri.esteri.it\/it\/wp-json\/wp\/v2\/pages\/47"}],"wp:attachment":[{"href":"https:\/\/ambalgeri.esteri.it\/it\/wp-json\/wp\/v2\/media?parent=485"}],"curies":[{"name":"wp","href":"https:\/\/api.w.org\/{rel}","templated":true}]}}