{"id":529,"date":"2023-07-05T14:39:28","date_gmt":"2023-07-05T12:39:28","guid":{"rendered":"https:\/\/ambalgeri.esteri.it\/?page_id=529"},"modified":"2023-07-05T14:40:53","modified_gmt":"2023-07-05T12:40:53","slug":"riconoscimento-di-sentenze-straniere","status":"publish","type":"page","link":"https:\/\/ambalgeri.esteri.it\/it\/servizi-consolari-e-visti\/servizi-per-il-cittadino-italiano\/stato-civile\/riconoscimento-di-sentenze-straniere\/","title":{"rendered":"Riconoscimento di sentenze straniere (divorzio, adozione, cambiamento di nome o cognome o altro)"},"content":{"rendered":"<p>La legge di diritto internazionale privato n. 218\/1995 prevede, quale regola generale, l\u2019automatica efficacia in Italia di sentenze straniere che rispettino alcuni requisiti basilari di compatibilit\u00e0 con l\u2019ordinamento italiano.<\/p>\n<p>I provvedimenti stranieri\u00a0 devono per\u00f2 essere trascritti presso il Comune italiano competente.<\/p>\n<p>Le sentenze straniere, munite di legalizzazione e traduzione in italiano, possono essere presentate\u00a0 per la trascrizione in Italia:<\/p>\n<ul>\n<li>al Comune italiano, direttamente dall\u2019interessato;<\/li>\n<li>oppure al Consolato italiano nella cui circoscrizione \u00e8 stata emessa la sentenza.<\/li>\n<\/ul>\n<p>Per richiedere la trascrizione \u00e8 necessario esibire un documento di identit\u00e0 in corso di validit\u00e0 e produrre:<\/p>\n<ul>\n<li>istanza di trasmissione della sentenza sotto forma di dichiarazione sostitutiva di atto notorio resa ai sensi dell\u2019art. 47 del DPR 445\/2000 attestante la sussistenza dei requisiti di cui all\u2019art. 64 della legge 218\/1995 nella quale si dichiara che la sentenza \u00e8 passata in giudicato (se ci\u00f2 non compare nel testo della sentenza), che non \u00e8 contraria ad altre sentenze pronunciate da un giudice italiano e che non pende un giudizio davanti a un giudice italiano per il medesimo oggetto e fra le stesse parti;<\/li>\n<li>copia integrale autenticata della sentenza completa dei requisiti di cui all\u2019art. 64, debitamente legalizzata e tradotta;<\/li>\n<li>certificato di non appello al divorzio del Tribunale algerino, legalizzato e con traduzione ufficiale in italiano;<\/li>\n<li>certificato di esecuzione della sentenza di divorzio emesso dal Tribunale algerino, legalizzato e con traduzione ufficiale in italiano;<\/li>\n<li>fotocopia del passaporto italiano.<\/li>\n<\/ul>\n<p>L\u2019Ufficiale dello stato civile italiano deve verificare inoltre che la sentenza non produca effetti contrari all\u2019 ordine pubblico.<\/p>\n","protected":false},"excerpt":{"rendered":"La legge di diritto internazionale privato n. 218\/1995 prevede, quale regola generale, l\u2019automatica efficacia in Italia di sentenze straniere che rispettino alcuni requisiti basilari di compatibilit\u00e0 con l\u2019ordinamento italiano. I provvedimenti stranieri\u00a0 devono per\u00f2 essere trascritti presso il Comune italiano competente. Le sentenze straniere, munite di legalizzazione e traduzione in italiano, possono essere presentate\u00a0 per [&hellip;]","protected":false},"author":4,"featured_media":0,"parent":68,"menu_order":0,"comment_status":"closed","ping_status":"closed","template":"","meta":{"footnotes":""},"class_list":["post-529","page","type-page","status-publish","hentry"],"_links":{"self":[{"href":"https:\/\/ambalgeri.esteri.it\/it\/wp-json\/wp\/v2\/pages\/529","targetHints":{"allow":["GET"]}}],"collection":[{"href":"https:\/\/ambalgeri.esteri.it\/it\/wp-json\/wp\/v2\/pages"}],"about":[{"href":"https:\/\/ambalgeri.esteri.it\/it\/wp-json\/wp\/v2\/types\/page"}],"author":[{"embeddable":true,"href":"https:\/\/ambalgeri.esteri.it\/it\/wp-json\/wp\/v2\/users\/4"}],"replies":[{"embeddable":true,"href":"https:\/\/ambalgeri.esteri.it\/it\/wp-json\/wp\/v2\/comments?post=529"}],"version-history":[{"count":3,"href":"https:\/\/ambalgeri.esteri.it\/it\/wp-json\/wp\/v2\/pages\/529\/revisions"}],"predecessor-version":[{"id":532,"href":"https:\/\/ambalgeri.esteri.it\/it\/wp-json\/wp\/v2\/pages\/529\/revisions\/532"}],"up":[{"embeddable":true,"href":"https:\/\/ambalgeri.esteri.it\/it\/wp-json\/wp\/v2\/pages\/68"}],"wp:attachment":[{"href":"https:\/\/ambalgeri.esteri.it\/it\/wp-json\/wp\/v2\/media?parent=529"}],"curies":[{"name":"wp","href":"https:\/\/api.w.org\/{rel}","templated":true}]}}