{"id":550,"date":"2023-07-09T18:31:12","date_gmt":"2023-07-09T16:31:12","guid":{"rendered":"https:\/\/ambalgeri.esteri.it\/?page_id=550"},"modified":"2023-09-10T19:52:09","modified_gmt":"2023-09-10T17:52:09","slug":"universita","status":"publish","type":"page","link":"https:\/\/ambalgeri.esteri.it\/it\/servizi-consolari-e-visti\/servizi-per-il-cittadino-straniero\/studio\/universita\/","title":{"rendered":"Universit\u00e0"},"content":{"rendered":"<h5>Universit\u00e0 statali in Italia<\/h5>\n<p>Elenco delle 61 <a href=\"https:\/\/www.mur.gov.it\/it\/aree-tematiche\/universita\/le-universita\/universita-statali\">Universit\u00e0 statali in Italia<\/a>, a cura del Ministero dell&#8217;Universit\u00e0 e della Ricerca<\/p>\n<p>&nbsp;<\/p>\n","protected":false},"excerpt":{"rendered":"Universit\u00e0 statali in Italia Elenco delle 61 Universit\u00e0 statali in Italia, a cura del Ministero dell&#8217;Universit\u00e0 e della Ricerca &nbsp;","protected":false},"author":4,"featured_media":0,"parent":541,"menu_order":25,"comment_status":"closed","ping_status":"closed","template":"","meta":{"footnotes":""},"class_list":["post-550","page","type-page","status-publish","hentry"],"_links":{"self":[{"href":"https:\/\/ambalgeri.esteri.it\/it\/wp-json\/wp\/v2\/pages\/550","targetHints":{"allow":["GET"]}}],"collection":[{"href":"https:\/\/ambalgeri.esteri.it\/it\/wp-json\/wp\/v2\/pages"}],"about":[{"href":"https:\/\/ambalgeri.esteri.it\/it\/wp-json\/wp\/v2\/types\/page"}],"author":[{"embeddable":true,"href":"https:\/\/ambalgeri.esteri.it\/it\/wp-json\/wp\/v2\/users\/4"}],"replies":[{"embeddable":true,"href":"https:\/\/ambalgeri.esteri.it\/it\/wp-json\/wp\/v2\/comments?post=550"}],"version-history":[{"count":2,"href":"https:\/\/ambalgeri.esteri.it\/it\/wp-json\/wp\/v2\/pages\/550\/revisions"}],"predecessor-version":[{"id":789,"href":"https:\/\/ambalgeri.esteri.it\/it\/wp-json\/wp\/v2\/pages\/550\/revisions\/789"}],"up":[{"embeddable":true,"href":"https:\/\/ambalgeri.esteri.it\/it\/wp-json\/wp\/v2\/pages\/541"}],"wp:attachment":[{"href":"https:\/\/ambalgeri.esteri.it\/it\/wp-json\/wp\/v2\/media?parent=550"}],"curies":[{"name":"wp","href":"https:\/\/api.w.org\/{rel}","templated":true}]}}