{"id":660,"date":"2023-09-08T17:13:08","date_gmt":"2023-09-08T15:13:08","guid":{"rendered":"https:\/\/ambalgeri.esteri.it\/?page_id=660"},"modified":"2024-05-30T18:29:16","modified_gmt":"2024-05-30T16:29:16","slug":"messaggio-alla-comunita-algerina","status":"publish","type":"page","link":"https:\/\/ambalgeri.esteri.it\/it\/chi-siamo\/lambasciatore\/messaggio-alla-comunita-algerina\/","title":{"rendered":"Messaggio alla comunit\u00e0 algerina"},"content":{"rendered":"<p><iframe loading=\"lazy\" src=\"https:\/\/www.youtube.com\/embed\/FONms8U35QM\" width=\"420\" height=\"315\"><br \/>\n<span data-mce-type=\"bookmark\" style=\"display: inline-block; width: 0px; overflow: hidden; line-height: 0;\" class=\"mce_SELRES_start\"><span data-mce-type=\"bookmark\" style=\"display: inline-block; width: 0px; overflow: hidden; line-height: 0;\" class=\"mce_SELRES_start\">\ufeff<\/span>\ufeff<\/span><\/iframe><\/p>\n<p style=\"text-align: justify;\">Chers Alg\u00e9riens et ch\u00e8res Alg\u00e9riennes,<\/p>\n<p style=\"text-align: justify;\">Je suis Alberto Cutillo et je suis le nouvel Ambassadeur d&#8217;Italie en Alg\u00e9rie depuis environ un mois maintenant.<\/p>\n<p style=\"text-align: justify;\">En tant qu&#8217;Ambassadeur d&#8217;Italie dans ce beau pays, un poste que j&#8217;assume avec beaucoup d&#8217;\u00e9motion et de responsabilit\u00e9, je souhaite vous adresser \u00e0 tous un salut chaleureux.<\/p>\n<p style=\"text-align: justify;\">D\u00e8s mon arriv\u00e9e \u00e0 Alger, j\u2019ai ressenti fortement le poids de l\u2019histoire qui rapproche L\u2019Italie de l\u2019Alg\u00e9rie, deux pays fr\u00e8res, unis par de solides liens d\u2019amiti\u00e9 qui plongent leurs racines dans un pass\u00e9 profond et dans l\u2019appartenance commune m\u00e9diterran\u00e9enne. Les relations entre nos deux pays sont excellentes tant du point de vue politique que du point de vue \u00e9conomique et culturel et l\u2019Alg\u00e9rie est pour l\u2019Italie un partenaire strat\u00e9gique sur lequel nous savons pouvoir compter.<\/p>\n<p style=\"text-align: justify;\">Beaucoup a \u00e9t\u00e9 fait pour approfondir et diversifier nos relations fraternelles, mais il y a certainement place pour un renforcement ult\u00e9rieur, plus d\u2019\u00e9tapes \u00e0 franchir et plus d\u2019opportunit\u00e9s \u00e0 saisir ensemble. Mes collaborateurs et moi-m\u00eame mettrons tout en \u0153uvre pour que cela se concr\u00e9tise dans tous les domaines de collaboration.<\/p>\n<p style=\"text-align: justify;\">Outre les consultations toujours fructueuses au niveau politique, aliment\u00e9es par des rendez-vous institutionnels et de fr\u00e9quents \u00e9changes de visites, je pense aussi au volet culturel qui permet \u00e0 la fois de tisser et de d\u00e9velopper des liens sociaux pour une meilleure compr\u00e9hension et un \u00e9change plus important entre nos deux peuples. A en t\u00e9moigner, l\u2019excellent travail accompli par l\u2019Institut Italien de Culture dans l\u2019organisation d\u2019\u00e9v\u00e9nements et de diverses activit\u00e9s artistiques destin\u00e9s \u00e0 faire mieux conna\u00eetre la culture et la langue italienne dans ce pays et auxquels vous \u00eates tous invit\u00e9s \u00e0 participer.<\/p>\n<p style=\"text-align: justify;\">Un autre pilier essentiel dans la collaboration entre nos deux pays est le secteur \u00e9conomico-commercial, o\u00f9 l\u2019engagement de l\u2019Ambassade et de l\u2019Agence Italienne pour la Promotion des Echanges \u2013ICE- est tr\u00e8s important et tr\u00e8s pr\u00e9sent.\u00a0 Dans ce domaine, le partenariat \u00e9nerg\u00e9tique est certainement fort et de longue date entre l\u2019Italie et l\u2019Alg\u00e9rie.<\/p>\n<p style=\"text-align: justify;\">Comme c\u2019est aussi le cas pour les grandes entreprises italiennes pr\u00e9sentent en Alg\u00e9rie depuis une longue p\u00e9riode et qui op\u00e8rent \u00e0 titre d\u2019exemple dans le secteur des infrastructures et de travaux publics. Mais je consid\u00e8re qu\u2019au-del\u00e0 des \u00e9changes \u00e9conomiques d\u00e9j\u00e0 consolid\u00e9s, il faut penser \u00e0 d\u00e9velopper de nouvelles formes de collaboration dans des secteurs qui permettent aussi aux petites et moyennes entreprises italiennes et alg\u00e9riennes de travailler ensemble, notamment dans le domaine de l\u2019agro-alimentaire, des nouvelles technologies, du pharmaceutique, des start-up et dans bien d\u2019autres activit\u00e9s qui rel\u00e8vent du secteur \u00e9conomico-commercial.<\/p>\n<p style=\"text-align: justify;\">On pourra relever tous ces d\u00e9fis gr\u00e2ce \u00e0 la contribution fondamentale du consulat d\u2019Italie et de sa remarquable et comp\u00e9tente \u00e9quipe qui, \u00e0 travers l\u2019utilisation de nouvelles technologies, accompagne au quotidien nos compatriotes et nos amis alg\u00e9riens pour r\u00e9pondre \u00e0 leurs questions et faciliter la mobilit\u00e9 entre nos deux pays.<\/p>\n<p style=\"text-align: justify;\">Les d\u00e9fis sont donc nombreux et mes collaborateurs et moi-m\u00eame sommes pr\u00eats \u00e0 mettre toute notre \u00e9nergie au service d\u2019une relation toujours plus vari\u00e9e, dynamique et concr\u00e8te entre l\u2019Italie et l\u2019Alg\u00e9rie.<\/p>\n<p style=\"text-align: justify;\">Vive l\u2019Italie, Vive l\u2019Alg\u00e9rie!<\/p>\n","protected":false},"excerpt":{"rendered":"\ufeff\ufeff Chers Alg\u00e9riens et ch\u00e8res Alg\u00e9riennes, Je suis Alberto Cutillo et je suis le nouvel Ambassadeur d&#8217;Italie en Alg\u00e9rie depuis environ un mois maintenant. En tant qu&#8217;Ambassadeur d&#8217;Italie dans ce beau pays, un poste que j&#8217;assume avec beaucoup d&#8217;\u00e9motion et de responsabilit\u00e9, je souhaite vous adresser \u00e0 tous un salut chaleureux. D\u00e8s mon arriv\u00e9e \u00e0 [&hellip;]","protected":false},"author":4,"featured_media":0,"parent":38,"menu_order":0,"comment_status":"closed","ping_status":"closed","template":"","meta":{"footnotes":""},"class_list":["post-660","page","type-page","status-publish","hentry"],"_links":{"self":[{"href":"https:\/\/ambalgeri.esteri.it\/it\/wp-json\/wp\/v2\/pages\/660","targetHints":{"allow":["GET"]}}],"collection":[{"href":"https:\/\/ambalgeri.esteri.it\/it\/wp-json\/wp\/v2\/pages"}],"about":[{"href":"https:\/\/ambalgeri.esteri.it\/it\/wp-json\/wp\/v2\/types\/page"}],"author":[{"embeddable":true,"href":"https:\/\/ambalgeri.esteri.it\/it\/wp-json\/wp\/v2\/users\/4"}],"replies":[{"embeddable":true,"href":"https:\/\/ambalgeri.esteri.it\/it\/wp-json\/wp\/v2\/comments?post=660"}],"version-history":[{"count":4,"href":"https:\/\/ambalgeri.esteri.it\/it\/wp-json\/wp\/v2\/pages\/660\/revisions"}],"predecessor-version":[{"id":1632,"href":"https:\/\/ambalgeri.esteri.it\/it\/wp-json\/wp\/v2\/pages\/660\/revisions\/1632"}],"up":[{"embeddable":true,"href":"https:\/\/ambalgeri.esteri.it\/it\/wp-json\/wp\/v2\/pages\/38"}],"wp:attachment":[{"href":"https:\/\/ambalgeri.esteri.it\/it\/wp-json\/wp\/v2\/media?parent=660"}],"curies":[{"name":"wp","href":"https:\/\/api.w.org\/{rel}","templated":true}]}}