{"id":708,"date":"2023-09-10T16:40:49","date_gmt":"2023-09-10T14:40:49","guid":{"rendered":"https:\/\/ambalgeri.esteri.it\/?page_id=708"},"modified":"2023-10-24T16:29:15","modified_gmt":"2023-10-24T14:29:15","slug":"infomercatiesteri","status":"publish","type":"page","link":"https:\/\/ambalgeri.esteri.it\/it\/italia-e-algeria\/diplomazia-economica\/fare-affari-in-algeria\/infomercatiesteri\/","title":{"rendered":"Infomercatiesteri"},"content":{"rendered":"<p>Per tutte le informazioni relative alle relazioni economico-commerciali tra Italia ed Algeria, nonch\u00e9 alle opportunit\u00e0 di commercio e investimenti offerte dal Paese, \u00e8 possibile consultare &#8220;InfoMercatiEsteri&#8221;, il portale del Ministero degli Affari Esteri e della Cooperazione Internazionale, aggiornato dall&#8217;Ufficio commerciale dell&#8217;Ambasciata d&#8217;Italia ad Algeri e dall&#8217;Ufficio ICE ad Algeri:\u00a0<a href=\"http:\/\/www.infomercatiesteri.it\/paese.php?id_paesi=98\">InfoMercatiEsteri &#8211; Algeria<\/a><\/p>\n<p><a href=\"http:\/\/www.infomercatiesteri.it\/paese.php?id_paesi=98\"><img loading=\"lazy\" decoding=\"async\" src=\"https:\/\/ambalgeri.esteri.it\/wp-content\/uploads\/2023\/10\/infomercatiesteri-logo.jpg\" alt=\"infomercatiesteri logo\" width=\"794\" height=\"129\" \/><\/a><\/p>\n","protected":false},"excerpt":{"rendered":"Per tutte le informazioni relative alle relazioni economico-commerciali tra Italia ed Algeria, nonch\u00e9 alle opportunit\u00e0 di commercio e investimenti offerte dal Paese, \u00e8 possibile consultare &#8220;InfoMercatiEsteri&#8221;, il portale del Ministero degli Affari Esteri e della Cooperazione Internazionale, aggiornato dall&#8217;Ufficio commerciale dell&#8217;Ambasciata d&#8217;Italia ad Algeri e dall&#8217;Ufficio ICE ad Algeri:\u00a0InfoMercatiEsteri &#8211; Algeria","protected":false},"author":4,"featured_media":0,"parent":95,"menu_order":0,"comment_status":"closed","ping_status":"closed","template":"","meta":{"footnotes":""},"class_list":["post-708","page","type-page","status-publish","hentry"],"_links":{"self":[{"href":"https:\/\/ambalgeri.esteri.it\/it\/wp-json\/wp\/v2\/pages\/708","targetHints":{"allow":["GET"]}}],"collection":[{"href":"https:\/\/ambalgeri.esteri.it\/it\/wp-json\/wp\/v2\/pages"}],"about":[{"href":"https:\/\/ambalgeri.esteri.it\/it\/wp-json\/wp\/v2\/types\/page"}],"author":[{"embeddable":true,"href":"https:\/\/ambalgeri.esteri.it\/it\/wp-json\/wp\/v2\/users\/4"}],"replies":[{"embeddable":true,"href":"https:\/\/ambalgeri.esteri.it\/it\/wp-json\/wp\/v2\/comments?post=708"}],"version-history":[{"count":3,"href":"https:\/\/ambalgeri.esteri.it\/it\/wp-json\/wp\/v2\/pages\/708\/revisions"}],"predecessor-version":[{"id":1260,"href":"https:\/\/ambalgeri.esteri.it\/it\/wp-json\/wp\/v2\/pages\/708\/revisions\/1260"}],"up":[{"embeddable":true,"href":"https:\/\/ambalgeri.esteri.it\/it\/wp-json\/wp\/v2\/pages\/95"}],"wp:attachment":[{"href":"https:\/\/ambalgeri.esteri.it\/it\/wp-json\/wp\/v2\/media?parent=708"}],"curies":[{"name":"wp","href":"https:\/\/api.w.org\/{rel}","templated":true}]}}