{"id":73,"date":"2023-04-11T18:19:45","date_gmt":"2023-04-11T16:19:45","guid":{"rendered":"https:\/\/ambasciatapraga.esteri.it\/?page_id=73"},"modified":"2026-03-11T12:41:54","modified_gmt":"2026-03-11T11:41:54","slug":"traduzione-e-legalizzazione-dei-documenti","status":"publish","type":"page","link":"https:\/\/ambalgeri.esteri.it\/it\/servizi-consolari-e-visti\/servizi-per-il-cittadino-straniero\/traduzione-e-legalizzazione-dei-documenti\/","title":{"rendered":"Traduzione e legalizzazione dei documenti"},"content":{"rendered":"<p>Per poter essere fatti valere in Italia, gli atti e i documenti rilasciati da autorit\u00e0 straniere devono essere legalizzati dalle rappresentanze diplomatico-consolari italiane all\u2019estero competenti per il Paese di emissione degli stessi.<\/p>\n<p><strong>Procedura per la richiesta di legalizzazione di documenti<\/strong><br \/>\nPer procedere alla legalizzazione di atti e documenti emessi dalle autorit\u00e0 algerine il richiedente, ossia l\u2019intestatario dei documenti, dovr\u00e0 presentare la documentazione algerina in originale, previamente legalizzata dal Ministero degli Esteri algerino e successivamente tradotta da un traduttore ufficiale (<a href=\"https:\/\/ambalgeri.esteri.it\/wp-content\/uploads\/2026\/03\/AMBALGERI_elenco-traduttori-giurati-marzo-2026.docx\">elenco traduttori giurati<\/a>) La traduzione del documento deve recare il timbro \u201cper traduzione conforme\u201d. La richiesta di legalizzazione deve essere formulata attraverso l\u2019apposito formulario (<a href=\"https:\/\/ambalgeri.esteri.it\/it\/news\/multimedia\/modulistica\/\">modulistica<\/a>), da compilare accuratamente.<\/p>\n<p><strong>Dove presentare la documentazione e come prenotare il servizio<\/strong><br \/>\nIl servizio di legalizzazione dei documenti \u00e8 effettuato esclusivamente dalla Cancelleria Consolare dell&#8217;Ambasciata d&#8217;Italia.<br \/>\nIl richiedente pu\u00f2 presentare la documentazione e richiedere il servizio direttamente presso la Cancelleria Consolare (e in questo caso dovr\u00e0 richiedere un appuntamento mediante il <a href=\"https:\/\/prenotami.esteri.it\">sistema di prenotazione &#8220;Prenot@mi&#8221;<\/a>) oppure presso l&#8217;agenzia di outsourcing VFS (e in questo caso dovr\u00e0 prenotare l&#8217;appuntamento sul <a href=\"https:\/\/visa.vfsglobal.com\/dza\/fr\/ita\/book-an-appointment\">sito web di VFS<\/a> stessa; non \u00e8 invece possibile prenotare tramite l\u2019applicazione per dispositivi mobili, riservata esclusivamente alla prenotazione degli appuntamenti per il servizio Visti).<br \/>\nI punti dell&#8217;agenzia VFS per la raccolta dei documenti da legalizzare si trovano a:<\/p>\n<div class=\"responsive\">\n<table class=\"table table-bordered table-sm export-table\" width=\"0\">\n<tbody>\n<tr class=\"thead-light\">\n<td width=\"530\"><strong>Adrar<\/strong>\u00a0\u2013 Route de la Saoura, N\u00b006, Mraguen (presso l\u2019albergo Mraguen)<\/td>\n<td width=\"200\">mercoled\u00ec<\/td>\n<td width=\"120\">08h30 \u2013 10h30<\/td>\n<\/tr>\n<tr>\n<td width=\"359\"><strong>Alger<\/strong>\u00a0\u2013 N.1 Rue Bouteldja Houidef, Ben Aknoune<\/td>\n<td width=\"170\">da domenica a gioved\u00ec<\/td>\n<td width=\"95\">08h30 \u2013 10h30<\/td>\n<\/tr>\n<tr>\n<td width=\"359\"><strong>Annaba<\/strong>\u00a0\u2013 17, Avenue RIZZI AMOR<\/td>\n<td width=\"170\">domenica e marted\u00ec<\/td>\n<td width=\"95\">08h30 \u2013 10h30<\/td>\n<\/tr>\n<tr>\n<td width=\"359\"><strong>Bejaia<\/strong>\u00a0\u2013 Hotel Chrea, 04 Bd Krim Belkacem<\/td>\n<td width=\"170\">da domenica a marted\u00ec<\/td>\n<td width=\"95\">08h30 \u2013 10h30<\/td>\n<\/tr>\n<tr>\n<td width=\"359\"><strong>Constantine<\/strong>\u00a0\u2013 Rue Docteur Calmette N\u00b018b, Cit\u00e9 des combattants<\/td>\n<td width=\"170\">da domenica a gioved\u00ec<\/td>\n<td width=\"95\">08h30 \u2013 10h30<\/td>\n<\/tr>\n<tr>\n<td width=\"359\"><strong>Ghardaia<\/strong>\u00a0\u2013 OASIS R\u00e9sidence, zone d\u2019activit\u00e9. El Atfa. EN 1<\/td>\n<td width=\"170\">da marted\u00ec a mercoled\u00ec<\/td>\n<td width=\"95\">08h30 \u2013 10h30<\/td>\n<\/tr>\n<tr>\n<td width=\"359\"><strong>Oran<\/strong>\u00a0\u2013 Hai el othmania Angle C Maraval<\/td>\n<td width=\"170\">domenica, luned\u00ec e gioved\u00ec<\/td>\n<td width=\"95\">08h30 \u2013 10h30<\/td>\n<\/tr>\n<tr>\n<td width=\"359\"><strong>Tindouf<\/strong> \u2013 Hotel Khaima 2, cit\u00e9 El Mostakbal<\/td>\n<td width=\"170\">marted\u00ec<\/td>\n<td width=\"95\">08h30 \u2013 10h30<\/td>\n<\/tr>\n<\/tbody>\n<\/table>\n<\/div>\n<p>N.B.: \u00e8 possibile presentarsi <strong>senza appuntamento<\/strong> esclusivamente per la legalizzazione di <strong>certificati medici<\/strong>, documenti relativi a <strong>pratiche pensionistiche<\/strong> e <strong>atti di morte<\/strong>.<\/p>\n<p><strong>Documenti da presentare<\/strong><br \/>\nL\u2019intestatario dei documenti emessi dalle autorit\u00e0 algerine dovr\u00e0 presentare i seguenti documenti:<\/p>\n<ol>\n<li>Formulario di richiesta debitamente compilato come da precedenti indicazioni;<\/li>\n<li>Documento originale gi\u00e0 legalizzato dal Ministero degli Esteri algerino e tradotto da un traduttore ufficiale;<\/li>\n<li>Documento d\u2019identit\u00e0 in corso di validit\u00e0 (preferibilmente passaporto o carta d\u2019identit\u00e0);<\/li>\n<li>Somma prevista per il pagamento delle percezioni consolari secondo la tariffa in vigore (<a href=\"https:\/\/ambalgeri.esteri.it\/it\/servizi-consolari-e-visti\/servizi-per-il-cittadino-italiano\/albo-consolare-e-altri-servizi\/\">Albo Consolare<\/a>).<\/li>\n<\/ol>\n<p><strong>Come compilare il modulo di richiesta di legalizzazione di documenti<\/strong><\/p>\n<ol>\n<li>Completare il formulario con tutti i dati personali richiesti;<\/li>\n<li>Spuntare dall\u2019elenco la tipologia dei documenti da legalizzare;<\/li>\n<li>Indicare la motivazione per cui viene richiesta la legalizzazione dei documenti (ad es., ricongiungimento familiare, richiesta cittadinanza italiana, trascrizione atti di stato civile, ecc.).<\/li>\n<\/ol>\n<p><strong>Delega di una terza persona<\/strong><br \/>\nSe l\u2019intestatario della documentazione algerina \u00e8 impossibilitato a presentarsi personalmente, potr\u00e0 delegare una terza persona al suo posto.<br \/>\nA tal fine, il delegato dovr\u00e0 presentare:<\/p>\n<ol>\n<li>Apposita delega\/procura predisposta dal delegante intestatario dei documenti algerini, nella quale andranno riportate le generalit\u00e0 della persona autorizzata\/delegata (dati anagrafici e residenza) unitamente agli estremi del documento d\u2019identit\u00e0 di quest\u2019ultima;<\/li>\n<li>Proprio documento d\u2019identit\u00e0 in corso di validit\u00e0 (preferibilmente passaporto o carta d\u2019identit\u00e0);<\/li>\n<li>Copia del documento d\u2019identit\u00e0 del delegante, intestatario dei documenti algerini, in corso di validit\u00e0 (preferibilmente passaporto o carta di identit\u00e0). Se questi \u00e8 un cittadino algerino residente stabilmente in Italia, titolare di un permesso di soggiorno, dovranno essere altres\u00ec consegnati la copia del permesso di soggiorno in corso di validit\u00e0, e copia della carta d\u2019identit\u00e0 rilasciata dal competente Comune italiano.<\/li>\n<li>Formulario di richiesta o copia dello stesso debitamente compilato dall\u2019intestatario dei documenti e sottoscritto dallo stesso;<\/li>\n<li>Documento originale gi\u00e0 legalizzato dal Ministero degli Esteri algerino e tradotto da un traduttore Ufficiale;<\/li>\n<li>Somma prevista per il pagamento delle percezioni consolari secondo la tariffa in vigore (<a href=\"https:\/\/ambalgeri.esteri.it\/it\/servizi-consolari-e-visti\/servizi-per-il-cittadino-italiano\/albo-consolare-e-altri-servizi\/\">Albo Consolare<\/a>), pi\u00f9 la somma dovuta per il servizio dell&#8217;agenzia VFS (nel caso si opti per tale possibilit\u00e0).<\/li>\n<\/ol>\n<p>&nbsp;<\/p>\n<p><strong>AVVISO<\/strong><br \/>\nL\u2019Ambasciata d\u2019Italia ad Algeri non \u00e8 responsabile del servizio prestato dai traduttori ufficiali n\u00e9 dell\u2019onorario da essi applicato.\u00a0Al contempo, in base alla legge vigente, si informa che gli atti non possono essere legalizzati ove venga accertata dalla Cancelleria Consolare la\u00a0non conformit\u00e0\u00a0della traduzione degli stessi. Per tale ragione, si invitano i gentili utenti a prestare\u00a0massima attenzione\u00a0alla qualit\u00e0 dei servizi richiesti ai traduttori ufficiali.<\/p>\n<p>Al contempo,\u00a0l\u2019Ambasciata d\u2019Italia ad Algeri si riserva di segnalare alle competenti autorit\u00e0 algerine ogni possibile criticit\u00e0 del servizio prestato nei confronti del pubblico dai traduttori-interpreti ufficiali per i successivi, eventuali accertamenti del caso.<\/p>\n","protected":false},"excerpt":{"rendered":"Per poter essere fatti valere in Italia, gli atti e i documenti rilasciati da autorit\u00e0 straniere devono essere legalizzati dalle rappresentanze diplomatico-consolari italiane all\u2019estero competenti per il Paese di emissione degli stessi. Procedura per la richiesta di legalizzazione di documenti Per procedere alla legalizzazione di atti e documenti emessi dalle autorit\u00e0 algerine il richiedente, ossia [&hellip;]","protected":false},"author":1,"featured_media":0,"parent":48,"menu_order":90,"comment_status":"closed","ping_status":"closed","template":"","meta":{"footnotes":""},"class_list":["post-73","page","type-page","status-publish","hentry"],"_links":{"self":[{"href":"https:\/\/ambalgeri.esteri.it\/it\/wp-json\/wp\/v2\/pages\/73","targetHints":{"allow":["GET"]}}],"collection":[{"href":"https:\/\/ambalgeri.esteri.it\/it\/wp-json\/wp\/v2\/pages"}],"about":[{"href":"https:\/\/ambalgeri.esteri.it\/it\/wp-json\/wp\/v2\/types\/page"}],"author":[{"embeddable":true,"href":"https:\/\/ambalgeri.esteri.it\/it\/wp-json\/wp\/v2\/users\/1"}],"replies":[{"embeddable":true,"href":"https:\/\/ambalgeri.esteri.it\/it\/wp-json\/wp\/v2\/comments?post=73"}],"version-history":[{"count":8,"href":"https:\/\/ambalgeri.esteri.it\/it\/wp-json\/wp\/v2\/pages\/73\/revisions"}],"predecessor-version":[{"id":2501,"href":"https:\/\/ambalgeri.esteri.it\/it\/wp-json\/wp\/v2\/pages\/73\/revisions\/2501"}],"up":[{"embeddable":true,"href":"https:\/\/ambalgeri.esteri.it\/it\/wp-json\/wp\/v2\/pages\/48"}],"wp:attachment":[{"href":"https:\/\/ambalgeri.esteri.it\/it\/wp-json\/wp\/v2\/media?parent=73"}],"curies":[{"name":"wp","href":"https:\/\/api.w.org\/{rel}","templated":true}]}}