{"id":737,"date":"2023-09-10T18:06:48","date_gmt":"2023-09-10T16:06:48","guid":{"rendered":"https:\/\/ambalgeri.esteri.it\/?page_id=737"},"modified":"2023-09-10T18:06:48","modified_gmt":"2023-09-10T16:06:48","slug":"norme-ed-incentivi","status":"publish","type":"page","link":"https:\/\/ambalgeri.esteri.it\/it\/italia-e-algeria\/diplomazia-economica\/fare-affari-in-italia\/norme-ed-incentivi\/","title":{"rendered":"Norme ed incentivi"},"content":{"rendered":"<p class=\"boxLevel03\"><img decoding=\"async\" src=\"https:\/\/ambalgeri.esteri.it\/resource\/2005\/03\/58_f_amb61item0993.gif\" alt=\"\" border=\"0\" \/>\u00a0<a href=\"http:\/\/www.invitalia.it\/on-line\/eng\/Home.html\" target=\"_blank\" rel=\"noopener\"><strong>Il sito web di\u00a0Invitalia<\/strong><\/a><\/p>\n<p><strong><br \/>\n<\/strong>L\u2019Italia ha recentemente introdotto riforme importanti nel mercato del lavoro, del credito, dell\u2019energia, della Pubblica Amministrazione. Filo conduttore degli interventi \u00e8 stato l\u2019adeguamento delle regole a quelle dei Paesi pi\u00f9 avanzati, al fine di rendere il Sistema Italia pi\u00f9 attraente per gli operatori economici e pi\u00f9 competitivo nel confronto internazionale. Il sito <a href=\"http:\/\/www.invitalia.it\/on-line\/eng\/Home.html\" target=\"_blank\" rel=\"noopener\"><strong><u>Invitalia<\/u><\/strong><\/a>\u00a0offre informazioni accurate, in due lingue, sulle opportunit\u00e0 per fare impresa e produrre in Italia alla luce delle recenti riforme economiche realizzate.<\/p>\n","protected":false},"excerpt":{"rendered":"\u00a0Il sito web di\u00a0Invitalia L\u2019Italia ha recentemente introdotto riforme importanti nel mercato del lavoro, del credito, dell\u2019energia, della Pubblica Amministrazione. Filo conduttore degli interventi \u00e8 stato l\u2019adeguamento delle regole a quelle dei Paesi pi\u00f9 avanzati, al fine di rendere il Sistema Italia pi\u00f9 attraente per gli operatori economici e pi\u00f9 competitivo nel confronto internazionale. Il [&hellip;]","protected":false},"author":4,"featured_media":0,"parent":97,"menu_order":0,"comment_status":"closed","ping_status":"closed","template":"","meta":{"footnotes":""},"class_list":["post-737","page","type-page","status-publish","hentry"],"_links":{"self":[{"href":"https:\/\/ambalgeri.esteri.it\/it\/wp-json\/wp\/v2\/pages\/737","targetHints":{"allow":["GET"]}}],"collection":[{"href":"https:\/\/ambalgeri.esteri.it\/it\/wp-json\/wp\/v2\/pages"}],"about":[{"href":"https:\/\/ambalgeri.esteri.it\/it\/wp-json\/wp\/v2\/types\/page"}],"author":[{"embeddable":true,"href":"https:\/\/ambalgeri.esteri.it\/it\/wp-json\/wp\/v2\/users\/4"}],"replies":[{"embeddable":true,"href":"https:\/\/ambalgeri.esteri.it\/it\/wp-json\/wp\/v2\/comments?post=737"}],"version-history":[{"count":1,"href":"https:\/\/ambalgeri.esteri.it\/it\/wp-json\/wp\/v2\/pages\/737\/revisions"}],"predecessor-version":[{"id":738,"href":"https:\/\/ambalgeri.esteri.it\/it\/wp-json\/wp\/v2\/pages\/737\/revisions\/738"}],"up":[{"embeddable":true,"href":"https:\/\/ambalgeri.esteri.it\/it\/wp-json\/wp\/v2\/pages\/97"}],"wp:attachment":[{"href":"https:\/\/ambalgeri.esteri.it\/it\/wp-json\/wp\/v2\/media?parent=737"}],"curies":[{"name":"wp","href":"https:\/\/api.w.org\/{rel}","templated":true}]}}